{"id":587,"date":"2017-07-24T15:24:56","date_gmt":"2017-07-24T15:24:56","guid":{"rendered":"http:\/\/swissmentalhealthcare.ch\/smhc\/?page_id=587"},"modified":"2023-01-18T09:19:03","modified_gmt":"2023-01-18T09:19:03","slug":"103-2","status":"publish","type":"page","link":"https:\/\/swissmentalhealthcare.ch\/smhc\/respektvolle-wahrnehmung\/recovery\/103-2\/","title":{"rendered":"Handlungsfeld: Recovery <br>Adressaten: Professionals\/Institutionen"},"content":{"rendered":"<table>\n<tbody>\n<tr>\n<td style=\"text-align: center;\"><strong>Klinik \/ Ansprechperson<\/strong><\/td>\n<td style=\"background-color: #d8e4bc; text-align: center;\"><strong style=\"font-family: inherit; font-size: inherit;\">Handlungsfeld: Recovery<\/strong><br \/>\n<strong>Adressaten: Professionals\/Institutionen<\/strong><\/td>\n<\/tr>\n<tr>\n<td style=\"background-color: #d8e4bc;\"><strong>Psychiatrie\u00a0 St. Gallen\u00a0 &#8211; Klinik St. Pirminsberg in Pf\u00e4fers<br \/>\n<\/strong><strong style=\"font-family: inherit; font-size: inherit;\">Gerda Malojer<br \/>\n<\/strong><a href=\"mailto:gerda.malojer@psychiatrie-sg.ch\"><strong>gerda.malojer@psychiatrie-sg.ch<\/strong><\/a><strong style=\"font-family: inherit; font-size: inherit;\"><br \/>\n<\/strong><\/td>\n<td>\n<ul>\n<li>Recovery als Teil des Wissensmanagements der Institution<\/li>\n<li>Internes Weiterbildungsangebot zum Thema Recovery durch Peermitarbeiter<\/li>\n<li style=\"list-style-type: none;\">Wiederholte Teamschulungen zur Entwicklung einer recovery-orientierten Haltung<\/li>\n<\/ul>\n<\/td>\n<\/tr>\n<tr>\n<td><\/td>\n<td><\/td>\n<\/tr>\n<tr>\n<td style=\"background-color: #d8e4bc;\"><strong>Luzerner Psychiatrie<br \/>\n<\/strong><strong>vakant<\/strong><strong><br \/>\n<\/strong><\/td>\n<td>Wir arbeiten seit 2011 mit Peers, inzwischen sind 200% im Einsatz. Die Ziele bez\u00fcglich Betroffene, Angeh\u00f6rige und Professionals werden erreicht. Die Angebote werden sehr gesch\u00e4tzt und die Haltungs\u00e4nderung ist im Alltag sp\u00fcrbar.<\/td>\n<\/tr>\n<tr>\n<td><\/td>\n<td><\/td>\n<\/tr>\n<tr>\n<td style=\"background-color: #d8e4bc;\"><strong>Clienia Privatklinik Littenheid<br \/>\n<\/strong><strong style=\"font-family: inherit; font-size: inherit;\">Hubert Dietschi<br \/>\n<\/strong><a style=\"font-family: inherit; font-size: inherit;\" href=\"mailto:hubert.dietschi@clienia.ch\"><strong>hubert.dietschi@clienia.ch<\/strong><\/a><strong style=\"font-family: inherit; font-size: inherit;\"><br \/>\n<\/strong><\/td>\n<td>\n<ul>\n<li>Konzept Recovery<\/li>\n<li>Peer-Konzept inkl. Arbeitsvertr\u00e4ge und Regelungen<\/li>\n<li>Integration von Peers (8-10) in die Behandlungsteams<\/li>\n<li>Trialogische Schulung zu Recovery<\/li>\n<\/ul>\n<\/td>\n<\/tr>\n<tr>\n<td><\/td>\n<td><\/td>\n<\/tr>\n<tr>\n<td style=\"background-color: #d8e4bc;\"><strong>PZM Psychiatriezentrum M\u00fcnsingen<br \/>\n<\/strong><strong style=\"font-family: inherit; font-size: inherit;\">Brigitte Egli<br \/>\n<\/strong><a href=\"mailto:brigitte.egli@pzmag.ch\"><strong>brigitte.egli@pzmag.ch<\/strong><\/a><\/td>\n<td>\n<ul>\n<li>Poster Ausstellung<\/li>\n<li>Fotoausstellung<\/li>\n<li>Mittagsveranstaltungen<\/li>\n<li>Diverse Veranstaltungen zum Thema Gesundheit\u00a0 Forum Theater<\/li>\n<\/ul>\n<\/td>\n<\/tr>\n<tr>\n<td><\/td>\n<td><\/td>\n<\/tr>\n<tr>\n<td style=\"background-color: #d8e4bc;\"><strong>Privatklinik Meiringen<br \/>\n<\/strong><strong style=\"font-family: inherit; font-size: inherit;\">Marianne von Dach Nicolay<\/strong><a style=\"font-family: inherit; font-size: inherit;\" href=\"mailto:marianne.vondachnicolay@privatklinik-meiringen.ch\"><strong><br \/>\nmarianne.vondachnicolay@privatklinik-meiringen.ch<\/strong><\/a><\/td>\n<td>\n<ul>\n<li>Recovery als Haltung ist noch zu wenig durchgehend bewusst, strategisch zu wenig verankert in den K\u00f6pfen der einzelnen Personen<\/li>\n<li>Peers geh\u00f6ren zu den interprof. Teams, geben wichtige R\u00fcckmeldungen zur Zusammenarbeit<\/li>\n<\/ul>\n<\/td>\n<\/tr>\n<tr>\n<td><\/td>\n<td><\/td>\n<\/tr>\n<tr>\n<td style=\"background-color: #d8e4bc;\"><strong>Psychiatrischen Dienste Aargau<br \/>\n<\/strong><strong style=\"font-family: inherit; font-size: inherit;\">Eduard Zander<br \/>\n<\/strong><a href=\"mailto:eduard.zander@pdag.ch\"><strong>eduard.zander@pdag.ch<\/strong><\/a><\/td>\n<td>\n<ul>\n<li>Optionen zur Verf\u00fcgung stellen<\/li>\n<li>Gemeinsame individuelle Wege eruieren<\/li>\n<li>Trialogische Sichtweise etablieren<\/li>\n<li>Zeit und Anteilnahme<\/li>\n<li>Eingehen auf die Sichtweise des Gegen\u00fcbers<\/li>\n<\/ul>\n<\/td>\n<\/tr>\n<tr>\n<td><\/td>\n<td><\/td>\n<\/tr>\n<tr>\n<td style=\"background-color: #d8e4bc;\"><strong>Klinik SGM Langenthal<br \/>\n<\/strong><strong>Iris Uffer<br \/>\n<\/strong><a style=\"font-family: inherit; font-size: inherit;\" href=\"mailto:iris.uffer@klinik-sgm.ch\"><strong>iris.uffer@klinik-sgm.ch<\/strong><\/a><\/td>\n<td>\n<ul>\n<li>Optionen zur Verf\u00fcgung stellen: Ja<\/li>\n<li>Gemeinsame individuelle Wege eruieren: ja, im Behandlungsprozess ist dies integriert<\/li>\n<li>Trialogische Sichtweise etablieren: Ja (multidisz. Standortgespr\u00e4che, IDR)<\/li>\n<li>Zeit und Teilnahme: sind gegeben.<\/li>\n<li>Eingehen auf die Sichtweise des Gegen\u00fcber: absolut<\/li>\n<\/ul>\n<\/td>\n<\/tr>\n<tr>\n<td><\/td>\n<td><\/td>\n<\/tr>\n<tr>\n<td style=\"background-color: #d8e4bc;\"><strong>Psychiatrische Dienste Graub\u00fcnden<br \/>\n<\/strong><strong>Andreas Werner-Reisdorf<br \/>\n<a href=\"mailto:andreas.werner-reisdorf@pdgr.ch\">andreas.werner-reisdorf@pdgr.ch<\/a><\/strong><\/td>\n<td>\n<ul>\n<li>Recovery-Schulung Behandlungsteams<\/li>\n<li>Peers in Teams<\/li>\n<li>Personenzentrierte L\u00f6sungsfindung<\/li>\n<li>Ethische Einzelfallbesprechungen<\/li>\n<\/ul>\n<\/td>\n<\/tr>\n<tr>\n<td><\/td>\n<td><\/td>\n<\/tr>\n<tr>\n<td style=\"background-color: #d8e4bc;\"><strong>Integrierte Psychiatrie Winterthur &#8211; Z\u00fcrcher Unterland<br \/>\n<\/strong><strong style=\"font-family: inherit; font-size: inherit;\">Bruno Dolci<br \/>\n<\/strong><strong><a href=\"mailto:bruno.dolci@ipw.ch\">bruno.dolci@ipw.ch<\/a><\/strong><\/td>\n<td>Interprofessionelle Weiterbildungen<\/td>\n<\/tr>\n<tr>\n<td><\/td>\n<td><\/td>\n<\/tr>\n<tr>\n<td style=\"background-color: #d8e4bc;\"><strong>Psychiatrie St. Gallen<br \/>\n<\/strong><strong>Esther Linka<br \/>\n<\/strong><a href=\"mailto:Esther.linka@psychiatrie-sg.ch\"><strong>Esther.linka@psychiatrie-sg.ch <\/strong><\/a><\/td>\n<td>\n<ul>\n<li>Systematischer Aufbau einer Recovery-orientierten Haltung<\/li>\n<li>Interne Weiterbildungen zu Recovery und Umsetzung in der Behandlung<\/li>\n<li>Teilnahme an Netzwerkgruppe \u00abKollegialer Fachaustausch Pflegekr\u00e4fte und Peermitarbeitende in der Psychiatrie\u00bb<\/li>\n<li>Einblick und Praxiserfahrung im Living Museum als Recovery-Academy<\/li>\n<\/ul>\n<\/td>\n<\/tr>\n<tr>\n<td><\/td>\n<td><\/td>\n<\/tr>\n<tr>\n<td style=\"background-color: #d8e4bc;\"><strong>Sanatorium Kilchberg AG<br \/>\n<\/strong><strong style=\"font-family: inherit; font-size: inherit;\">Harald M\u00fcller<br \/>\n<\/strong><a href=\"mailto:h.mueller@sanatorium-kilchberg.ch\"><strong>h.mueller@sanatorium-kilchberg.ch<\/strong><\/a><\/td>\n<td>\n<ul>\n<li>Konzept Recovery<\/li>\n<li>Peer-Konzept inkl. Arbeitsvertr\u00e4ge und Regelungen<\/li>\n<li>Integration von Peers (8-10) in die Behandlungsteams<\/li>\n<li>Trialogische Schulung zu Recovery<\/li>\n<li>Stationskonzepte mit Recoveryorientierung<\/li>\n<li>Leitung von Recovery-Gruppen und Einzelsettings durch Peers<\/li>\n<li>100 Wege um Recovery zu unterst\u00fctzen, ein Leitfaden f\u00fcr psychiatrische Fachpersonen<\/li>\n<li>Mitorganisation Internationaler Psychiatriekongress seelische Gesundheit und RECOVERY, Bern<\/li>\n<li>Posterausstellung: \u00abDie Hoffnung tr\u00e4gt: Zeigen wir Mut zum Dialog!\u00bb<\/li>\n<li>U.a.m.<\/li>\n<\/ul>\n<\/td>\n<\/tr>\n<tr>\n<td><\/td>\n<td><\/td>\n<\/tr>\n<tr>\n<td style=\"background-color: #d8e4bc;\"><strong>Psychiatriezentrum Breitenau<br \/>\n<\/strong><strong>Petra Homburger<br \/>\n<\/strong><a href=\"mailto:petra.homburger@anti-clutterspitaeler-sh.ch\"><strong style=\"font-family: inherit; font-size: inherit;\">petra.homburger@<\/strong><strong style=\"font-family: inherit; font-size: inherit;\">anti-clutter<\/strong><strong style=\"font-family: inherit; font-size: inherit;\">spitaeler-sh.ch<\/strong><\/a><\/td>\n<td>Wir hatten w\u00e4hrend mehrerer Jahre einen &#8222;Patientenrat&#8220;, mit dem es auch regelm\u00e4ssige Veranstaltungen gab. Diese Gruppe hat sich inzwischen verselbst\u00e4ndigt, l\u00e4dt die Patienten der Klinik aber weiterhin zu ihren Treffen ein<\/td>\n<\/tr>\n<tr>\n<td><\/td>\n<td><\/td>\n<\/tr>\n<tr>\n<td style=\"background-color: #d8e4bc;\"><strong>Privatklinik Hohenegg<br \/>\n<\/strong><strong style=\"font-family: inherit; font-size: inherit;\">Anja Arnold<br \/>\n<\/strong><a href=\"mailto:anja.arnold@hohenegg.ch\"><strong>anja.arnold@hohenegg.ch<\/strong><\/a><\/td>\n<td>Keine Angaben<\/td>\n<\/tr>\n<tr>\n<td><\/td>\n<td><\/td>\n<\/tr>\n<tr>\n<td style=\"background-color: #d8e4bc;\"><strong>Spital Wallis<br \/>\n<\/strong><strong>Ursula Amherd<br \/>\n<\/strong><a style=\"font-family: inherit; font-size: inherit;\" href=\"mailto:ursula.amherd@hospitalvs.ch\"><strong>ursula.amherd@hospitalvs.ch<\/strong><\/a><\/td>\n<td>Sprachprobleme auf \u00e4rztlicher Seite<\/td>\n<\/tr>\n<tr>\n<td><\/td>\n<td><\/td>\n<\/tr>\n<tr>\n<td style=\"background-color: #d8e4bc;\"><strong>Clienia Schl\u00f6ssli<br \/>\n<\/strong><strong>J\u00fcrg Dinkel<br \/>\n<\/strong><a href=\"mailto:juerg.dinkel@clienia.ch\"><strong>juerg.dinkel@clienia.ch<\/strong><\/a><\/td>\n<td>\n<ul>\n<li>Seit 2013 regelm\u00e4ssiger Miteinbezug von Peers (Experienced Involvement) in die klinikinternen LTT Pflege HF-Studierende sowie Lerntreffs im 3. Ausbildungsjahr der FaGe<\/li>\n<li>In der Anwendung von Motivierender Gespr\u00e4chsf\u00fchrung kommen entsprechende Elemente zum Zuge<\/li>\n<li>Den Professionellen wird die Teilnahme an trialogischen Seminaren empfohlen und unterst\u00fctzt<\/li>\n<\/ul>\n<\/td>\n<\/tr>\n<tr>\n<td><\/td>\n<td><\/td>\n<\/tr>\n<tr>\n<td style=\"background-color: #d8e4bc;\"><strong>Centre Neuch\u00e2telois de Psychiatrie<br \/>\n<\/strong><strong style=\"font-family: inherit; font-size: inherit;\">Emmanuelle Garnier<br \/>\n<\/strong><a href=\"mailto:emmanuelle.garnier@cnp.ch\"><strong>emmanuelle.garnier@cnp.ch<\/strong><\/a><\/td>\n<td>\n<ul>\n<li>Zusammenarbeit mit Partnerinstitutionen<\/li>\n<li>Verbindungen kn\u00fcpfen mit Spit\u00e4lern und spezialisierten externen Institutionen<\/li>\n<li>Externe Mandate mit Heimpflege.<\/li>\n<\/ul>\n<\/td>\n<\/tr>\n<tr>\n<td><\/td>\n<td><\/td>\n<\/tr>\n<tr>\n<td style=\"background-color: #d8e4bc;\"><strong>Netzwerk psychische Gesundheit<br \/>\n<\/strong><strong style=\"font-family: inherit; font-size: inherit;\">(R\u00e9seau sant\u00e9 mentale RSM )<br \/>\n<\/strong><strong style=\"font-family: inherit; font-size: inherit;\">Nicolas Racine<br \/>\n<\/strong><a style=\"font-family: inherit; font-size: inherit;\" href=\"mailto:nicolas.racine@sante-mentale.ch\"><strong>nicolas.racine@sante-mentale.ch<\/strong><\/a><strong style=\"font-family: inherit; font-size: inherit;\"><br \/>\n<\/strong><\/td>\n<td>\n<ul>\n<li>Beziehungen mit anderen Pflegeeinrichtungen entwickeln, um \u00fcber das Konzept der Rehabilitation zu informieren<\/li>\n<li>M\u00f6glichkeiten und Grenzen der Rehabilitation angesichts der individuellen Patientengeschichte evaluieren<\/li>\n<li>Verstehen, dass die Pflege manchmal \u00fcberdacht und angepasst werden muss, in Abh\u00e4ngigkeit von gesellschaftlichen Entwicklungen und Zw\u00e4ngen<\/li>\n<\/ul>\n<\/td>\n<\/tr>\n<tr>\n<td><\/td>\n<td><\/td>\n<\/tr>\n<tr>\n<td style=\"background-color: #d8e4bc;\"><strong>Clinica Viarnetto<br \/>\n<\/strong><strong style=\"font-family: inherit; font-size: inherit;\">A. Girardi<br \/>\n<\/strong><a style=\"font-family: inherit; font-size: inherit;\" href=\"mailto:a.girardi@clinicaviarnetto.ch\"><strong>a.girardi@clinicaviarnetto.ch<\/strong><\/a><\/td>\n<td>Interdisziplin\u00e4re Treffen und Supervisionen<\/td>\n<\/tr>\n<\/tbody>\n<\/table>\n","protected":false},"excerpt":{"rendered":"<p>Klinik \/ Ansprechperson Handlungsfeld: Recovery Adressaten: Professionals\/Institutionen Psychiatrie\u00a0 St. Gallen\u00a0 &#8211; Klinik St. Pirminsberg in Pf\u00e4fers Gerda Malojer gerda.malojer@psychiatrie-sg.ch Recovery als Teil des Wissensmanagements der Institution Internes Weiterbildungsangebot zum Thema Recovery durch Peermitarbeiter Wiederholte Teamschulungen zur Entwicklung einer recovery-orientierten Haltung Luzerner Psychiatrie vakant Wir arbeiten seit 2011 mit Peers, inzwischen sind 200% im Einsatz. Die &#8230; <a title=\"Handlungsfeld: Recovery Adressaten: Professionals\/Institutionen\" class=\"read-more\" href=\"https:\/\/swissmentalhealthcare.ch\/smhc\/respektvolle-wahrnehmung\/recovery\/103-2\/\" aria-label=\"Mehr Informationen \u00fcber Handlungsfeld: Recovery Adressaten: Professionals\/Institutionen\">&gt;&gt;&gt;<\/a><\/p>\n","protected":false},"author":1,"featured_media":368,"parent":624,"menu_order":103,"comment_status":"closed","ping_status":"closed","template":"","meta":{"generate_page_header":"","footnotes":""},"class_list":{"0":"post-587","1":"page","2":"type-page","3":"status-publish","4":"has-post-thumbnail","6":"infinite-scroll-item"},"translation":{"provider":"WPGlobus","version":"3.0.2","language":"de","enabled_languages":["de","fr"],"languages":{"de":{"title":true,"content":true,"excerpt":false},"fr":{"title":false,"content":false,"excerpt":false}}},"_links":{"self":[{"href":"https:\/\/swissmentalhealthcare.ch\/smhc\/wp-json\/wp\/v2\/pages\/587","targetHints":{"allow":["GET"]}}],"collection":[{"href":"https:\/\/swissmentalhealthcare.ch\/smhc\/wp-json\/wp\/v2\/pages"}],"about":[{"href":"https:\/\/swissmentalhealthcare.ch\/smhc\/wp-json\/wp\/v2\/types\/page"}],"author":[{"embeddable":true,"href":"https:\/\/swissmentalhealthcare.ch\/smhc\/wp-json\/wp\/v2\/users\/1"}],"replies":[{"embeddable":true,"href":"https:\/\/swissmentalhealthcare.ch\/smhc\/wp-json\/wp\/v2\/comments?post=587"}],"version-history":[{"count":18,"href":"https:\/\/swissmentalhealthcare.ch\/smhc\/wp-json\/wp\/v2\/pages\/587\/revisions"}],"predecessor-version":[{"id":1496,"href":"https:\/\/swissmentalhealthcare.ch\/smhc\/wp-json\/wp\/v2\/pages\/587\/revisions\/1496"}],"up":[{"embeddable":true,"href":"https:\/\/swissmentalhealthcare.ch\/smhc\/wp-json\/wp\/v2\/pages\/624"}],"wp:featuredmedia":[{"embeddable":true,"href":"https:\/\/swissmentalhealthcare.ch\/smhc\/wp-json\/wp\/v2\/media\/368"}],"wp:attachment":[{"href":"https:\/\/swissmentalhealthcare.ch\/smhc\/wp-json\/wp\/v2\/media?parent=587"}],"curies":[{"name":"wp","href":"https:\/\/api.w.org\/{rel}","templated":true}]}}