{"id":572,"date":"2017-07-24T15:16:59","date_gmt":"2017-07-24T15:16:59","guid":{"rendered":"http:\/\/swissmentalhealthcare.ch\/smhc\/?page_id=572"},"modified":"2023-01-18T09:48:53","modified_gmt":"2023-01-18T09:48:53","slug":"503-2","status":"publish","type":"page","link":"https:\/\/swissmentalhealthcare.ch\/smhc\/respektvolle-wahrnehmung\/patientenverfuegung\/503-2\/","title":{"rendered":"Handlungsfeld: Patientenverf\u00fcgung <br>Adressat: Professionals"},"content":{"rendered":"<table>\n<tbody>\n<tr>\n<td style=\"text-align: center;\"><strong>Klinik \/ Ansprechperson<\/strong><\/td>\n<td style=\"background-color: #d8e4bc; text-align: center;\"><strong>Handlungsfeld: Patientenverf\u00fcgung<br \/>\n<\/strong><strong style=\"font-family: inherit; font-size: inherit;\">Adressaten: Professionals<\/strong><\/td>\n<\/tr>\n<tr>\n<td style=\"background-color: #d8e4bc;\"><strong>Psychiatrie St. Gallen &#8211; Klinik St. Pirminsberg in Pf\u00e4fers<br \/>\n<\/strong><strong style=\"font-family: inherit; font-size: inherit;\">Gerda Malojer<br \/>\n<\/strong><a href=\"mailto:gerda.malojer@psychiatrie-sg.ch\"><strong>gerda.malojer@psychiatrie-sg.ch<\/strong><\/a><strong style=\"font-family: inherit; font-size: inherit;\"><br \/>\n<\/strong><\/td>\n<td>Keine Antwort<\/td>\n<\/tr>\n<tr>\n<td><\/td>\n<td><\/td>\n<\/tr>\n<tr>\n<td style=\"background-color: #d8e4bc;\"><strong>Luzerner Psychiatrie<br \/>\n<\/strong><b>vakant<\/b><\/td>\n<td>\n<ul>\n<li>In der Alterspsychiatrie begegnen wir bei ca. 20% der Pat. den somatisch orientierten Patientenverf\u00fcgungen, den psychiatrischen kaum<\/li>\n<li>Wir empfehlen anstelle der psych. Patientenverf\u00fcgung die Behandlungsvereinbarung<\/li>\n<li>F\u00fcr die Erstellung einer somatischen PV empfehlen wir den Hausarzt als Partner<\/li>\n<\/ul>\n<\/td>\n<\/tr>\n<tr>\n<td><\/td>\n<td><\/td>\n<\/tr>\n<tr>\n<td style=\"background-color: #d8e4bc;\"><strong>Clienia Privatklinik Littenheid<br \/>\n<\/strong><strong style=\"font-family: inherit; font-size: inherit;\">Hubert Dietschi<br \/>\n<\/strong><a style=\"font-family: inherit; font-size: inherit;\" href=\"mailto:hubert.dietschi@clienia.ch\"><strong>hubert.dietschi@clienia.ch<\/strong><\/a><strong style=\"font-family: inherit; font-size: inherit;\"><br \/>\n<\/strong><\/td>\n<td>Wird von allen Professionals respektiert und ber\u00fccksichtigt<\/td>\n<\/tr>\n<tr>\n<td><\/td>\n<td><\/td>\n<\/tr>\n<tr>\n<td style=\"background-color: #d8e4bc;\"><strong>PZM Psychiatriezentrum M\u00fcnsingen<br \/>\n<\/strong><strong style=\"font-family: inherit; font-size: inherit;\">Brigitte Egli<br \/>\n<\/strong><a href=\"mailto:brigitte.egli@pzmag.ch\"><strong>brigitte.egli@pzmag.ch<\/strong><\/a><\/td>\n<td>Keine Antwort<\/td>\n<\/tr>\n<tr>\n<td><\/td>\n<td><\/td>\n<\/tr>\n<tr>\n<td style=\"background-color: #d8e4bc;\"><strong>Privatklinik Meiringen<br \/>\n<\/strong><strong style=\"font-family: inherit; font-size: inherit;\">Marianne von Dach Nicolay<\/strong><a style=\"font-family: inherit; font-size: inherit;\" href=\"mailto:marianne.vondachnicolay@privatklinik-meiringen.ch\"><strong><br \/>\nmarianne.vondachnicolay@privatklinik-meiringen.ch<\/strong><\/a><\/td>\n<td>Wird im interdisziplin\u00e4ren Setting thematisiert<\/td>\n<\/tr>\n<tr>\n<td><\/td>\n<td><\/td>\n<\/tr>\n<tr>\n<td style=\"background-color: #d8e4bc;\"><strong>Psychiatrischen Dienste Aargau<br \/>\n<\/strong><strong style=\"font-family: inherit; font-size: inherit;\">Eduard Zander<br \/>\n<\/strong><a href=\"mailto:eduard.zander@pdag.ch\"><strong>eduard.zander@pdag.ch<\/strong><\/a><\/td>\n<td>\n<ul>\n<li>Patientenwille muss\/kann ber\u00fccksichtigt werden<\/li>\n<li>Entscheidungserleichterung<\/li>\n<li>Wille des Betroffenen<\/li>\n<li>Respektierung vorab getroffener Massnahmen<\/li>\n<\/ul>\n<\/td>\n<\/tr>\n<tr>\n<td><\/td>\n<td><\/td>\n<\/tr>\n<tr>\n<td style=\"background-color: #d8e4bc;\"><strong>Klinik SGM Langenthal<br \/>\n<\/strong><strong>Iris Uffer<br \/>\n<\/strong><a style=\"font-family: inherit; font-size: inherit;\" href=\"mailto:iris.uffer@klinik-sgm.ch\"><strong>iris.uffer@klinik-sgm.ch<\/strong><\/a><\/td>\n<td>\n<ul>\n<li>Patientenwille muss\/kann ber\u00fccksichtigt werden: ist uns sehr wichtig<\/li>\n<li>Entscheidungserleichterung: Wir geben, wenn n\u00f6tig, Hilfestellungen, zeigen m\u00f6gliche Wege auf<\/li>\n<li>Wille des Betroffenen: der wird respektiert<\/li>\n<li>Respektierung vorab getroffener Massnahmen: werden respektiert, mit dem Pat., wenn gewollt, evaluiert<\/li>\n<\/ul>\n<\/td>\n<\/tr>\n<tr>\n<td><\/td>\n<td><\/td>\n<\/tr>\n<tr>\n<td style=\"background-color: #d8e4bc;\"><strong>Psychiatrische Dienste Graub\u00fcnden<br \/>\n<\/strong><strong>Andreas Werner-Reisdorf<br \/>\n<\/strong><a href=\"mailto:andreas.werner-reisdorf@pdgr.ch\"><strong>andreas.werner-reisdorf@pdgr.ch<\/strong><\/a><\/td>\n<td>\n<ul>\n<li>Patientenverf\u00fcgung wird einbezogen<\/li>\n<li>Unterlagen Pro Mente Sana<\/li>\n<\/ul>\n<\/td>\n<\/tr>\n<tr>\n<td><\/td>\n<td><\/td>\n<\/tr>\n<tr>\n<td style=\"background-color: #d8e4bc;\"><strong>Integrierte Psychiatrie Winterthur &#8211; Z\u00fcrcher Unterland<br \/>\n<\/strong><strong style=\"font-family: inherit; font-size: inherit;\">Bruno Dolci<br \/>\n<\/strong><strong><a href=\"mailto:bruno.dolci@ipw.ch\">bruno.dolci@ipw.ch<\/a><\/strong><\/td>\n<td>Unsere Professionals ber\u00fccksichtigen die Patientenverf\u00fcgungen<\/td>\n<\/tr>\n<tr>\n<td><\/td>\n<td><\/td>\n<\/tr>\n<tr>\n<td style=\"background-color: #d8e4bc;\"><strong>Psychiatrie St. Gallen<br \/>\n<\/strong><strong>Esther Linka<br \/>\n<\/strong><a href=\"mailto:Esther.linka@psychiatrie-sg.ch\"><strong>Esther.linka@psychiatrie-sg.ch <\/strong><\/a><\/td>\n<td>Wird von allen Professionals respektiert und ber\u00fccksichtigt<\/td>\n<\/tr>\n<tr>\n<td><\/td>\n<td><\/td>\n<\/tr>\n<tr>\n<td style=\"background-color: #d8e4bc;\"><strong>Sanatorium Kilchberg AG<br \/>\n<\/strong><strong style=\"font-family: inherit; font-size: inherit;\">Harald M\u00fcller<br \/>\n<\/strong><a href=\"mailto:h.mueller@sanatorium-kilchberg.ch\"><strong>h.mueller@sanatorium-kilchberg.ch<\/strong><\/a><\/td>\n<td>\n<ul>\n<li>Erarbeitung Vorlage psychiatrische Patientenverf\u00fcgung (PPV)<\/li>\n<li>Programm zur systematischen Implementierung 2017<\/li>\n<li>Fort- und Weiterbildungsveranstaltungen zu PPV<\/li>\n<li>Schulungskonzept zur Verbreitung von PPV<\/li>\n<li>Einbezug bei bestehender PV in die Behandlung<\/li>\n<li>Erarbeitung einer Richtlinie zur Thematisierung der PPV bei spezifischen Krankheitsbildern\/Diagnosen<\/li>\n<\/ul>\n<\/td>\n<\/tr>\n<tr>\n<td><\/td>\n<td><\/td>\n<\/tr>\n<tr>\n<td style=\"background-color: #d8e4bc;\"><strong>Psychiatriezentrum Breitenau<br \/>\n<\/strong><strong>Petra Homburger<br \/>\n<\/strong><a href=\"mailto:petra.homburger@anti-clutterspitaeler-sh.ch\"><strong style=\"font-family: inherit; font-size: inherit;\">petra.homburger@<\/strong><strong style=\"font-family: inherit; font-size: inherit;\">anti-clutter<\/strong><strong style=\"font-family: inherit; font-size: inherit;\">spitaeler-sh.ch<\/strong><\/a><\/td>\n<td>Vor allem f\u00fcr die Pflegefachpersonen, die die Patienten teilweise schon lange kennen und somit auch deren Bed\u00fcrfnisse in einer Krise, ist es oft hilfreich, auf die VRK verweisen zu k\u00f6nnen, wenn aus \u00e4rztlicher Sicht eine andere medikament\u00f6se Eintrittsbehandlung bevorzugt w\u00fcrde<\/td>\n<\/tr>\n<tr>\n<td><\/td>\n<td><\/td>\n<\/tr>\n<tr>\n<td style=\"background-color: #d8e4bc;\"><strong>Privatklinik Hohenegg<br \/>\n<\/strong><strong style=\"font-family: inherit; font-size: inherit;\">Anja Arnold<br \/>\n<\/strong><a href=\"mailto:anja.arnold@hohenegg.ch\"><strong>anja.arnold@hohenegg.ch<\/strong><\/a><\/td>\n<td>Keine Angaben<\/td>\n<\/tr>\n<tr>\n<td><\/td>\n<td><\/td>\n<\/tr>\n<tr>\n<td style=\"background-color: #d8e4bc;\"><strong>Spital Wallis<br \/>\n<\/strong><strong>Ursula Amherd<br \/>\n<\/strong><a style=\"font-family: inherit; font-size: inherit;\" href=\"mailto:ursula.amherd@hospitalvs.ch\"><strong>ursula.amherd@hospitalvs.ch<\/strong><\/a><\/td>\n<td>Werden nicht explizit erfragt vom Therapeuten<\/td>\n<\/tr>\n<tr>\n<td><\/td>\n<td><\/td>\n<\/tr>\n<tr>\n<td style=\"background-color: #d8e4bc;\"><strong>Clienia Schl\u00f6ssli<br \/>\n<\/strong><strong>J\u00fcrg Dinkel<br \/>\n<\/strong><a href=\"mailto:juerg.dinkel@clienia.ch\"><strong>juerg.dinkel@clienia.ch<\/strong><\/a><\/td>\n<td>Insgesamt nutzen sehr wenige Patienten die Pat. Verf\u00fcgung als rechtliches Mittel. In der Praxis zeigt sich in Einzelf\u00e4llen die grosse Schwierigkeit, den Patientenwillen mit den M\u00f6glichkeiten des Behandlungssettings in \u00dcbereinstimmung zu bringen.<\/td>\n<\/tr>\n<tr>\n<td><\/td>\n<td><\/td>\n<\/tr>\n<tr>\n<td style=\"background-color: #d8e4bc;\"><strong>Centre Neuch\u00e2telois de Psychiatrie<br \/>\n<\/strong><strong style=\"font-family: inherit; font-size: inherit;\">Emmanuelle Garnier<br \/>\n<\/strong><a href=\"mailto:emmanuelle.garnier@cnp.ch\"><strong>emmanuelle.garnier@cnp.ch<\/strong><\/a><\/td>\n<td>Gemeinsamer Krisenplan. Gespr\u00e4che mit \u00c4rzten, Pflegefachleuten und therapeutischen Bezugspersonen.<\/td>\n<\/tr>\n<tr>\n<td><\/td>\n<td><\/td>\n<\/tr>\n<tr>\n<td style=\"background-color: #d8e4bc;\"><strong>Netzwerk psychische Gesundheit<br \/>\n<\/strong><strong style=\"font-family: inherit; font-size: inherit;\">(R\u00e9seau sant\u00e9 mentale RSM )<br \/>\n<\/strong><strong style=\"font-family: inherit; font-size: inherit;\">Nicolas Racine<br \/>\n<\/strong><a style=\"font-family: inherit; font-size: inherit;\" href=\"mailto:nicolas.racine@sante-mentale.ch\"><strong>nicolas.racine@sante-mentale.ch<\/strong><\/a><strong style=\"font-family: inherit; font-size: inherit;\"><br \/>\n<\/strong><\/td>\n<td>\n<ul>\n<li>Mit dem Patienten und seinem Umfeld gemeinsam einen Raum schaffen, in dem Erfahrungen ausgedr\u00fcckt werden k\u00f6nnen und die W\u00fcnsche des Patienten ebenso wie jene des Umfelds ber\u00fccksichtigt werden.<\/li>\n<li>Entscheidungen aufgrund von Patientenw\u00fcnschen m\u00fcssen unter Ber\u00fccksichtigung der Wirklichkeit (gesellschaftliche, \u00f6ffentliche und administrative Faktoren, Angeh\u00f6rige, Lebensort) getroffen werden, damit ein m\u00f6glichst zufriedenstellender Kompromiss gefunden werden kann.<\/li>\n<\/ul>\n<\/td>\n<\/tr>\n<tr>\n<td><\/td>\n<td><\/td>\n<\/tr>\n<tr>\n<td style=\"background-color: #d8e4bc;\"><strong>Clinica Viarnetto<br \/>\n<\/strong><strong style=\"font-family: inherit; font-size: inherit;\">A. Girardi<br \/>\n<\/strong><a style=\"font-family: inherit; font-size: inherit;\" href=\"mailto:a.girardi@clinicaviarnetto.ch\"><strong>a.girardi@clinicaviarnetto.ch<\/strong><\/a><\/td>\n<td>Interpersonelle therapeutische Arbeit<\/td>\n<\/tr>\n<\/tbody>\n<\/table>\n","protected":false},"excerpt":{"rendered":"<p>Klinik \/ Ansprechperson Handlungsfeld: Patientenverf\u00fcgung Adressaten: Professionals Psychiatrie St. Gallen &#8211; Klinik St. Pirminsberg in Pf\u00e4fers Gerda Malojer gerda.malojer@psychiatrie-sg.ch Keine Antwort Luzerner Psychiatrie vakant In der Alterspsychiatrie begegnen wir bei ca. 20% der Pat. den somatisch orientierten Patientenverf\u00fcgungen, den psychiatrischen kaum Wir empfehlen anstelle der psych. Patientenverf\u00fcgung die Behandlungsvereinbarung F\u00fcr die Erstellung einer somatischen PV &#8230; <a title=\"Handlungsfeld: Patientenverf\u00fcgung Adressat: Professionals\" class=\"read-more\" href=\"https:\/\/swissmentalhealthcare.ch\/smhc\/respektvolle-wahrnehmung\/patientenverfuegung\/503-2\/\" aria-label=\"Mehr Informationen \u00fcber Handlungsfeld: Patientenverf\u00fcgung Adressat: Professionals\">&gt;&gt;&gt;<\/a><\/p>\n","protected":false},"author":1,"featured_media":368,"parent":642,"menu_order":503,"comment_status":"closed","ping_status":"closed","template":"","meta":{"generate_page_header":"","footnotes":""},"class_list":{"0":"post-572","1":"page","2":"type-page","3":"status-publish","4":"has-post-thumbnail","6":"infinite-scroll-item"},"translation":{"provider":"WPGlobus","version":"3.0.2","language":"de","enabled_languages":["de","fr"],"languages":{"de":{"title":true,"content":true,"excerpt":false},"fr":{"title":false,"content":false,"excerpt":false}}},"_links":{"self":[{"href":"https:\/\/swissmentalhealthcare.ch\/smhc\/wp-json\/wp\/v2\/pages\/572","targetHints":{"allow":["GET"]}}],"collection":[{"href":"https:\/\/swissmentalhealthcare.ch\/smhc\/wp-json\/wp\/v2\/pages"}],"about":[{"href":"https:\/\/swissmentalhealthcare.ch\/smhc\/wp-json\/wp\/v2\/types\/page"}],"author":[{"embeddable":true,"href":"https:\/\/swissmentalhealthcare.ch\/smhc\/wp-json\/wp\/v2\/users\/1"}],"replies":[{"embeddable":true,"href":"https:\/\/swissmentalhealthcare.ch\/smhc\/wp-json\/wp\/v2\/comments?post=572"}],"version-history":[{"count":13,"href":"https:\/\/swissmentalhealthcare.ch\/smhc\/wp-json\/wp\/v2\/pages\/572\/revisions"}],"predecessor-version":[{"id":1505,"href":"https:\/\/swissmentalhealthcare.ch\/smhc\/wp-json\/wp\/v2\/pages\/572\/revisions\/1505"}],"up":[{"embeddable":true,"href":"https:\/\/swissmentalhealthcare.ch\/smhc\/wp-json\/wp\/v2\/pages\/642"}],"wp:featuredmedia":[{"embeddable":true,"href":"https:\/\/swissmentalhealthcare.ch\/smhc\/wp-json\/wp\/v2\/media\/368"}],"wp:attachment":[{"href":"https:\/\/swissmentalhealthcare.ch\/smhc\/wp-json\/wp\/v2\/media?parent=572"}],"curies":[{"name":"wp","href":"https:\/\/api.w.org\/{rel}","templated":true}]}}