{"id":569,"date":"2017-07-24T15:15:41","date_gmt":"2017-07-24T15:15:41","guid":{"rendered":"http:\/\/swissmentalhealthcare.ch\/smhc\/?page_id=569"},"modified":"2023-01-18T09:51:14","modified_gmt":"2023-01-18T09:51:14","slug":"505-2","status":"publish","type":"page","link":"https:\/\/swissmentalhealthcare.ch\/smhc\/respektvolle-wahrnehmung\/patientenverfuegung\/505-2\/","title":{"rendered":"Handlungsfeld: Patientenverf\u00fcgung <br>Adressat: \u00d6ffentlichkeit"},"content":{"rendered":"<table>\n<tbody>\n<tr>\n<td style=\"text-align: center;\"><strong>Klinik \/ Ansprechperson<\/strong><\/td>\n<td style=\"background-color: #d8e4bc; text-align: center;\"><strong>Handlungsfeld: Patientenverf\u00fcgung<br \/>\n<\/strong><strong style=\"font-family: inherit; font-size: inherit;\">Adressaten: \u00d6ffentlichkeit<\/strong><\/td>\n<\/tr>\n<tr>\n<td style=\"background-color: #d8e4bc;\"><strong>Psychiatrie St. Gallen &#8211; Klinik St. Pirminsberg in Pf\u00e4fers<br \/>\n<\/strong><strong style=\"font-family: inherit; font-size: inherit;\">Gerda Malojer<br \/>\n<\/strong><a href=\"mailto:gerda.malojer@psychiatrie-sg.ch\"><strong>gerda.malojer@psychiatrie-sg.ch<\/strong><\/a><strong style=\"font-family: inherit; font-size: inherit;\"><br \/>\n<\/strong><\/td>\n<td>Information bzgl. PPV in den \u00f6rtlichen Medien und auf der Home-page.<\/td>\n<\/tr>\n<tr>\n<td><\/td>\n<td><\/td>\n<\/tr>\n<tr>\n<td style=\"background-color: #d8e4bc;\"><strong>Luzerner Psychiatrie<br \/>\n<\/strong>vakant<\/td>\n<td>\n<ul>\n<li>In der Alterspsychiatrie begegnen wir bei ca. 20% der Pat. den somatisch orientierten Patientenverf\u00fcgungen, den psychiatrischen kaum<\/li>\n<li>Wir empfehlen anstelle der psych. Patientenverf\u00fcgung die Behandlungsvereinbarung<\/li>\n<li>F\u00fcr die Erstellung einer somatischen PV empfehlen wir den Hausarzt als Partner<\/li>\n<\/ul>\n<\/td>\n<\/tr>\n<tr>\n<td><\/td>\n<td><\/td>\n<\/tr>\n<tr>\n<td style=\"background-color: #d8e4bc;\"><strong>Clienia Privatklinik Littenheid<br \/>\n<\/strong><strong style=\"font-family: inherit; font-size: inherit;\">Hubert Dietschi<br \/>\n<\/strong><a style=\"font-family: inherit; font-size: inherit;\" href=\"mailto:hubert.dietschi@clienia.ch\"><strong>hubert.dietschi@clienia.ch<\/strong><\/a><strong style=\"font-family: inherit; font-size: inherit;\"><br \/>\n<\/strong><\/td>\n<td>Keine Erfahrung<\/td>\n<\/tr>\n<tr>\n<td><\/td>\n<td><\/td>\n<\/tr>\n<tr>\n<td style=\"background-color: #d8e4bc;\"><strong>PZM Psychiatriezentrum M\u00fcnsingen<br \/>\n<\/strong><strong style=\"font-family: inherit; font-size: inherit;\">Brigitte Egli<br \/>\n<\/strong><a href=\"mailto:brigitte.egli@pzmag.ch\"><strong>brigitte.egli@pzmag.ch<\/strong><\/a><\/td>\n<td>Open door policy<\/td>\n<\/tr>\n<tr>\n<td><\/td>\n<td><\/td>\n<\/tr>\n<tr>\n<td style=\"background-color: #d8e4bc;\"><strong>Privatklinik Meiringen<br \/>\n<\/strong><strong style=\"font-family: inherit; font-size: inherit;\">Marianne von Dach Nicolay<\/strong><a style=\"font-family: inherit; font-size: inherit;\" href=\"mailto:marianne.vondachnicolay@privatklinik-meiringen.ch\"><strong><br \/>\nmarianne.vondachnicolay@privatklinik-meiringen.ch<\/strong><\/a><\/td>\n<td>Hinweis zur Patientenverf\u00fcgung wird auf der Klinikwebsite erl\u00e4utert<\/td>\n<\/tr>\n<tr>\n<td><\/td>\n<td><\/td>\n<\/tr>\n<tr>\n<td style=\"background-color: #d8e4bc;\"><strong>Psychiatrischen Dienste Aargau<br \/>\n<\/strong><strong style=\"font-family: inherit; font-size: inherit;\">Eduard Zander<br \/>\n<\/strong><a href=\"mailto:eduard.zander@pdag.ch\"><strong>eduard.zander@pdag.ch<\/strong><\/a><\/td>\n<td>\n<ul>\n<li>Selbstbestimmung als hohes Gut<\/li>\n<li>Patient als m\u00fcndiger B\u00fcrger<\/li>\n<li>Autonomie und F\u00fcrsorge<\/li>\n<\/ul>\n<\/td>\n<\/tr>\n<tr>\n<td><\/td>\n<td><\/td>\n<\/tr>\n<tr>\n<td style=\"background-color: #d8e4bc;\"><strong>Klinik SGM Langenthal<br \/>\n<\/strong><strong>Iris Uffer<br \/>\n<\/strong><a style=\"font-family: inherit; font-size: inherit;\" href=\"mailto:iris.uffer@klinik-sgm.ch\"><strong>iris.uffer@klinik-sgm.ch<\/strong><\/a><\/td>\n<td>\n<ul>\n<li>Selbstbestimmung als hohes Gut: Ja<\/li>\n<li>Patient als m\u00fcndiger B\u00fcrger: Ja<\/li>\n<li>Autonomie und F\u00fcrsorge: Ja<\/li>\n<\/ul>\n<\/td>\n<\/tr>\n<tr>\n<td><\/td>\n<td><\/td>\n<\/tr>\n<tr>\n<td style=\"background-color: #d8e4bc;\"><strong>Psychiatrische Dienste Graub\u00fcnden<br \/>\n<\/strong><strong>Andreas Werner-Reisdorf<br \/>\n<\/strong><a href=\"mailto:andreas.werner-reisdorf@pdgr.ch\"><strong>andreas.werner-reisdorf@pdgr.ch<\/strong><\/a><\/td>\n<td>Vortragsreihe Ethik und Autonomie<\/td>\n<\/tr>\n<tr>\n<td><\/td>\n<td><\/td>\n<\/tr>\n<tr>\n<td style=\"background-color: #d8e4bc;\"><strong>Integrierte Psychiatrie Winterthur<br \/>\n<\/strong><strong style=\"font-family: inherit; font-size: inherit;\">Bruno Dolci<br \/>\n<\/strong><a href=\"mailto:bruno.dolci@ipw.ch\"><strong>bruno.dolci@ipw.ch<\/strong><\/a><\/td>\n<td>keine Aktivit\u00e4t<\/td>\n<\/tr>\n<tr>\n<td><\/td>\n<td><\/td>\n<\/tr>\n<tr>\n<td style=\"background-color: #d8e4bc;\"><strong>Psychiatrie St. Gallen<br \/>\n<\/strong><strong>Esther Linka<br \/>\n<\/strong><a href=\"mailto:Esther.linka@psychiatrie-sg.ch\"><strong>Esther.linka@psychiatrie-sg.ch <\/strong><\/a><\/td>\n<td>Information zur Patientenverf\u00fcgung ist auf der Homepage der PSGN unter \u00abEintritt\u00bb abrufbar<\/td>\n<\/tr>\n<tr>\n<td><\/td>\n<td><\/td>\n<\/tr>\n<tr>\n<td style=\"background-color: #d8e4bc;\"><strong>Sanatorium Kilchberg AG<br \/>\n<\/strong><strong style=\"font-family: inherit; font-size: inherit;\">Harald M\u00fcller<br \/>\n<\/strong><a href=\"mailto:h.mueller@sanatorium-kilchberg.ch\"><strong>h.mueller@sanatorium-kilchberg.ch<\/strong><\/a><\/td>\n<td>\n<ul>\n<li>Hinweis auf der Website<\/li>\n<li>Artikel zum Thema<\/li>\n<li>Symposium zum Thema<\/li>\n<\/ul>\n<\/td>\n<\/tr>\n<tr>\n<td><\/td>\n<td><\/td>\n<\/tr>\n<tr>\n<td style=\"background-color: #d8e4bc;\"><strong>Psychiatriezentrum Breitenau<br \/>\n<\/strong><strong>Petra Homburger<br \/>\n<\/strong><a href=\"mailto:petra.homburger@anti-clutterspitaeler-sh.ch\"><strong style=\"font-family: inherit; font-size: inherit;\">petra.homburger@<\/strong><strong style=\"font-family: inherit; font-size: inherit;\">anti-clutter<\/strong><strong style=\"font-family: inherit; font-size: inherit;\">spitaeler-sh.ch<\/strong><\/a><\/td>\n<td>Keine Angaben<\/td>\n<\/tr>\n<tr>\n<td><\/td>\n<td><\/td>\n<\/tr>\n<tr>\n<td style=\"background-color: #d8e4bc;\"><strong>Privatklinik Hohenegg<br \/>\n<\/strong><strong style=\"font-family: inherit; font-size: inherit;\">Anja Arnold<br \/>\n<\/strong><a href=\"mailto:anja.arnold@hohenegg.ch\"><strong>anja.arnold@hohenegg.ch<\/strong><\/a><\/td>\n<td><\/td>\n<\/tr>\n<tr>\n<td><\/td>\n<td><\/td>\n<\/tr>\n<tr>\n<td style=\"background-color: #d8e4bc;\"><strong>Spital Wallis<br \/>\n<\/strong><strong>Ursula Amherd<br \/>\n<\/strong><a style=\"font-family: inherit; font-size: inherit;\" href=\"mailto:ursula.amherd@hospitalvs.ch\"><strong>ursula.amherd@hospitalvs.ch<\/strong><\/a><\/td>\n<td>Keine Angaben<\/td>\n<\/tr>\n<tr>\n<td><\/td>\n<td><\/td>\n<\/tr>\n<tr>\n<td style=\"background-color: #d8e4bc;\"><strong>Clienia Schl\u00f6ssli<br \/>\n<\/strong><strong>J\u00fcrg Dinkel<br \/>\n<\/strong><a href=\"mailto:juerg.dinkel@clienia.ch\"><strong>juerg.dinkel@clienia.ch<\/strong><\/a><\/td>\n<td>Keine Erfahrung<\/td>\n<\/tr>\n<tr>\n<td><\/td>\n<td><\/td>\n<\/tr>\n<tr>\n<td style=\"background-color: #d8e4bc;\"><strong>Centre Neuch\u00e2telois de Psychiatrie<br \/>\n<\/strong><strong style=\"font-family: inherit; font-size: inherit;\">Emmanuelle Garnier<br \/>\n<\/strong><a href=\"mailto:emmanuelle.garnier@cnp.ch\"><strong>emmanuelle.garnier@cnp.ch<\/strong><\/a><\/td>\n<td>\n<ul>\n<li>Arbeit im Gesundheits- und Sozialbereich \/ Verbindungen zu Patientenorganisationen und Institutionen in Bezug auf gemeinsame Projekte<\/li>\n<li>Entwicklung der Zusammenarbeit mit in Lausanne ausgebildeten Peers<\/li>\n<li>Entwicklung des Case Management Transition<\/li>\n<\/ul>\n<\/td>\n<\/tr>\n<tr>\n<td><\/td>\n<td><\/td>\n<\/tr>\n<tr>\n<td style=\"background-color: #d8e4bc;\"><strong>Netzwerk psychische Gesundheit<br \/>\n<\/strong><strong style=\"font-family: inherit; font-size: inherit;\">(R\u00e9seau sant\u00e9 mentale RSM )<br \/>\n<\/strong><strong style=\"font-family: inherit; font-size: inherit;\">Nicolas Racine<br \/>\n<\/strong><a style=\"font-family: inherit; font-size: inherit;\" href=\"mailto:nicolas.racine@sante-mentale.ch\"><strong>nicolas.racine@sante-mentale.ch<\/strong><\/a><strong style=\"font-family: inherit; font-size: inherit;\"><br \/>\n<\/strong><\/td>\n<td>\n<ul>\n<li>Pflegepersonal und \u00c4rzteschaft ber\u00fccksichtigen W\u00fcnsche und Bed\u00fcrfnisse des Patienten und versuchen gleichzeitig, den m\u00f6glichen bzw. eher schwierigeren Verhandlungsspielraum im Auge zu behalten\n<ul>\n<li>Patienten ermutigen, ihre Meinung abzugeben und die Evaluationsformulare zum Aufenthalt auszuf\u00fcllen.<\/li>\n<\/ul>\n<\/li>\n<li>Umsetzung von Praktika f\u00fcr Peers in Ausbildung und Mitwirkende in der Pflege im Netzwerk psychische Gesundheit AG.<\/li>\n<li>Beispielsweise haben wir einen Audit der Leitung Pflege und Medizin durch Patienten unserer Kriseninterventionsabteilungen \u00f6ffentlich gemacht.<\/li>\n<\/ul>\n<\/td>\n<\/tr>\n<tr>\n<td><\/td>\n<td><\/td>\n<\/tr>\n<tr>\n<td style=\"background-color: #d8e4bc;\"><strong>Clinica Viarnetto<br \/>\n<\/strong><strong style=\"font-family: inherit; font-size: inherit;\">A. Girardi<br \/>\n<\/strong><a style=\"font-family: inherit; font-size: inherit;\" href=\"mailto:a.girardi@clinicaviarnetto.ch\"><strong>a.girardi@clinicaviarnetto.ch<\/strong><\/a><\/td>\n<td>Keine Angaben<\/td>\n<\/tr>\n<\/tbody>\n<\/table>\n","protected":false},"excerpt":{"rendered":"<p>Klinik \/ Ansprechperson Handlungsfeld: Patientenverf\u00fcgung Adressaten: \u00d6ffentlichkeit Psychiatrie St. Gallen &#8211; Klinik St. Pirminsberg in Pf\u00e4fers Gerda Malojer gerda.malojer@psychiatrie-sg.ch Information bzgl. PPV in den \u00f6rtlichen Medien und auf der Home-page. Luzerner Psychiatrie vakant In der Alterspsychiatrie begegnen wir bei ca. 20% der Pat. den somatisch orientierten Patientenverf\u00fcgungen, den psychiatrischen kaum Wir empfehlen anstelle der psych. &#8230; <a title=\"Handlungsfeld: Patientenverf\u00fcgung Adressat: \u00d6ffentlichkeit\" class=\"read-more\" href=\"https:\/\/swissmentalhealthcare.ch\/smhc\/respektvolle-wahrnehmung\/patientenverfuegung\/505-2\/\" aria-label=\"Mehr Informationen \u00fcber Handlungsfeld: Patientenverf\u00fcgung Adressat: \u00d6ffentlichkeit\">&gt;&gt;&gt;<\/a><\/p>\n","protected":false},"author":1,"featured_media":368,"parent":642,"menu_order":505,"comment_status":"closed","ping_status":"closed","template":"","meta":{"generate_page_header":"","footnotes":""},"class_list":{"0":"post-569","1":"page","2":"type-page","3":"status-publish","4":"has-post-thumbnail","6":"infinite-scroll-item"},"translation":{"provider":"WPGlobus","version":"3.0.2","language":"de","enabled_languages":["de","fr"],"languages":{"de":{"title":true,"content":true,"excerpt":false},"fr":{"title":false,"content":false,"excerpt":false}}},"_links":{"self":[{"href":"https:\/\/swissmentalhealthcare.ch\/smhc\/wp-json\/wp\/v2\/pages\/569","targetHints":{"allow":["GET"]}}],"collection":[{"href":"https:\/\/swissmentalhealthcare.ch\/smhc\/wp-json\/wp\/v2\/pages"}],"about":[{"href":"https:\/\/swissmentalhealthcare.ch\/smhc\/wp-json\/wp\/v2\/types\/page"}],"author":[{"embeddable":true,"href":"https:\/\/swissmentalhealthcare.ch\/smhc\/wp-json\/wp\/v2\/users\/1"}],"replies":[{"embeddable":true,"href":"https:\/\/swissmentalhealthcare.ch\/smhc\/wp-json\/wp\/v2\/comments?post=569"}],"version-history":[{"count":13,"href":"https:\/\/swissmentalhealthcare.ch\/smhc\/wp-json\/wp\/v2\/pages\/569\/revisions"}],"predecessor-version":[{"id":2066,"href":"https:\/\/swissmentalhealthcare.ch\/smhc\/wp-json\/wp\/v2\/pages\/569\/revisions\/2066"}],"up":[{"embeddable":true,"href":"https:\/\/swissmentalhealthcare.ch\/smhc\/wp-json\/wp\/v2\/pages\/642"}],"wp:featuredmedia":[{"embeddable":true,"href":"https:\/\/swissmentalhealthcare.ch\/smhc\/wp-json\/wp\/v2\/media\/368"}],"wp:attachment":[{"href":"https:\/\/swissmentalhealthcare.ch\/smhc\/wp-json\/wp\/v2\/media?parent=569"}],"curies":[{"name":"wp","href":"https:\/\/api.w.org\/{rel}","templated":true}]}}