{"id":566,"date":"2017-07-24T15:14:01","date_gmt":"2017-07-24T15:14:01","guid":{"rendered":"http:\/\/swissmentalhealthcare.ch\/smhc\/?page_id=566"},"modified":"2023-01-18T09:46:14","modified_gmt":"2023-01-18T09:46:14","slug":"501-2","status":"publish","type":"page","link":"https:\/\/swissmentalhealthcare.ch\/smhc\/respektvolle-wahrnehmung\/patientenverfuegung\/501-2\/","title":{"rendered":"Handlungsfeld: Patientenverf\u00fcgung <br>Adressat: Betroffene"},"content":{"rendered":"<table>\n<tbody>\n<tr>\n<td style=\"text-align: center;\"><strong>Klinik \/ Ansprechperson<\/strong><\/td>\n<td style=\"background-color: #d8e4bc; text-align: center;\"><strong>Handlungsfeld: Patientenverf\u00fcgung<br \/>\n<\/strong><strong style=\"font-family: inherit; font-size: inherit;\">Adressaten: Betroffene<\/strong><\/td>\n<\/tr>\n<tr>\n<td style=\"background-color: #d8e4bc;\"><strong>Psychiatrie St. Gallen &#8211; Klinik St. Pirminsberg in Pf\u00e4fers<br \/>\n<\/strong><strong style=\"font-family: inherit; font-size: inherit;\">Gerda Malojer<br \/>\n<\/strong><a href=\"mailto:gerda.malojer@psychiatrie-sg.ch\"><strong>gerda.malojer@psychiatrie-sg.ch<\/strong><\/a><strong style=\"font-family: inherit; font-size: inherit;\"><br \/>\n<\/strong><\/td>\n<td>\n<ul>\n<li>In Zusammenarbeit mit der ProMenteSana wurde in einem trialogischen Prozess mit Betroffenen, Angeh\u00f6rigen und Fachleuten unterschiedlicher Professionen eine Psychiatrische Patientenverf\u00fcgung entwickelt<\/li>\n<li>Integration in das Wissensmanagement der Klinik und Psychiatriezentren<\/li>\n<li>Implementierung in Strukturen und Prozesse.<\/li>\n<\/ul>\n<\/td>\n<\/tr>\n<tr>\n<td><\/td>\n<td><\/td>\n<\/tr>\n<tr>\n<td style=\"background-color: #d8e4bc;\"><strong>Luzerner Psychiatrie<br \/>\n<\/strong><b>vakant<\/b><\/td>\n<td>\n<ul>\n<li>In der Alterspsychiatrie begegnen wir bei ca. 20% der Pat. den somatisch orientierten Patientenverf\u00fcgungen, den psychiatrischen kaum. Wir empfehlen anstelle der psych. Patientenverf\u00fcgung die Behandlungsvereinbarung<\/li>\n<li>F\u00fcr die Erstellung einer somatischen PV empfehlen wir den Hausarzt als Partner<\/li>\n<\/ul>\n<\/td>\n<\/tr>\n<tr>\n<td><\/td>\n<td><\/td>\n<\/tr>\n<tr>\n<td style=\"background-color: #d8e4bc;\"><strong>Clienia Privatklinik Littenheid<br \/>\n<\/strong><strong style=\"font-family: inherit; font-size: inherit;\">Hubert Dietschi<br \/>\n<\/strong><a style=\"font-family: inherit; font-size: inherit;\" href=\"mailto:hubert.dietschi@clienia.ch\"><strong>hubert.dietschi@clienia.ch<\/strong><\/a><strong style=\"font-family: inherit; font-size: inherit;\"><br \/>\n<\/strong><\/td>\n<td>\n<ul>\n<li>Aktive Empfehlung zur Erstellung<\/li>\n<li>Unterst\u00fctzung bei Erstellung<\/li>\n<\/ul>\n<\/td>\n<\/tr>\n<tr>\n<td><\/td>\n<td><\/td>\n<\/tr>\n<tr>\n<td style=\"background-color: #d8e4bc;\"><strong>PZM Psychiatriezentrum M\u00fcnsingen<br \/>\n<\/strong><strong style=\"font-family: inherit; font-size: inherit;\">Brigitte Egli<br \/>\n<\/strong><a href=\"mailto:brigitte.egli@pzmag.ch\"><strong>brigitte.egli@pzmag.ch<\/strong><\/a><\/td>\n<td>Behandlungsvereinbarungen<\/td>\n<\/tr>\n<tr>\n<td><\/td>\n<td><\/td>\n<\/tr>\n<tr>\n<td style=\"background-color: #d8e4bc;\"><strong>Privatklinik Meiringen<br \/>\n<\/strong><strong style=\"font-family: inherit; font-size: inherit;\">Marianne von Dach Nicolay<\/strong><a style=\"font-family: inherit; font-size: inherit;\" href=\"mailto:marianne.vondachnicolay@privatklinik-meiringen.ch\"><strong><br \/>\nmarianne.vondachnicolay@privatklinik-meiringen.ch<\/strong><\/a><\/td>\n<td>Die Patienten, welche eine Patientenverf\u00fcgung mitbringen werden darauf angesprochen und Inhalte werden falls unklar durch den zust\u00e4ndigen Arzt gekl\u00e4rt bzw. besprochen<\/td>\n<\/tr>\n<tr>\n<td><\/td>\n<td><\/td>\n<\/tr>\n<tr>\n<td style=\"background-color: #d8e4bc;\"><strong>Psychiatrischen Dienste Aargau<br \/>\n<\/strong><strong style=\"font-family: inherit; font-size: inherit;\">Eduard Zander<br \/>\n<\/strong><a href=\"mailto:eduard.zander@pdag.ch\"><strong>eduard.zander@pdag.ch<\/strong><\/a><\/td>\n<td>\n<ul>\n<li>Selbstbestimmung<\/li>\n<li>Wahlm\u00f6glichkeit<\/li>\n<li>Mitsprache<\/li>\n<li>Willensbekundung Voraussetzung kognitive F\u00e4higkeiten<\/li>\n<li>Patientenverf\u00fcgung wird nur selten erstellt<\/li>\n<li>Es werden bereits Erstellte ber\u00fccksichtigt<\/li>\n<\/ul>\n<\/td>\n<\/tr>\n<tr>\n<td><\/td>\n<td><\/td>\n<\/tr>\n<tr>\n<td style=\"background-color: #d8e4bc;\"><strong>Klinik SGM Langenthal<br \/>\n<\/strong><strong>Iris Uffer<br \/>\n<\/strong><a style=\"font-family: inherit; font-size: inherit;\" href=\"mailto:iris.uffer@klinik-sgm.ch\"><strong>iris.uffer@klinik-sgm.ch<\/strong><\/a><\/td>\n<td>\n<ul>\n<li>Selbstbestimmung: Ja<\/li>\n<li>Wahlm\u00f6glichkeit: Ja<\/li>\n<li>Mitsprache: auf jeden Fall<\/li>\n<li>Willensbekundung: Ja<\/li>\n<\/ul>\n<\/td>\n<\/tr>\n<tr>\n<td><\/td>\n<td><\/td>\n<\/tr>\n<tr>\n<td style=\"background-color: #d8e4bc;\"><strong>Psychiatrische Dienste Graub\u00fcnden<br \/>\n<\/strong><strong>Andreas Werner-Reisdorf<br \/>\n<a href=\"mailto:andreas.werner-reisdorf@pdgr.ch\">andreas.werner-reisdorf@pdgr.ch<\/a><\/strong><\/td>\n<td>\n<ul>\n<li>Interne Richtlinien QM, z.B. nach SAMW<\/li>\n<li>Mehrere Patientenverf\u00fcgungen im QM hinterlegt<\/li>\n<li>Aktive Empfehlung zur Erstellung<\/li>\n<li>Unterst\u00fctzung bei Erstellung<\/li>\n<\/ul>\n<\/td>\n<\/tr>\n<tr>\n<td><\/td>\n<td><\/td>\n<\/tr>\n<tr>\n<td style=\"background-color: #d8e4bc;\"><strong>Integrierte Psychiatrie Winterthur<br \/>\n<\/strong><strong style=\"font-family: inherit; font-size: inherit;\">Bruno Dolci<br \/>\n<\/strong><a href=\"mailto:bruno.dolci@ipw.ch\"><strong>bruno.dolci@ipw.ch<\/strong><\/a><\/td>\n<td>\n<ul>\n<li>Unterst\u00fctzung beim Erstellen w\u00e4hrend des Aufenthalts<\/li>\n<li>Nachfrage bei Eintritt (Eintrittsstandard)<\/li>\n<li>strukturierte Abbildung in elektronischer KG<\/li>\n<\/ul>\n<\/td>\n<\/tr>\n<tr>\n<td><\/td>\n<td><\/td>\n<\/tr>\n<tr>\n<td style=\"background-color: #d8e4bc;\"><strong>Psychiatrie St. Gallen<br \/>\n<\/strong><strong>Esther Linka<br \/>\n<\/strong><a href=\"mailto:esther.linka@psychiatrie-sg.ch\"><b>esther.linka@psychiatrie-sg.ch<\/b><\/a><\/td>\n<td>\n<ul>\n<li>Psychiatrische Patientenverf\u00fcgungen sind bekannt<\/li>\n<li>Betroffene werden auf Wunsch bei der Erstellung unterst\u00fctzt<\/li>\n<\/ul>\n<\/td>\n<\/tr>\n<tr>\n<td><\/td>\n<td><\/td>\n<\/tr>\n<tr>\n<td style=\"background-color: #d8e4bc;\"><strong>Sanatorium Kilchberg AG<br \/>\n<\/strong><strong style=\"font-family: inherit; font-size: inherit;\">Harald M\u00fcller<br \/>\n<\/strong><a href=\"mailto:h.mueller@sanatorium-kilchberg.ch\"><strong>h.mueller@sanatorium-kilchberg.ch<\/strong><\/a><\/td>\n<td>\n<ul>\n<li>Erarbeitung einer eigenen <strong>P<\/strong>sychiatrischen <strong>P<\/strong>atienten<strong>v<\/strong>erf\u00fcgung (PPV)<\/li>\n<li>Geplante Veranstaltungen zu PPV f\u00fcr Patienten (2017)<\/li>\n<li>Eintrittsabkl\u00e4rung ob vorhanden oder nicht<\/li>\n<li>Sprechstunde f\u00fcr PPV (2017)<\/li>\n<\/ul>\n<\/td>\n<\/tr>\n<tr>\n<td><\/td>\n<td><\/td>\n<\/tr>\n<tr>\n<td style=\"background-color: #d8e4bc;\"><strong>Psychiatriezentrum Breitenau<br \/>\n<\/strong><strong>Petra Homburger<br \/>\n<\/strong><a href=\"mailto:petra.homburger@anti-clutterspitaeler-sh.ch\"><strong style=\"font-family: inherit; font-size: inherit;\">petra.homburger@<\/strong><strong style=\"font-family: inherit; font-size: inherit;\">anti-clutter<\/strong><strong style=\"font-family: inherit; font-size: inherit;\">spitaeler-sh.ch<\/strong><\/a><\/td>\n<td>Die Patienten, welche noch keine Vereinbarung zur R\u00fcckfallprophylaxe und Krisenintervention (VRK) haben, ob sie eine solche besprechen m\u00f6chten<\/td>\n<\/tr>\n<tr>\n<td><\/td>\n<td><\/td>\n<\/tr>\n<tr>\n<td style=\"background-color: #d8e4bc;\"><strong>Privatklinik Hohenegg<br \/>\n<\/strong><strong style=\"font-family: inherit; font-size: inherit;\">Anja Arnold<br \/>\n<\/strong><a href=\"mailto:anja.arnold@hohenegg.ch\"><strong>anja.arnold@hohenegg.ch<\/strong><\/a><\/td>\n<td>Keine Angaben<\/td>\n<\/tr>\n<tr>\n<td><\/td>\n<td><\/td>\n<\/tr>\n<tr>\n<td style=\"background-color: #d8e4bc;\"><strong>Spital Wallis<br \/>\n<\/strong><strong>Ursula Amherd<br \/>\n<\/strong><a style=\"font-family: inherit; font-size: inherit;\" href=\"mailto:ursula.amherd@hospitalvs.ch\"><strong>ursula.amherd@hospitalvs.ch<\/strong><\/a><\/td>\n<td>Der Patient ist zu wenig einbezogen<\/td>\n<\/tr>\n<tr>\n<td><\/td>\n<td><\/td>\n<\/tr>\n<tr>\n<td style=\"background-color: #d8e4bc;\"><strong>Clienia Schl\u00f6ssli<br \/>\n<\/strong><strong>J\u00fcrg Dinkel<br \/>\n<\/strong><a href=\"mailto:juerg.dinkel@clienia.ch\"><strong>juerg.dinkel@clienia.ch<\/strong><\/a><\/td>\n<td>\n<ul>\n<li>Informationen zur Patientenverf\u00fcgung werden angeboten und Patienten werden motiviert, sich damit zu besch\u00e4ftigen<\/li>\n<li>Es wird davon ausgegangen, dass das Ausf\u00fcllen im ambulanten Setting (privater Bereich oder amb. Therapie) erfolgt<\/li>\n<li>Die Patienten werden aufgefordert, vorhandene Pat.-Verf\u00fcgungen der Klinik als Kopien zu \u00fcbergeben und ins KIS ablegen zu lassen<\/li>\n<\/ul>\n<\/td>\n<\/tr>\n<tr>\n<td><\/td>\n<td><\/td>\n<\/tr>\n<tr>\n<td style=\"background-color: #d8e4bc;\"><strong>Centre Neuch\u00e2telois de Psychiatrie<br \/>\n<\/strong><strong style=\"font-family: inherit; font-size: inherit;\">Emmanuelle Garnier<br \/>\n<\/strong><a href=\"mailto:emmanuelle.garnier@cnp.ch\"><strong>emmanuelle.garnier@cnp.ch<\/strong><\/a><\/td>\n<td>\n<ul>\n<li>Patientenverf\u00fcgungen werden in die Behandlungspl\u00e4ne integriert<\/li>\n<li>Wenn Patienten und\/oder therapeutische Bezugsperson eine Wahl treffen, wird dies systematisch aufgezeigt<\/li>\n<li>Eine einmal getroffene Wahl kann jederzeit durch die Patienten oder die therapeutische Bezugsperson revidiert werden<\/li>\n<\/ul>\n<\/td>\n<\/tr>\n<tr>\n<td><\/td>\n<td><\/td>\n<\/tr>\n<tr>\n<td style=\"background-color: #d8e4bc;\"><strong>Netzwerk psychische Gesundheit<br \/>\n<\/strong><strong style=\"font-family: inherit; font-size: inherit;\">(R\u00e9seau sant\u00e9 mentale RSM )<br \/>\n<\/strong><strong style=\"font-family: inherit; font-size: inherit;\">Nicolas Racine<br \/>\n<\/strong><a style=\"font-family: inherit; font-size: inherit;\" href=\"mailto:nicolas.racine@sante-mentale.ch\"><strong>nicolas.racine@sante-mentale.ch<\/strong><\/a><strong style=\"font-family: inherit; font-size: inherit;\"><br \/>\n<\/strong><\/td>\n<td>\n<ul>\n<li>Bei Behandlungsgespr\u00e4chen darauf achten, dass die Notwendigkeit, eine Patientenverf\u00fcgung zu verfassen, besprochen wird.<\/li>\n<li>Die Fragen des Patienten zu diesem Thema beantworten, sodass er seine Entscheidung m\u00f6glichst gem\u00e4ss seinen \u00dcberzeugungen und Wertvorstellungen treffen kann.<\/li>\n<li>F\u00fcr das Pflegepersonal: f\u00fcr Hilfe und Antworten zur Verf\u00fcgung stehen, wenn der Patient Fragen zum Thema hat<\/li>\n<\/ul>\n<\/td>\n<\/tr>\n<tr>\n<td><\/td>\n<td><\/td>\n<\/tr>\n<tr>\n<td style=\"background-color: #d8e4bc;\"><strong>Clinica Viarnetto<br \/>\n<\/strong><strong style=\"font-family: inherit; font-size: inherit;\">A. Girardi<br \/>\n<\/strong><a style=\"font-family: inherit; font-size: inherit;\" href=\"mailto:a.girardi@clinicaviarnetto.ch\"><strong>a.girardi@clinicaviarnetto.ch<\/strong><\/a><\/td>\n<td>\n<ul>\n<li>Einverst\u00e4ndniserkl\u00e4rung<\/li>\n<li>Eventuelle vorzeitige Anweisungen<\/li>\n<li>Stetige interpersonelle Arbeit<\/li>\n<\/ul>\n<\/td>\n<\/tr>\n<\/tbody>\n<\/table>\n","protected":false},"excerpt":{"rendered":"<p>Klinik \/ Ansprechperson Handlungsfeld: Patientenverf\u00fcgung Adressaten: Betroffene Psychiatrie St. Gallen &#8211; Klinik St. Pirminsberg in Pf\u00e4fers Gerda Malojer gerda.malojer@psychiatrie-sg.ch In Zusammenarbeit mit der ProMenteSana wurde in einem trialogischen Prozess mit Betroffenen, Angeh\u00f6rigen und Fachleuten unterschiedlicher Professionen eine Psychiatrische Patientenverf\u00fcgung entwickelt Integration in das Wissensmanagement der Klinik und Psychiatriezentren Implementierung in Strukturen und Prozesse. Luzerner Psychiatrie &#8230; <a title=\"Handlungsfeld: Patientenverf\u00fcgung Adressat: Betroffene\" class=\"read-more\" href=\"https:\/\/swissmentalhealthcare.ch\/smhc\/respektvolle-wahrnehmung\/patientenverfuegung\/501-2\/\" aria-label=\"Mehr Informationen \u00fcber Handlungsfeld: Patientenverf\u00fcgung Adressat: Betroffene\">&gt;&gt;&gt;<\/a><\/p>\n","protected":false},"author":1,"featured_media":368,"parent":642,"menu_order":501,"comment_status":"closed","ping_status":"closed","template":"","meta":{"generate_page_header":"","footnotes":""},"class_list":{"0":"post-566","1":"page","2":"type-page","3":"status-publish","4":"has-post-thumbnail","6":"infinite-scroll-item"},"translation":{"provider":"WPGlobus","version":"3.0.2","language":"de","enabled_languages":["de","fr"],"languages":{"de":{"title":true,"content":true,"excerpt":false},"fr":{"title":false,"content":false,"excerpt":false}}},"_links":{"self":[{"href":"https:\/\/swissmentalhealthcare.ch\/smhc\/wp-json\/wp\/v2\/pages\/566","targetHints":{"allow":["GET"]}}],"collection":[{"href":"https:\/\/swissmentalhealthcare.ch\/smhc\/wp-json\/wp\/v2\/pages"}],"about":[{"href":"https:\/\/swissmentalhealthcare.ch\/smhc\/wp-json\/wp\/v2\/types\/page"}],"author":[{"embeddable":true,"href":"https:\/\/swissmentalhealthcare.ch\/smhc\/wp-json\/wp\/v2\/users\/1"}],"replies":[{"embeddable":true,"href":"https:\/\/swissmentalhealthcare.ch\/smhc\/wp-json\/wp\/v2\/comments?post=566"}],"version-history":[{"count":12,"href":"https:\/\/swissmentalhealthcare.ch\/smhc\/wp-json\/wp\/v2\/pages\/566\/revisions"}],"predecessor-version":[{"id":2059,"href":"https:\/\/swissmentalhealthcare.ch\/smhc\/wp-json\/wp\/v2\/pages\/566\/revisions\/2059"}],"up":[{"embeddable":true,"href":"https:\/\/swissmentalhealthcare.ch\/smhc\/wp-json\/wp\/v2\/pages\/642"}],"wp:featuredmedia":[{"embeddable":true,"href":"https:\/\/swissmentalhealthcare.ch\/smhc\/wp-json\/wp\/v2\/media\/368"}],"wp:attachment":[{"href":"https:\/\/swissmentalhealthcare.ch\/smhc\/wp-json\/wp\/v2\/media?parent=566"}],"curies":[{"name":"wp","href":"https:\/\/api.w.org\/{rel}","templated":true}]}}