{"id":560,"date":"2017-07-24T15:10:37","date_gmt":"2017-07-24T15:10:37","guid":{"rendered":"http:\/\/swissmentalhealthcare.ch\/smhc\/?page_id=560"},"modified":"2023-01-18T09:50:02","modified_gmt":"2023-01-18T09:50:02","slug":"504-2","status":"publish","type":"page","link":"https:\/\/swissmentalhealthcare.ch\/smhc\/respektvolle-wahrnehmung\/patientenverfuegung\/504-2\/","title":{"rendered":"Handlungsfeld: Patientenverf\u00fcgung <br>Adressat: Politik"},"content":{"rendered":"<table style=\"width: 100%; height: 2000px;\">\n<tbody>\n<tr style=\"height: 48px;\">\n<td style=\"text-align: center; height: 48px;\"><strong>Klinik \/ Ansprechperson<\/strong><\/td>\n<td style=\"background-color: #d8e4bc; text-align: center; height: 48px;\"><strong>Handlungsfeld: Patientenverf\u00fcgung<br \/>\n<\/strong><strong style=\"font-family: inherit; font-size: inherit;\">Adressaten: Politik<\/strong><\/td>\n<\/tr>\n<tr style=\"height: 96px;\">\n<td style=\"background-color: #d8e4bc; height: 96px;\"><strong>Psychiatrie\u00a0 St. Gallen &#8211; Klinik St. Pirminsberg in Pf\u00e4fers<br \/>\n<\/strong><strong style=\"font-family: inherit; font-size: inherit;\">Gerda Malojer<br \/>\n<\/strong><a href=\"mailto:gerda.malojer@psychiatrie-sg.ch\"><strong>gerda.malojer@psychiatrie-sg.ch<\/strong><\/a><strong style=\"font-family: inherit; font-size: inherit;\"><br \/>\n<\/strong><\/td>\n<td style=\"height: 96px;\">Keine Angaben<\/td>\n<\/tr>\n<tr style=\"height: 24px;\">\n<td style=\"height: 24px;\"><\/td>\n<td style=\"height: 24px;\"><\/td>\n<\/tr>\n<tr style=\"height: 96px;\">\n<td style=\"background-color: #d8e4bc; height: 96px;\"><strong>Luzerner Psychiatrie<br \/>\n<\/strong>vakant<\/td>\n<td style=\"height: 96px;\">In der Alterspsychiatrie begegnen wir bei ca. 20% der Pat. den somatisch orientierten Patientenverf\u00fcgungen, den psychiatrischen kaum. Wir empfehlen anstelle der psych. Patientenverf\u00fcgung die Behandlungsvereinbarung. F\u00fcr die Erstellung einer somatischen PV empfehlen wir den Hausarzt als Partner<\/td>\n<\/tr>\n<tr style=\"height: 24px;\">\n<td style=\"height: 24px;\"><\/td>\n<td style=\"height: 24px;\"><\/td>\n<\/tr>\n<tr style=\"height: 72px;\">\n<td style=\"background-color: #d8e4bc; height: 72px;\"><strong>Clienia Privatklinik Littenheid<br \/>\n<\/strong><strong style=\"font-family: inherit; font-size: inherit;\">Hubert Dietschi<br \/>\n<\/strong><a style=\"font-family: inherit; font-size: inherit;\" href=\"mailto:hubert.dietschi@clienia.ch\"><strong>hubert.dietschi@clienia.ch<\/strong><\/a><strong style=\"font-family: inherit; font-size: inherit;\"><br \/>\n<\/strong><\/td>\n<td style=\"height: 72px;\">Keine Aktivit\u00e4t<\/td>\n<\/tr>\n<tr style=\"height: 24px;\">\n<td style=\"height: 24px;\"><\/td>\n<td style=\"height: 24px;\"><\/td>\n<\/tr>\n<tr style=\"height: 72px;\">\n<td style=\"background-color: #d8e4bc; height: 72px;\"><strong>PZM Psychiatriezentrum M\u00fcnsingen<br \/>\n<\/strong><strong style=\"font-family: inherit; font-size: inherit;\">Brigitte Egli<br \/>\n<\/strong><a href=\"mailto:brigitte.egli@pzmag.ch\"><strong>brigitte.egli@pzmag.ch<\/strong><\/a><\/td>\n<td style=\"height: 72px;\">Open door policy<\/td>\n<\/tr>\n<tr style=\"height: 24px;\">\n<td style=\"height: 24px;\"><\/td>\n<td style=\"height: 24px;\"><\/td>\n<\/tr>\n<tr style=\"height: 96px;\">\n<td style=\"background-color: #d8e4bc; height: 96px;\"><strong>Privatklinik Meiringen<br \/>\n<\/strong><strong style=\"font-family: inherit; font-size: inherit;\">Marianne von Dach Nicolay<\/strong><a style=\"font-family: inherit; font-size: inherit;\" href=\"mailto:marianne.vondachnicolay@privatklinik-meiringen.ch\"><strong><br \/>\nmarianne.vondachnicolay@privatklinik-meiringen.ch<\/strong><\/a><\/td>\n<td style=\"height: 96px;\">Keine Aktivit\u00e4t<\/td>\n<\/tr>\n<tr style=\"height: 24px;\">\n<td style=\"height: 24px;\"><\/td>\n<td style=\"height: 24px;\"><\/td>\n<\/tr>\n<tr style=\"height: 80px;\">\n<td style=\"background-color: #d8e4bc; height: 80px;\"><strong>Psychiatrischen Dienste Aargau<br \/>\n<\/strong><strong style=\"font-family: inherit; font-size: inherit;\">Eduard Zander<br \/>\n<\/strong><a href=\"mailto:eduard.zander@pdag.ch\"><strong>eduard.zander@pdag.ch<\/strong><\/a><\/td>\n<td style=\"height: 80px;\">\n<ul>\n<li>Patientenschutz<\/li>\n<li>Selbstbestimmung als Patient<\/li>\n<\/ul>\n<\/td>\n<\/tr>\n<tr style=\"height: 24px;\">\n<td style=\"height: 24px;\"><\/td>\n<td style=\"height: 24px;\"><\/td>\n<\/tr>\n<tr style=\"height: 80px;\">\n<td style=\"background-color: #d8e4bc; height: 80px;\"><strong>Klinik SGM Langenthal<br \/>\n<\/strong><strong>Iris Uffer<br \/>\n<\/strong><a style=\"font-family: inherit; font-size: inherit;\" href=\"mailto:iris.uffer@klinik-sgm.ch\"><strong>iris.uffer@klinik-sgm.ch<\/strong><\/a><\/td>\n<td style=\"height: 80px;\">\n<ul>\n<li>Patientenschutz: Ja<\/li>\n<li>Selbstbestimmung als Patient: Ja<\/li>\n<\/ul>\n<\/td>\n<\/tr>\n<tr style=\"height: 24px;\">\n<td style=\"height: 24px;\"><\/td>\n<td style=\"height: 24px;\"><\/td>\n<\/tr>\n<tr style=\"height: 72px;\">\n<td style=\"background-color: #d8e4bc; height: 72px;\"><strong>Psychiatrische Dienste Graub\u00fcnden<br \/>\n<\/strong><strong>Andreas Werner-Reisdorf<br \/>\n<a href=\"mailto:andreas.werner-reisdorf@pdgr.ch\">andreas.werner-reisdorf@pdgr.ch<\/a><\/strong><\/td>\n<td style=\"height: 72px;\">\n<ul>\n<li>Aktive Mitgestaltung Palliativ Care GR<\/li>\n<\/ul>\n<\/td>\n<\/tr>\n<tr style=\"height: 24px;\">\n<td style=\"height: 24px;\"><\/td>\n<td style=\"height: 24px;\"><\/td>\n<\/tr>\n<tr style=\"height: 72px;\">\n<td style=\"background-color: #d8e4bc; height: 72px;\"><strong>Integrierte Psychiatrie Winterthur<br \/>\n<\/strong><strong style=\"font-family: inherit; font-size: inherit;\">Bruno Dolci<br \/>\n<\/strong><a href=\"mailto:bruno.dolci@ipw.ch\"><strong>bruno.dolci@ipw.ch<\/strong><\/a><\/td>\n<td style=\"height: 72px;\">keine Aktivit\u00e4t unter diesem Titel<\/td>\n<\/tr>\n<tr style=\"height: 24px;\">\n<td style=\"height: 24px;\"><\/td>\n<td style=\"height: 24px;\"><\/td>\n<\/tr>\n<tr style=\"height: 72px;\">\n<td style=\"background-color: #d8e4bc; height: 72px;\"><strong>Psychiatrie St. Gallen<br \/>\n<\/strong><strong>Esther Linka<br \/>\n<\/strong><a href=\"mailto:Esther.linka@psychiatrie-sg.ch\"><strong>Esther.linka@psychiatrie-sg.ch <\/strong><\/a><\/td>\n<td style=\"height: 72px;\">Ist als wichtiges Thema identifiziert und umgesetzt worden<\/td>\n<\/tr>\n<tr style=\"height: 24px;\">\n<td style=\"height: 24px;\"><\/td>\n<td style=\"height: 24px;\"><\/td>\n<\/tr>\n<tr style=\"height: 72px;\">\n<td style=\"background-color: #d8e4bc; height: 72px;\"><strong>Sanatorium Kilchberg AG<br \/>\n<\/strong><strong style=\"font-family: inherit; font-size: inherit;\">Harald M\u00fcller<br \/>\n<\/strong><a href=\"mailto:h.mueller@sanatorium-kilchberg.ch\"><strong>h.mueller@sanatorium-kilchberg.ch<\/strong><\/a><\/td>\n<td style=\"height: 72px;\">Keine konkreten Aktivit\u00e4ten<\/td>\n<\/tr>\n<tr style=\"height: 24px;\">\n<td style=\"height: 24px;\"><\/td>\n<td style=\"height: 24px;\"><\/td>\n<\/tr>\n<tr style=\"height: 96px;\">\n<td style=\"background-color: #d8e4bc; height: 96px;\"><strong>Psychiatriezentrum Breitenau<br \/>\n<\/strong><strong>Petra Homburger<br \/>\n<\/strong><a href=\"mailto:petra.homburger@anti-clutterspitaeler-sh.ch\"><strong style=\"font-family: inherit; font-size: inherit;\">petra.homburger@<\/strong><strong style=\"font-family: inherit; font-size: inherit;\">anti-clutter<\/strong><strong style=\"font-family: inherit; font-size: inherit;\">spitaeler-sh.ch<\/strong><\/a><\/td>\n<td style=\"height: 96px;\">Betroffene Patienten sind in einer neuen Krise nicht immer einfach einverstanden mit ihrer fr\u00fcheren Haltung und Einsch\u00e4tzung, oft sind trotzdem l\u00e4ngere Diskussionen erforderlich, um die f\u00fcr alle Beteiligten richtige Entscheidung zu finden<\/td>\n<\/tr>\n<tr style=\"height: 24px;\">\n<td style=\"height: 24px;\"><\/td>\n<td style=\"height: 24px;\"><\/td>\n<\/tr>\n<tr style=\"height: 72px;\">\n<td style=\"background-color: #d8e4bc; height: 72px;\"><strong>Privatklinik Hohenegg<br \/>\n<\/strong><strong style=\"font-family: inherit; font-size: inherit;\">Anja Arnold<br \/>\n<\/strong><a href=\"mailto:anja.arnold@hohenegg.ch\"><strong>anja.arnold@hohenegg.ch<\/strong><\/a><\/td>\n<td style=\"height: 72px;\">Keine Angaben<\/td>\n<\/tr>\n<tr style=\"height: 24px;\">\n<td style=\"height: 24px;\"><\/td>\n<td style=\"height: 24px;\"><\/td>\n<\/tr>\n<tr style=\"height: 72px;\">\n<td style=\"background-color: #d8e4bc; height: 72px;\"><strong>Spital Wallis<br \/>\n<\/strong><strong>Ursula Amherd<br \/>\n<\/strong><a style=\"font-family: inherit; font-size: inherit;\" href=\"mailto:ursula.amherd@hospitalvs.ch\"><strong>ursula.amherd@hospitalvs.ch<\/strong><\/a><\/td>\n<td style=\"height: 72px;\">Kann ich nicht beantworten<\/td>\n<\/tr>\n<tr style=\"height: 24px;\">\n<td style=\"height: 24px;\"><\/td>\n<td style=\"height: 24px;\"><\/td>\n<\/tr>\n<tr style=\"height: 72px;\">\n<td style=\"background-color: #d8e4bc; height: 72px;\"><strong>Clienia Schl\u00f6ssli<br \/>\n<\/strong><strong>J\u00fcrg Dinkel<br \/>\n<\/strong><a href=\"mailto:juerg.dinkel@clienia.ch\"><strong>juerg.dinkel@clienia.ch<\/strong><\/a><\/td>\n<td style=\"height: 72px;\">Keine Aktivit\u00e4t<\/td>\n<\/tr>\n<tr style=\"height: 24px;\">\n<td style=\"height: 24px;\"><\/td>\n<td style=\"height: 24px;\"><\/td>\n<\/tr>\n<tr style=\"height: 152px;\">\n<td style=\"background-color: #d8e4bc; height: 152px;\"><strong>Centre Neuch\u00e2telois de Psychiatrie<br \/>\n<\/strong><strong style=\"font-family: inherit; font-size: inherit;\">Emmanuelle Garnier<br \/>\n<\/strong><a href=\"mailto:emmanuelle.garnier@cnp.ch\"><strong>emmanuelle.garnier@cnp.ch<\/strong><\/a><\/td>\n<td style=\"height: 152px;\">\n<ul>\n<li>Umsetzung des Erwachsenenschutzrechts<\/li>\n<li>Beobachtung durch die psychiatrische Kontrollkommission<\/li>\n<li>Verbindung mit \u00f6ffentlichen Daten<\/li>\n<li>Einbezug der Institution in die \u00dcberlegungen der Gruppe der Peers (ExpertInnen durch Erfahrung).<\/li>\n<\/ul>\n<\/td>\n<\/tr>\n<tr style=\"height: 24px;\">\n<td style=\"height: 24px;\"><\/td>\n<td style=\"height: 24px;\"><\/td>\n<\/tr>\n<tr style=\"height: 128px;\">\n<td style=\"background-color: #d8e4bc; height: 128px;\"><strong>Netzwerk psychische Gesundheit<br \/>\n<\/strong><strong style=\"font-family: inherit; font-size: inherit;\">(R\u00e9seau sant\u00e9 mentale RSM )<br \/>\n<\/strong><strong style=\"font-family: inherit; font-size: inherit;\">Nicolas Racine<br \/>\n<\/strong><a style=\"font-family: inherit; font-size: inherit;\" href=\"mailto:nicolas.racine@sante-mentale.ch\"><strong>nicolas.racine@sante-mentale.ch<\/strong><\/a><strong style=\"font-family: inherit; font-size: inherit;\"><br \/>\n<\/strong><\/td>\n<td style=\"height: 128px;\">\n<ul>\n<li>Patienten darin unterst\u00fctzen, ihre Bed\u00fcrfnisse und W\u00fcnsche auszudr\u00fccken, damit wir ihnen bestm\u00f6glich entsprechen k\u00f6nnen.<\/li>\n<li>Den Patienten ihre Rechte und Pflichten unter Ber\u00fccksichtigung der rechtlichen und ethischen Aspekte erkl\u00e4ren.<\/li>\n<\/ul>\n<\/td>\n<\/tr>\n<tr style=\"height: 24px;\">\n<td style=\"height: 24px;\"><\/td>\n<td style=\"height: 24px;\"><\/td>\n<\/tr>\n<tr style=\"height: 72px;\">\n<td style=\"background-color: #d8e4bc; height: 72px;\"><strong>Clinica Viarnetto<br \/>\n<\/strong><strong style=\"font-family: inherit; font-size: inherit;\">A. Girardi<br \/>\n<\/strong><a style=\"font-family: inherit; font-size: inherit;\" href=\"mailto:a.girardi@clinicaviarnetto.ch\"><strong>a.girardi@clinicaviarnetto.ch<\/strong><\/a><\/td>\n<td style=\"height: 72px;\">Einhaltung der in diesem Bereich g\u00fcltigen Rechtsvorschriften<\/td>\n<\/tr>\n<\/tbody>\n<\/table>\n","protected":false},"excerpt":{"rendered":"<p>Klinik \/ Ansprechperson Handlungsfeld: Patientenverf\u00fcgung Adressaten: Politik Psychiatrie\u00a0 St. Gallen &#8211; Klinik St. Pirminsberg in Pf\u00e4fers Gerda Malojer gerda.malojer@psychiatrie-sg.ch Keine Angaben Luzerner Psychiatrie vakant In der Alterspsychiatrie begegnen wir bei ca. 20% der Pat. den somatisch orientierten Patientenverf\u00fcgungen, den psychiatrischen kaum. Wir empfehlen anstelle der psych. Patientenverf\u00fcgung die Behandlungsvereinbarung. F\u00fcr die Erstellung einer somatischen PV &#8230; <a title=\"Handlungsfeld: Patientenverf\u00fcgung Adressat: Politik\" class=\"read-more\" href=\"https:\/\/swissmentalhealthcare.ch\/smhc\/respektvolle-wahrnehmung\/patientenverfuegung\/504-2\/\" aria-label=\"Mehr Informationen \u00fcber Handlungsfeld: Patientenverf\u00fcgung Adressat: Politik\">&gt;&gt;&gt;<\/a><\/p>\n","protected":false},"author":1,"featured_media":368,"parent":642,"menu_order":504,"comment_status":"closed","ping_status":"closed","template":"","meta":{"generate_page_header":"","footnotes":""},"class_list":{"0":"post-560","1":"page","2":"type-page","3":"status-publish","4":"has-post-thumbnail","6":"infinite-scroll-item"},"translation":{"provider":"WPGlobus","version":"3.0.2","language":"de","enabled_languages":["de","fr"],"languages":{"de":{"title":true,"content":true,"excerpt":false},"fr":{"title":false,"content":false,"excerpt":false}}},"_links":{"self":[{"href":"https:\/\/swissmentalhealthcare.ch\/smhc\/wp-json\/wp\/v2\/pages\/560","targetHints":{"allow":["GET"]}}],"collection":[{"href":"https:\/\/swissmentalhealthcare.ch\/smhc\/wp-json\/wp\/v2\/pages"}],"about":[{"href":"https:\/\/swissmentalhealthcare.ch\/smhc\/wp-json\/wp\/v2\/types\/page"}],"author":[{"embeddable":true,"href":"https:\/\/swissmentalhealthcare.ch\/smhc\/wp-json\/wp\/v2\/users\/1"}],"replies":[{"embeddable":true,"href":"https:\/\/swissmentalhealthcare.ch\/smhc\/wp-json\/wp\/v2\/comments?post=560"}],"version-history":[{"count":13,"href":"https:\/\/swissmentalhealthcare.ch\/smhc\/wp-json\/wp\/v2\/pages\/560\/revisions"}],"predecessor-version":[{"id":2064,"href":"https:\/\/swissmentalhealthcare.ch\/smhc\/wp-json\/wp\/v2\/pages\/560\/revisions\/2064"}],"up":[{"embeddable":true,"href":"https:\/\/swissmentalhealthcare.ch\/smhc\/wp-json\/wp\/v2\/pages\/642"}],"wp:featuredmedia":[{"embeddable":true,"href":"https:\/\/swissmentalhealthcare.ch\/smhc\/wp-json\/wp\/v2\/media\/368"}],"wp:attachment":[{"href":"https:\/\/swissmentalhealthcare.ch\/smhc\/wp-json\/wp\/v2\/media?parent=560"}],"curies":[{"name":"wp","href":"https:\/\/api.w.org\/{rel}","templated":true}]}}