{"id":554,"date":"2017-07-24T15:06:24","date_gmt":"2017-07-24T15:06:24","guid":{"rendered":"http:\/\/swissmentalhealthcare.ch\/smhc\/?page_id=554"},"modified":"2023-01-18T09:42:37","modified_gmt":"2023-01-18T09:42:37","slug":"404-2","status":"publish","type":"page","link":"https:\/\/swissmentalhealthcare.ch\/smhc\/respektvolle-wahrnehmung\/open-dialogue\/404-2\/","title":{"rendered":"Handlungsfeld: Open Dialogue <br>Adressat: Politik"},"content":{"rendered":"<table>\n<tbody>\n<tr>\n<td style=\"text-align: center;\"><strong>Klinik \/ Ansprechperson<\/strong><\/td>\n<td style=\"background-color: #d8e4bc; text-align: center;\"><strong>Handlungsfeld: Open Dialogue<br \/>\n<\/strong><strong style=\"font-family: inherit; font-size: inherit;\">Adressat: Politik<\/strong><\/td>\n<\/tr>\n<tr>\n<td style=\"background-color: #d8e4bc;\"><strong>Psychiatrie\u00a0 St. Gallen d &#8211; Klinik St. Pirminsberg in Pf\u00e4fers<br \/>\n<\/strong><strong style=\"font-family: inherit; font-size: inherit;\">Gerda Malojer<br \/>\n<\/strong><strong>g<a href=\"mailto:erda.malojer@psychiatrie-sg.ch\">erda.malojer@psychiatrie-sg.ch<\/a><\/strong><strong style=\"font-family: inherit; font-size: inherit;\"><br \/>\n<\/strong><\/td>\n<td>Keine Angaben<\/td>\n<\/tr>\n<tr>\n<td><\/td>\n<td><\/td>\n<\/tr>\n<tr>\n<td style=\"background-color: #d8e4bc;\"><strong>Luzerner Psychiatrie<br \/>\n<\/strong><b>vakant<\/b><\/td>\n<td>Wird in der Luzerner Psychiatrie erst ab 2017\/18 eingef\u00fchrt<\/td>\n<\/tr>\n<tr>\n<td><\/td>\n<td><\/td>\n<\/tr>\n<tr>\n<td style=\"background-color: #d8e4bc;\"><strong>Clienia Privatklinik Littenheid<br \/>\n<\/strong><strong style=\"font-family: inherit; font-size: inherit;\">Hubert Dietschi<br \/>\n<\/strong><a style=\"font-family: inherit; font-size: inherit;\" href=\"mailto:hubert.dietschi@clienia.ch\"><strong>hubert.dietschi@clienia.ch<\/strong><\/a><strong style=\"font-family: inherit; font-size: inherit;\"><br \/>\n<\/strong><\/td>\n<td>Keine Erfahrung<\/td>\n<\/tr>\n<tr>\n<td><\/td>\n<td><\/td>\n<\/tr>\n<tr>\n<td style=\"background-color: #d8e4bc;\"><strong>PZM Psychiatriezentrum M\u00fcnsingen<br \/>\n<\/strong><strong style=\"font-family: inherit; font-size: inherit;\">Brigitte Egli<br \/>\n<\/strong><a href=\"mailto:brigitte.egli@pzmag.ch\"><strong>brigitte.egli@pzmag.ch<\/strong><\/a><\/td>\n<td>Erleichterte Wiedereintrittsvereinbarungen<\/td>\n<\/tr>\n<tr>\n<td><\/td>\n<td><\/td>\n<\/tr>\n<tr>\n<td style=\"background-color: #d8e4bc;\"><strong>Privatklinik Meiringen<br \/>\n<\/strong><strong style=\"font-family: inherit; font-size: inherit;\">Marianne von Dach Nicolay<\/strong><a style=\"font-family: inherit; font-size: inherit;\" href=\"mailto:marianne.vondachnicolay@privatklinik-meiringen.ch\"><strong><br \/>\nmarianne.vondachnicolay@privatklinik-meiringen.ch<\/strong><\/a><\/td>\n<td>Keine Angaben<\/td>\n<\/tr>\n<tr>\n<td><\/td>\n<td><\/td>\n<\/tr>\n<tr>\n<td style=\"background-color: #d8e4bc;\"><strong>Psychiatrischen Dienste Aargau<br \/>\n<\/strong><strong style=\"font-family: inherit; font-size: inherit;\">Eduard Zander<br \/>\n<\/strong><a href=\"mailto:eduard.zander@pdag.ch\"><strong>eduard.zander@pdag.ch<\/strong><\/a><\/td>\n<td>\n<ul>\n<li>Konsequente Umsetzung ambulant vor station\u00e4ren<\/li>\n<li>Niederschwelliger Zugang (WZW)<\/li>\n<li>Gesundheitsf\u00f6rderung\/Fr\u00fcherkennung<\/li>\n<\/ul>\n<\/td>\n<\/tr>\n<tr>\n<td><\/td>\n<td><\/td>\n<\/tr>\n<tr>\n<td style=\"background-color: #d8e4bc;\"><strong>Klinik SGM Langenthal<br \/>\n<\/strong><strong>Iris Uffer<br \/>\n<\/strong><a style=\"font-family: inherit; font-size: inherit;\" href=\"mailto:iris.uffer@klinik-sgm.ch\"><strong>iris.uffer@klinik-sgm.ch<\/strong><\/a><\/td>\n<td>\n<ul>\n<li>Soziale Teilhabe (UN Behindertenrechtskonvention): Nein<\/li>\n<li>Konsequente Umsetzung amb. vor stat.: in der Regel ja.<\/li>\n<li>Niederschwelliger Zugang: Wir arbeiten in der Regel mit Abkl\u00e4rungs- und Beratungsgespr\u00e4chen vor Eintritt<\/li>\n<li>Gesundheitsf\u00f6rderung\/Fr\u00fcherkennung: im amb. Setting wird sehr darauf geachtet<\/li>\n<\/ul>\n<\/td>\n<\/tr>\n<tr>\n<td><\/td>\n<td><\/td>\n<\/tr>\n<tr>\n<td style=\"background-color: #d8e4bc;\"><strong>Psychiatrische Dienste Graub\u00fcnden<br \/>\n<\/strong><strong>Andreas Werner-Reisdorf<br \/>\n<a href=\"mailto:andreas.werner-reisdorf@pdgr.ch\">andreas.werner-reisdorf@pdgr.ch<\/a><\/strong><\/td>\n<td>\n<ul>\n<li>Ausbau Tageskliniken dezentral<\/li>\n<li>Projekt Ambulante Krisenintervention<\/li>\n<\/ul>\n<\/td>\n<\/tr>\n<tr>\n<td><\/td>\n<td><\/td>\n<\/tr>\n<tr>\n<td style=\"background-color: #d8e4bc;\"><strong>Integrierte Psychiatrie Winterthur<br \/>\n<\/strong><strong style=\"font-family: inherit; font-size: inherit;\">Bruno Dolci<br \/>\n<\/strong><a href=\"mailto:bruno.dolci@ipw.ch\"><strong>bruno.dolci@ipw.ch<\/strong><\/a><\/td>\n<td>\n<ul>\n<li>Bis jetzt verwenden wir das Konzept und den Begriff &#8218;Open Dialog&#8216; noch nicht.<\/li>\n<li>Systemische Versorgungsans\u00e4tze, Arbeit in Netzwerken, Empowerment, Beteiligung bei Entscheidungen sind Element die bei uns gepflegt und umgesetzt werden<\/li>\n<\/ul>\n<\/td>\n<\/tr>\n<tr>\n<td><\/td>\n<td><\/td>\n<\/tr>\n<tr>\n<td style=\"background-color: #d8e4bc;\"><strong>Psychiatrie St. Gallen &#8211; Psychiatrische Klinik Wil<br \/>\n<\/strong><strong>Esther Linka<br \/>\n<\/strong><a href=\"mailto:Esther.linka@psychiatrie-sg.ch\"><strong>Esther.linka@psychiatrie-sg.ch <\/strong><\/a><\/td>\n<td>Keine Angaben<\/td>\n<\/tr>\n<tr>\n<td><\/td>\n<td><\/td>\n<\/tr>\n<tr>\n<td style=\"background-color: #d8e4bc;\"><strong>Sanatorium Kilchberg AG<br \/>\n<\/strong><strong style=\"font-family: inherit; font-size: inherit;\">Harald M\u00fcller<br \/>\n<\/strong><a href=\"mailto:h.mueller@sanatorium-kilchberg.ch\"><strong>h.mueller@sanatorium-kilchberg.ch<\/strong><\/a><\/td>\n<td>Keine konkrete Umsetzung<\/td>\n<\/tr>\n<tr>\n<td><\/td>\n<td><\/td>\n<\/tr>\n<tr>\n<td style=\"background-color: #d8e4bc;\"><strong>Psychiatriezentrum Breitenau<br \/>\n<\/strong><strong>Petra Homburger<br \/>\n<\/strong><a href=\"mailto:petra.homburger@anti-clutterspitaeler-sh.ch\"><strong style=\"font-family: inherit; font-size: inherit;\">petra.homburger@<\/strong><strong style=\"font-family: inherit; font-size: inherit;\">anti-clutter<\/strong><strong style=\"font-family: inherit; font-size: inherit;\">spitaeler-sh.ch<\/strong><\/a><\/td>\n<td>\n<ul>\n<li>Soziale Teilhabe: Beispiel: Bei jeder Abstimmung steht eine Abstimmungsurne im Klinikgeb\u00e4ude zur Verf\u00fcgung.<\/li>\n<li>Das Konzept ambulant vor station\u00e4r entspricht einerseits unserer Grundhaltung, die Stationen bieten ambulante Nachbehandlungen direkt an.<\/li>\n<li>Wir bieten ausserdem die M\u00f6glichkeit, auch kurzfristig in Krisensituationen z.B. f\u00fcr eine Nacht in die Klinik einzutreten und am n\u00e4chsten Morgen wieder auszutreten.<\/li>\n<li>Gesundheitsf\u00f6rderung &#8211; Psychoedukation etc.<\/li>\n<\/ul>\n<\/td>\n<\/tr>\n<tr>\n<td><\/td>\n<td><\/td>\n<\/tr>\n<tr>\n<td style=\"background-color: #d8e4bc;\"><strong>Privatklinik Hohenegg<br \/>\n<\/strong><strong style=\"font-family: inherit; font-size: inherit;\">Anja Arnold<br \/>\n<\/strong><a href=\"mailto:anja.arnold@hohenegg.ch\"><strong>anja.arnold@hohenegg.ch<\/strong><\/a><\/td>\n<td>Keine Angaben<\/td>\n<\/tr>\n<tr>\n<td><\/td>\n<td><\/td>\n<\/tr>\n<tr>\n<td style=\"background-color: #d8e4bc;\"><strong>Spital Wallis<br \/>\n<\/strong><strong>Ursula Amherd<br \/>\n<\/strong><a style=\"font-family: inherit; font-size: inherit;\" href=\"mailto:ursula.amherd@hospitalvs.ch\"><strong>ursula.amherd@hospitalvs.ch<\/strong><\/a><\/td>\n<td>Nicht umgesetzt<\/td>\n<\/tr>\n<tr>\n<td><\/td>\n<td><\/td>\n<\/tr>\n<tr>\n<td style=\"background-color: #d8e4bc;\"><strong>Clienia Schl\u00f6ssli<br \/>\n<\/strong><strong>J\u00fcrg Dinkel<br \/>\n<\/strong><a href=\"mailto:juerg.dinkel@clienia.ch\"><strong>juerg.dinkel@clienia.ch<\/strong><\/a><\/td>\n<td>Keine Erfahrung<\/td>\n<\/tr>\n<tr>\n<td><\/td>\n<td><\/td>\n<\/tr>\n<tr>\n<td style=\"background-color: #d8e4bc;\"><strong>Centre Neuch\u00e2telois de Psychiatrie<br \/>\n<\/strong><strong style=\"font-family: inherit; font-size: inherit;\">Emmanuelle Garnier<br \/>\n<\/strong><a href=\"mailto:emmanuelle.garnier@cnp.ch\"><strong>emmanuelle.garnier@cnp.ch<\/strong><\/a><\/td>\n<td>\n<ul>\n<li>F\u00f6rderung eines Strategieplans f\u00fcr unsere Institution, welcher das neue Erwachsenenschutzrecht priorisiert<\/li>\n<li>Einen niederschwelligen Zugang erleichtert<\/li>\n<li>In erster Linie ambulante Behandlungen weiterentwickelt<\/li>\n<\/ul>\n<\/td>\n<\/tr>\n<tr>\n<td><\/td>\n<td><\/td>\n<\/tr>\n<tr>\n<td style=\"background-color: #d8e4bc;\"><strong>Netzwerk psychische Gesundheit<br \/>\n<\/strong><strong style=\"font-family: inherit; font-size: inherit;\">(R\u00e9seau sant\u00e9 mentale RSM )<br \/>\n<\/strong><strong style=\"font-family: inherit; font-size: inherit;\">Nicolas Racine<br \/>\n<\/strong><a style=\"font-family: inherit; font-size: inherit;\" href=\"mailto:nicolas.racine@sante-mentale.ch\"><strong>nicolas.racine@sante-mentale.ch<\/strong><\/a><strong style=\"font-family: inherit; font-size: inherit;\"><br \/>\n<\/strong><\/td>\n<td>Zurzeit in Entwicklung beim Netzwerk psychische Gesundheit AG durch die Weiterentwicklung der gemeindenahen psychosozialen Versorgung und durch das Case Management<\/td>\n<\/tr>\n<tr>\n<td><\/td>\n<td><\/td>\n<\/tr>\n<tr>\n<td style=\"background-color: #d8e4bc;\"><strong>Clinica Viarnetto<br \/>\n<\/strong><strong style=\"font-family: inherit; font-size: inherit;\">A. Girardi<br \/>\n<\/strong><a style=\"font-family: inherit; font-size: inherit;\" href=\"mailto:a.girardi@clinicaviarnetto.ch\"><strong>a.girardi@clinicaviarnetto.ch<\/strong><\/a><\/td>\n<td>Keine Angaben<\/td>\n<\/tr>\n<\/tbody>\n<\/table>\n","protected":false},"excerpt":{"rendered":"<p>Klinik \/ Ansprechperson Handlungsfeld: Open Dialogue Adressat: Politik Psychiatrie\u00a0 St. Gallen d &#8211; Klinik St. Pirminsberg in Pf\u00e4fers Gerda Malojer gerda.malojer@psychiatrie-sg.ch Keine Angaben Luzerner Psychiatrie vakant Wird in der Luzerner Psychiatrie erst ab 2017\/18 eingef\u00fchrt Clienia Privatklinik Littenheid Hubert Dietschi hubert.dietschi@clienia.ch Keine Erfahrung PZM Psychiatriezentrum M\u00fcnsingen Brigitte Egli brigitte.egli@pzmag.ch Erleichterte Wiedereintrittsvereinbarungen Privatklinik Meiringen Marianne von &#8230; <a title=\"Handlungsfeld: Open Dialogue Adressat: Politik\" class=\"read-more\" href=\"https:\/\/swissmentalhealthcare.ch\/smhc\/respektvolle-wahrnehmung\/open-dialogue\/404-2\/\" aria-label=\"Mehr Informationen \u00fcber Handlungsfeld: Open Dialogue Adressat: Politik\">&gt;&gt;&gt;<\/a><\/p>\n","protected":false},"author":1,"featured_media":368,"parent":653,"menu_order":404,"comment_status":"closed","ping_status":"closed","template":"","meta":{"generate_page_header":"","footnotes":""},"class_list":{"0":"post-554","1":"page","2":"type-page","3":"status-publish","4":"has-post-thumbnail","6":"infinite-scroll-item"},"translation":{"provider":"WPGlobus","version":"3.0.2","language":"de","enabled_languages":["de","fr"],"languages":{"de":{"title":true,"content":true,"excerpt":false},"fr":{"title":false,"content":false,"excerpt":false}}},"_links":{"self":[{"href":"https:\/\/swissmentalhealthcare.ch\/smhc\/wp-json\/wp\/v2\/pages\/554","targetHints":{"allow":["GET"]}}],"collection":[{"href":"https:\/\/swissmentalhealthcare.ch\/smhc\/wp-json\/wp\/v2\/pages"}],"about":[{"href":"https:\/\/swissmentalhealthcare.ch\/smhc\/wp-json\/wp\/v2\/types\/page"}],"author":[{"embeddable":true,"href":"https:\/\/swissmentalhealthcare.ch\/smhc\/wp-json\/wp\/v2\/users\/1"}],"replies":[{"embeddable":true,"href":"https:\/\/swissmentalhealthcare.ch\/smhc\/wp-json\/wp\/v2\/comments?post=554"}],"version-history":[{"count":11,"href":"https:\/\/swissmentalhealthcare.ch\/smhc\/wp-json\/wp\/v2\/pages\/554\/revisions"}],"predecessor-version":[{"id":2072,"href":"https:\/\/swissmentalhealthcare.ch\/smhc\/wp-json\/wp\/v2\/pages\/554\/revisions\/2072"}],"up":[{"embeddable":true,"href":"https:\/\/swissmentalhealthcare.ch\/smhc\/wp-json\/wp\/v2\/pages\/653"}],"wp:featuredmedia":[{"embeddable":true,"href":"https:\/\/swissmentalhealthcare.ch\/smhc\/wp-json\/wp\/v2\/media\/368"}],"wp:attachment":[{"href":"https:\/\/swissmentalhealthcare.ch\/smhc\/wp-json\/wp\/v2\/media?parent=554"}],"curies":[{"name":"wp","href":"https:\/\/api.w.org\/{rel}","templated":true}]}}