{"id":536,"date":"2017-07-24T14:55:15","date_gmt":"2017-07-24T14:55:15","guid":{"rendered":"http:\/\/swissmentalhealthcare.ch\/smhc\/?page_id=536"},"modified":"2023-01-18T09:29:47","modified_gmt":"2023-01-18T09:29:47","slug":"205-2","status":"publish","type":"page","link":"https:\/\/swissmentalhealthcare.ch\/smhc\/respektvolle-wahrnehmung\/personzentriert\/205-2\/","title":{"rendered":"Handlungsfeld \u201ePersonzentrierter integrativer Ansatz\u201c <br>Adressat: \u00d6ffentlichkeit"},"content":{"rendered":"<table>\n<tbody>\n<tr>\n<td style=\"text-align: center;\"><strong>Klinik \/ Ansprechperson<\/strong><\/td>\n<td style=\"background-color: #d8e4bc; text-align: center;\"><strong>Handlungsfeld \u201ePersonzentrierter integrativer Ansatz\u201c<br \/>\n<\/strong><strong>Adressaten: \u00d6ffentlichkeit<\/strong><\/td>\n<\/tr>\n<tr>\n<td style=\"background-color: #d8e4bc;\"><strong>Psychiatrie St. Gallen\u00a0 &#8211; Klinik St. Pirminsberg in Pf\u00e4fers<br \/>\n<\/strong><strong style=\"font-family: inherit; font-size: inherit;\">Gerda Malojer<br \/>\n<\/strong><a href=\"mailto:gerda.malojer@psychiatrie-sg.ch\"><strong>gerda.malojer@psychiatrie-sg.ch<\/strong><\/a><strong style=\"font-family: inherit; font-size: inherit;\"><br \/>\n<\/strong><\/td>\n<td>Keine Angaben<\/td>\n<\/tr>\n<tr>\n<td><\/td>\n<td><\/td>\n<\/tr>\n<tr>\n<td style=\"background-color: #d8e4bc;\"><strong>Luzerner Psychiatrie<br \/>\n<\/strong><b>vakant<\/b><\/td>\n<td>\u00a0Steht nicht im Fokus<\/td>\n<\/tr>\n<tr>\n<td><\/td>\n<td><\/td>\n<\/tr>\n<tr>\n<td style=\"background-color: #d8e4bc;\"><strong>Clienia Privatklinik Littenheid<br \/>\n<\/strong><strong style=\"font-family: inherit; font-size: inherit;\">Hubert Dietschi<br \/>\n<\/strong><a style=\"font-family: inherit; font-size: inherit;\" href=\"mailto:hubert.dietschi@clienia.ch\"><strong>hubert.dietschi@clienia.ch<\/strong><\/a><strong style=\"font-family: inherit; font-size: inherit;\"><br \/>\n<\/strong><\/td>\n<td>\n<ul>\n<li>Regelm\u00e4ssige Auftritte von Psychiatrieerfahrenen (Peers) und Fachpersonen an \u00f6ffentlichen Veranstaltungen<\/li>\n<li>Regelm\u00e4ssige Pr\u00e4senz in den Medien<\/li>\n<li>Informationsveranstaltungen<\/li>\n<li>J\u00e4hrlich stattfindender Anlass f\u00fcr die \u00d6ffentlichkeit<\/li>\n<\/ul>\n<\/td>\n<\/tr>\n<tr>\n<td><\/td>\n<td><\/td>\n<\/tr>\n<tr>\n<td style=\"background-color: #d8e4bc;\"><strong>PZM Psychiatriezentrum M\u00fcnsingen<br \/>\n<\/strong><strong style=\"font-family: inherit; font-size: inherit;\">Brigitte Egli<br \/>\n<\/strong><a href=\"mailto:brigitte.egli@pzmag.ch\"><strong>brigitte.egli@pzmag.ch<\/strong><\/a><\/td>\n<td>\n<ul>\n<li>Neue Homepage mit detaillierten Angaben zu Institution, Behandlung etc. inkl. Videomaterialien<\/li>\n<li>Regelm\u00e4ssige Medienauftritte<\/li>\n<li>Basar inkl. Einbezug von Angeh\u00f6rigen und Pat. mit j\u00e4hrlichem Schwerpunktthema<\/li>\n<li>\u00d6ffentliche Diskussionen, Weiterbildungen<\/li>\n<li>Verschiedene, die \u00d6ffentlichkeit einbeziehende Aktivit\u00e4ten im Klinikareal<\/li>\n<\/ul>\n<\/td>\n<\/tr>\n<tr>\n<td><\/td>\n<td><\/td>\n<\/tr>\n<tr>\n<td style=\"background-color: #d8e4bc;\"><strong>Privatklinik Meiringen<br \/>\n<\/strong><strong style=\"font-family: inherit; font-size: inherit;\">Marianne von Dach Nicolay<\/strong><a style=\"font-family: inherit; font-size: inherit;\" href=\"mailto:marianne.vondachnicolay@privatklinik-meiringen.ch\"><strong><br \/>\nmarianne.vondachnicolay@privatklinik-meiringen.ch<\/strong><\/a><\/td>\n<td>\n<ul>\n<li>\u00d6ffentlichkeitsarbeit \u00fcber Kinoabende<\/li>\n<li>Vortr\u00e4ge<\/li>\n<li>Fachhochschule<\/li>\n<li>Berichterstattung<\/li>\n<\/ul>\n<\/td>\n<\/tr>\n<tr>\n<td><\/td>\n<td><\/td>\n<\/tr>\n<tr>\n<td style=\"background-color: #d8e4bc;\"><strong>Psychiatrischen Dienste Aargau<br \/>\n<\/strong><strong style=\"font-family: inherit; font-size: inherit;\">Eduard Zander<br \/>\n<\/strong><a href=\"mailto:eduard.zander@pdag.ch\"><strong>eduard.zander@pdag.ch<\/strong><\/a><\/td>\n<td>Kunstausstellung\u00a0 Tag der offenen T\u00fcr\u00a0 &#8220; Seitenwechsel &#8222;<\/td>\n<\/tr>\n<tr>\n<td><\/td>\n<td><\/td>\n<\/tr>\n<tr>\n<td style=\"background-color: #d8e4bc;\"><strong>Klinik SGM Langenthal<br \/>\n<\/strong><strong>Iris Uffer<br \/>\n<\/strong><a style=\"font-family: inherit; font-size: inherit;\" href=\"mailto:iris.uffer@klinik-sgm.ch\"><strong>iris.uffer@klinik-sgm.ch<\/strong><\/a><\/td>\n<td>Wir haben \u00f6ffentliche Vortr\u00e4ge, beteiligen uns an Aktionswochen, haben ein \u00f6ffentliches Restaurant, ver\u00f6ffentlichen Fachberichte, etc.<\/td>\n<\/tr>\n<tr>\n<td><\/td>\n<td><\/td>\n<\/tr>\n<tr>\n<td style=\"background-color: #d8e4bc;\"><strong>Psychiatrische Dienste Graub\u00fcnden<br \/>\n<\/strong><strong>Andreas Werner-Reisdorf<br \/>\n<\/strong><a href=\"mailto:andreas.werner-reisdorf@pdgr.ch\"><strong>andreas.werner-reisdorf@pdgr.ch<\/strong><\/a><\/td>\n<td>\n<ul>\n<li>Medienpr\u00e4senz<\/li>\n<li>Teilnahme und Organisation von \u00f6ffentlichen Vortr\u00e4gen und Diskussionsanl\u00e4ssen<\/li>\n<li>Teilnahme an Messen mit eigenem Stand<\/li>\n<li>\u00d6ffentliche TV und andere Medienprojekte<\/li>\n<li>Mitwirkung von Patienten<\/li>\n<\/ul>\n<\/td>\n<\/tr>\n<tr>\n<td><\/td>\n<td><\/td>\n<\/tr>\n<tr>\n<td style=\"background-color: #d8e4bc;\"><strong>Integrierte Psychiatrie Winterthur<br \/>\n<\/strong><strong style=\"font-family: inherit; font-size: inherit;\">Bruno Dolci<br \/>\n<\/strong><a href=\"mailto:bruno.dolci@ipw.ch\"><strong>bruno.dolci@ipw.ch<\/strong><\/a><\/td>\n<td>\u00a0wie bei Politik<\/td>\n<\/tr>\n<tr>\n<td><\/td>\n<td><\/td>\n<\/tr>\n<tr>\n<td style=\"background-color: #d8e4bc;\"><strong>Psychiatrie St. Gallen<br \/>\n<\/strong><strong>Esther Linka<br \/>\n<\/strong><strong>E<a href=\"mailto:sther.linka@psichatrie-sg.ch\">sther.linka@psichatrie-sg.ch<\/a>\u00a0<\/strong><\/td>\n<td>Keine Angaben<\/td>\n<\/tr>\n<tr>\n<td><\/td>\n<td><\/td>\n<\/tr>\n<tr>\n<td style=\"background-color: #d8e4bc;\"><strong>Sanatorium Kilchberg AG<br \/>\n<\/strong><strong style=\"font-family: inherit; font-size: inherit;\">Harald M\u00fcller<br \/>\n<\/strong><a href=\"mailto:h.mueller@sanatorium-kilchberg.ch\"><strong>h.mueller@sanatorium-kilchberg.ch<\/strong><\/a><\/td>\n<td>Regelm\u00e4ssige gemeinsame Auftritte von Psychiatrieerfahrenen (Peers) und Fachpersonen an \u00f6ffentlichen Veranstaltungen<\/td>\n<\/tr>\n<tr>\n<td><\/td>\n<td><\/td>\n<\/tr>\n<tr>\n<td style=\"background-color: #d8e4bc;\"><strong>Psychiatriezentrum Breitenau<br \/>\n<\/strong><strong>Petra Homburger<br \/>\n<\/strong><a href=\"mailto:petra.homburger@anti-clutterspitaeler-sh.ch\"><strong style=\"font-family: inherit; font-size: inherit;\">petra.homburger@<\/strong><strong style=\"font-family: inherit; font-size: inherit;\">anti-clutter<\/strong><strong style=\"font-family: inherit; font-size: inherit;\">spitaeler-sh.ch<\/strong><\/a><\/td>\n<td><span style=\"font-family: inherit; font-size: inherit;\">In diesem Gebiet g\u00e4be es f\u00fcr uns sicher mehr zu tun.<\/span><\/td>\n<\/tr>\n<tr>\n<td><\/td>\n<td><\/td>\n<\/tr>\n<tr>\n<td style=\"background-color: #d8e4bc;\"><strong>Privatklinik Hohenegg<br \/>\n<\/strong><strong style=\"font-family: inherit; font-size: inherit;\">Anja Arnold<br \/>\n<\/strong><a href=\"mailto:anja.arnold@hohenegg.ch\"><strong>anja.arnold@hohenegg.ch<\/strong><\/a><\/td>\n<td>Keine Angaben<\/td>\n<\/tr>\n<tr>\n<td><\/td>\n<td><\/td>\n<\/tr>\n<tr>\n<td style=\"background-color: #d8e4bc;\"><strong>Spital Wallis<br \/>\n<\/strong><strong>Ursula Amherd<br \/>\n<\/strong><a style=\"font-family: inherit; font-size: inherit;\" href=\"mailto:ursula.amherd@hospitalvs.ch\"><strong>ursula.amherd@hospitalvs.ch<\/strong><\/a><\/td>\n<td>entwicklungsbed\u00fcrftig<\/td>\n<\/tr>\n<tr>\n<td><\/td>\n<td><\/td>\n<\/tr>\n<tr>\n<td style=\"background-color: #d8e4bc;\"><strong>Clienia Schl\u00f6ssli<br \/>\n<\/strong><strong>J\u00fcrg Dinkel<br \/>\n<\/strong><a href=\"mailto:juerg.dinkel@clienia.ch\"><strong>juerg.dinkel@clienia.ch<\/strong><\/a><\/td>\n<td>\n<ul>\n<li>Regelm\u00e4ssige Pr\u00e4senz der Klinik in den Medien und im Rahmen von \u00f6ffentlichen<\/li>\n<li>Informationsveranstaltungen<\/li>\n<li>J\u00e4hrlich stattfindender Schl\u00f6sslitag mit Besichtigungen und Info-St\u00e4nden.<\/li>\n<\/ul>\n<\/td>\n<\/tr>\n<tr>\n<td><\/td>\n<td><\/td>\n<\/tr>\n<tr>\n<td style=\"background-color: #d8e4bc;\"><strong>Centre Neuch\u00e2telois de Psychiatrie<br \/>\n<\/strong><strong style=\"font-family: inherit; font-size: inherit;\">Emmanuelle Garnier<br \/>\n<\/strong><a href=\"mailto:emmanuelle.garnier@cnp.ch\"><strong>emmanuelle.garnier@cnp.ch<\/strong><\/a><\/td>\n<td>\u00a0Projet <em>Follies. <\/em>ANAAP-Projekt. Zeitschriften\/Publikationen \u00fcber die laufenden Projekte.<\/td>\n<\/tr>\n<tr>\n<td><\/td>\n<td><\/td>\n<\/tr>\n<tr>\n<td style=\"background-color: #d8e4bc;\"><strong>Netzwerk psychische Gesundheit<br \/>\n<\/strong><strong style=\"font-family: inherit; font-size: inherit;\">(R\u00e9seau sant\u00e9 mentale RSM )<br \/>\n<\/strong><strong style=\"font-family: inherit; font-size: inherit;\">Nicolas Racine<br \/>\n<\/strong><a style=\"font-family: inherit; font-size: inherit;\" href=\"mailto:nicolas.racine@sante-mentale.ch\"><strong>nicolas.racine@sante-mentale.ch<\/strong><\/a><strong style=\"font-family: inherit; font-size: inherit;\"><br \/>\n<\/strong><\/td>\n<td>Zurzeit gibt es im Netzwerk psychische Gesundheit AG kein Projekt hinsichtlich der Verbreitung des integrativen, personenzentrierten Ansatzes.<\/td>\n<\/tr>\n<tr>\n<td><\/td>\n<td><\/td>\n<\/tr>\n<tr>\n<td style=\"background-color: #d8e4bc;\"><strong>Clinica Viarnetto<br \/>\n<\/strong><strong style=\"font-family: inherit; font-size: inherit;\">A. Girardi<br \/>\n<\/strong><a style=\"font-family: inherit; font-size: inherit;\" href=\"mailto:a.girardi@clinicaviarnetto.ch\"><strong>a.girardi@clinicaviarnetto.ch<\/strong><\/a><\/td>\n<td>Delegierung an die (externen) zust\u00e4ndigen Institutionen<\/td>\n<\/tr>\n<\/tbody>\n<\/table>\n","protected":false},"excerpt":{"rendered":"<p>Klinik \/ Ansprechperson Handlungsfeld \u201ePersonzentrierter integrativer Ansatz\u201c Adressaten: \u00d6ffentlichkeit Psychiatrie St. Gallen\u00a0 &#8211; Klinik St. Pirminsberg in Pf\u00e4fers Gerda Malojer gerda.malojer@psychiatrie-sg.ch Keine Angaben Luzerner Psychiatrie vakant \u00a0Steht nicht im Fokus Clienia Privatklinik Littenheid Hubert Dietschi hubert.dietschi@clienia.ch Regelm\u00e4ssige Auftritte von Psychiatrieerfahrenen (Peers) und Fachpersonen an \u00f6ffentlichen Veranstaltungen Regelm\u00e4ssige Pr\u00e4senz in den Medien Informationsveranstaltungen J\u00e4hrlich stattfindender Anlass &#8230; <a title=\"Handlungsfeld \u201ePersonzentrierter integrativer Ansatz\u201c Adressat: \u00d6ffentlichkeit\" class=\"read-more\" href=\"https:\/\/swissmentalhealthcare.ch\/smhc\/respektvolle-wahrnehmung\/personzentriert\/205-2\/\" aria-label=\"Mehr Informationen \u00fcber Handlungsfeld \u201ePersonzentrierter integrativer Ansatz\u201c Adressat: \u00d6ffentlichkeit\">&gt;&gt;&gt;<\/a><\/p>\n","protected":false},"author":1,"featured_media":368,"parent":629,"menu_order":205,"comment_status":"closed","ping_status":"closed","template":"","meta":{"generate_page_header":"","footnotes":""},"class_list":{"0":"post-536","1":"page","2":"type-page","3":"status-publish","4":"has-post-thumbnail","6":"infinite-scroll-item"},"translation":{"provider":"WPGlobus","version":"3.0.2","language":"de","enabled_languages":["de","fr"],"languages":{"de":{"title":true,"content":true,"excerpt":false},"fr":{"title":false,"content":false,"excerpt":false}}},"_links":{"self":[{"href":"https:\/\/swissmentalhealthcare.ch\/smhc\/wp-json\/wp\/v2\/pages\/536","targetHints":{"allow":["GET"]}}],"collection":[{"href":"https:\/\/swissmentalhealthcare.ch\/smhc\/wp-json\/wp\/v2\/pages"}],"about":[{"href":"https:\/\/swissmentalhealthcare.ch\/smhc\/wp-json\/wp\/v2\/types\/page"}],"author":[{"embeddable":true,"href":"https:\/\/swissmentalhealthcare.ch\/smhc\/wp-json\/wp\/v2\/users\/1"}],"replies":[{"embeddable":true,"href":"https:\/\/swissmentalhealthcare.ch\/smhc\/wp-json\/wp\/v2\/comments?post=536"}],"version-history":[{"count":18,"href":"https:\/\/swissmentalhealthcare.ch\/smhc\/wp-json\/wp\/v2\/pages\/536\/revisions"}],"predecessor-version":[{"id":2038,"href":"https:\/\/swissmentalhealthcare.ch\/smhc\/wp-json\/wp\/v2\/pages\/536\/revisions\/2038"}],"up":[{"embeddable":true,"href":"https:\/\/swissmentalhealthcare.ch\/smhc\/wp-json\/wp\/v2\/pages\/629"}],"wp:featuredmedia":[{"embeddable":true,"href":"https:\/\/swissmentalhealthcare.ch\/smhc\/wp-json\/wp\/v2\/media\/368"}],"wp:attachment":[{"href":"https:\/\/swissmentalhealthcare.ch\/smhc\/wp-json\/wp\/v2\/media?parent=536"}],"curies":[{"name":"wp","href":"https:\/\/api.w.org\/{rel}","templated":true}]}}