{"id":86,"date":"2017-06-14T10:53:36","date_gmt":"2017-06-14T10:53:36","guid":{"rendered":"http:\/\/swissmentalhealthcare.ch\/smhc\/?page_id=86"},"modified":"2025-11-12T16:39:17","modified_gmt":"2025-11-12T16:39:17","slug":"mitglieder","status":"publish","type":"page","link":"https:\/\/swissmentalhealthcare.ch\/smhc\/fr\/portrait\/mitglieder\/","title":{"rendered":"Membres"},"content":{"rendered":"<table style=\"width: 123%; height: 1342px;\" border=\"0\" width=\"505\" cellspacing=\"0\" cellpadding=\"0\">\n<tbody>\n<tr style=\"height: 24px;\">\n<td class=\"xl68\" style=\"width: 23.7419%; height: 24px;\" height=\"25\"><a href=\"https:\/\/www.arud.ch\/\" target=\"_blank\" rel=\"noopener noreferrer\">ARUD Zentrum f\u00fcr Suchtmedizin Z\u00fcrich<\/a><\/td>\n<td class=\"xl66\" style=\"width: 4.97333%; height: 24px;\">8001<\/td>\n<td class=\"xl65\" style=\"width: 71.1664%; height: 24px;\">Z\u00fcrich<\/td>\n<\/tr>\n<tr style=\"height: 24px;\">\n<td class=\"xl68\" style=\"width: 23.7419%; height: 24px;\" height=\"25\"><a href=\"https:\/\/www.chuv.ch\/\" target=\"_blank\" rel=\"noopener noreferrer\">CHUV Centre hospitalier universitaire vaudois<\/a><\/td>\n<td class=\"xl66\" style=\"width: 4.97333%; height: 24px;\">1011<\/td>\n<td class=\"xl65\" style=\"width: 71.1664%; height: 24px;\">Lausanne<\/td>\n<\/tr>\n<tr style=\"height: 24px;\">\n<td style=\"width: 23.7419%; height: 24px;\"><a href=\"https:\/\/www.clienia.ch\/ueber-uns\/standorte-ambulant\/winterthur\/in-kuerze\/\" target=\"_blank\" rel=\"noopener noreferrer\">Clienia AG<\/a><\/td>\n<td style=\"width: 4.97333%; height: 24px;\">8400<\/td>\n<td style=\"width: 71.1664%; height: 24px;\">Winterthur<\/td>\n<\/tr>\n<tr style=\"height: 24px;\">\n<td class=\"xl68\" style=\"width: 23.7419%; height: 24px;\" height=\"25\"><a href=\"https:\/\/www.clienia.ch\/home\/\" target=\"_blank\" rel=\"noopener noreferrer\">Clienia Littenheid AG<\/a><\/td>\n<td class=\"xl66\" style=\"width: 4.97333%; height: 24px;\">9573<\/td>\n<td class=\"xl65\" style=\"width: 71.1664%; height: 24px;\">Littenheid<\/td>\n<\/tr>\n<tr style=\"height: 24px;\">\n<td class=\"xl68\" style=\"width: 23.7419%; height: 24px;\" height=\"25\"><a href=\"https:\/\/www.clienia.ch\/de\/standorte\/standorte-ambulant\/zuerich\/wetzikon\" target=\"_blank\" rel=\"noopener noreferrer\">Clienia Schl\u00f6ssli AG<\/a><\/td>\n<td class=\"xl66\" style=\"width: 4.97333%; height: 24px;\">8618<\/td>\n<td class=\"xl65\" style=\"width: 71.1664%; height: 24px;\">Oetwil Am See<\/td>\n<\/tr>\n<tr style=\"height: 24px;\">\n<td class=\"xl68\" style=\"width: 23.7419%; height: 24px;\" height=\"25\"><a href=\"https:\/\/www.clinica-holistica.ch\/de\" target=\"_blank\" rel=\"noopener noreferrer\">Clinica Holistica Engiadina SA<\/a><\/td>\n<td class=\"xl66\" style=\"width: 4.97333%; height: 24px;\">7542<\/td>\n<td class=\"xl65\" style=\"width: 71.1664%; height: 24px;\">Susch<\/td>\n<\/tr>\n<tr style=\"height: 24px;\">\n<td class=\"xl68\" style=\"width: 23.7419%; height: 24px;\" height=\"25\"><a href=\"https:\/\/www4.ti.ch\/dss\/dsp\/osc\/chi-siamo\/reparti-cpc-a-mendrisio\/\" target=\"_blank\" rel=\"noopener noreferrer\">Clinica psichiatrica cantonale CPC<\/a><\/td>\n<td class=\"xl66\" style=\"width: 4.97333%; height: 24px;\">6850<\/td>\n<td class=\"xl65\" style=\"width: 71.1664%; height: 24px;\">Mendrisio<\/td>\n<\/tr>\n<tr style=\"height: 24px;\">\n<td class=\"xl68\" style=\"width: 23.7419%; height: 24px;\" height=\"25\"><a href=\"https:\/\/www.clinicaviarnetto.ch\/\" target=\"_blank\" rel=\"noopener noreferrer\">Clinica Viarnetto<\/a><\/td>\n<td class=\"xl66\" style=\"width: 4.97333%; height: 24px;\">6963<\/td>\n<td class=\"xl65\" style=\"width: 71.1664%; height: 24px;\">Pregassona<\/td>\n<\/tr>\n<tr style=\"height: 24px;\">\n<td class=\"xl68\" style=\"width: 23.7419%; height: 24px;\" height=\"25\"><a href=\"https:\/\/www.lametairie.ch\/\" target=\"_blank\" rel=\"noopener noreferrer\">Clinique La M\u00e9tairie<\/a><\/td>\n<td class=\"xl66\" style=\"width: 4.97333%; height: 24px;\">1260<\/td>\n<td class=\"xl65\" style=\"width: 71.1664%; height: 24px;\">Nyon<\/td>\n<\/tr>\n<tr style=\"height: 24px;\">\n<td class=\"xl68\" style=\"width: 23.7419%; height: 24px;\" height=\"25\"><a href=\"https:\/\/www.cnp.ch\/\" target=\"_blank\" rel=\"noopener noreferrer\">CNP Centre neuch\u00e2telois de psychiatrie<\/a><\/td>\n<td class=\"xl66\" style=\"width: 4.97333%; height: 24px;\">2074<\/td>\n<td class=\"xl65\" style=\"width: 71.1664%; height: 24px;\">Marin-Epagnier<\/td>\n<\/tr>\n<tr style=\"height: 24px;\">\n<td class=\"xl68\" style=\"width: 23.7419%; height: 24px;\" height=\"25\"><a href=\"https:\/\/www.nant.ch\/\" target=\"_blank\" rel=\"noopener noreferrer\">Fondation de Nant\u00a0<\/a><\/td>\n<td class=\"xl66\" style=\"width: 4.97333%; height: 24px;\">1804<\/td>\n<td class=\"xl65\" style=\"width: 71.1664%; height: 24px;\">Corsier-sur-Vevey<\/td>\n<\/tr>\n<tr style=\"height: 24px;\">\n<td class=\"xl68\" style=\"width: 23.7419%; height: 24px;\" height=\"25\"><a href=\"https:\/\/www.forel-klinik.ch\/\" target=\"_blank\" rel=\"noopener noreferrer\">Forel Klinik AG<\/a><\/td>\n<td class=\"xl66\" style=\"width: 4.97333%; height: 24px;\">8548<\/td>\n<td class=\"xl65\" style=\"width: 71.1664%; height: 24px;\">Ellikon<\/td>\n<\/tr>\n<tr style=\"height: 24px;\">\n<td class=\"xl68\" style=\"width: 23.7419%; height: 24px;\" height=\"25\"><a href=\"https:\/\/www.hug-ge.ch\/\" target=\"_blank\" rel=\"noopener noreferrer\">HUG &#8211; H\u00f4pitaux Universitaires de Gen\u00e8ve<\/a><\/td>\n<td class=\"xl66\" style=\"width: 4.97333%; height: 24px;\">1225<\/td>\n<td class=\"xl65\" style=\"width: 71.1664%; height: 24px;\">Chene-Bourg<\/td>\n<\/tr>\n<tr style=\"height: 24px;\">\n<td class=\"xl68\" style=\"width: 23.7419%; height: 24px;\" height=\"25\"><a href=\"https:\/\/www.hopitalduvalais.ch\/de\/unsere-fachbereiche\/fachbereiche-von-a-bis-z\/psychiatrie-und-psychotherapie.html\" target=\"_blank\" rel=\"noopener noreferrer\">Institutions Psychiatriques du Valais<\/a><\/td>\n<td class=\"xl66\" style=\"width: 4.97333%; height: 24px;\">1870<\/td>\n<td class=\"xl65\" style=\"width: 71.1664%; height: 24px;\">Monthey<\/td>\n<\/tr>\n<tr style=\"height: 24px;\">\n<td class=\"xl68\" style=\"width: 23.7419%; height: 24px;\" height=\"25\"><a href=\"https:\/\/ipw.ch\/\" target=\"_blank\" rel=\"noopener noreferrer\">Integrierte Psychiatrie Winterthur (ipw)<\/a><\/td>\n<td class=\"xl66\" style=\"width: 4.97333%; height: 24px;\">8408<\/td>\n<td class=\"xl65\" style=\"width: 71.1664%; height: 24px;\">Winterthur<\/td>\n<\/tr>\n<tr style=\"height: 24px;\">\n<td style=\"width: 23.7419%; height: 24px;\"><a href=\"https:\/\/www.klinikimhasel.ch\/\">Klinik im Hasel AG<\/a><\/td>\n<td style=\"width: 4.97333%; height: 24px;\">5728<\/td>\n<td style=\"width: 71.1664%; height: 24px;\">Gontenschwil<\/td>\n<\/tr>\n<tr style=\"height: 24px;\">\n<td class=\"xl68\" style=\"width: 23.7419%; height: 24px;\" height=\"25\"><a href=\"https:\/\/www.meissenberg.ch\/\" target=\"_blank\" rel=\"noopener noreferrer\">Klinik Meissenberg<\/a><\/td>\n<td class=\"xl66\" style=\"width: 4.97333%; height: 24px;\">6301<\/td>\n<td class=\"xl65\" style=\"width: 71.1664%; height: 24px;\">Zug<\/td>\n<\/tr>\n<tr style=\"height: 24px;\">\n<td class=\"xl68\" style=\"width: 23.7419%; height: 24px;\" height=\"25\"><a href=\"https:\/\/www.klinikschuetzen.ch\/home.cfm\" target=\"_blank\" rel=\"noopener noreferrer\">Klinik Sch\u00fctzen<\/a><\/td>\n<td class=\"xl66\" style=\"width: 4.97333%; height: 24px;\">4310<\/td>\n<td class=\"xl65\" style=\"width: 71.1664%; height: 24px;\">Rheinfelden<\/td>\n<\/tr>\n<tr style=\"height: 24px;\">\n<td class=\"xl68\" style=\"width: 23.7419%; height: 24px;\" height=\"25\"><a href=\"https:\/\/klinik-sgm.ch\/\" target=\"_blank\" rel=\"noopener noreferrer\">Klinik SGM Langenthal<\/a><\/td>\n<td class=\"xl66\" style=\"width: 4.97333%; height: 24px;\">4900<\/td>\n<td class=\"xl65\" style=\"width: 71.1664%; height: 24px;\">Langenthal<\/td>\n<\/tr>\n<tr style=\"height: 24px;\">\n<td class=\"xl68\" style=\"width: 23.7419%; height: 24px;\" height=\"25\"><a href=\"https:\/\/www.sonnenhalde.ch\/\" target=\"_blank\" rel=\"noopener noreferrer\">Klinik Sonnenhalde AG<\/a><\/td>\n<td class=\"xl66\" style=\"width: 4.97333%; height: 24px;\">4125<\/td>\n<td class=\"xl65\" style=\"width: 71.1664%; height: 24px;\">Riehen<\/td>\n<\/tr>\n<tr style=\"height: 22px;\">\n<td class=\"xl68\" style=\"width: 23.7419%; height: 22px;\" height=\"25\"><a href=\"https:\/\/www.kjpz.ch\/\" target=\"_blank\" rel=\"noopener noreferrer\">Klinik Sonnenhof<\/a><\/td>\n<td class=\"xl66\" style=\"width: 4.97333%; height: 22px;\">9608<\/td>\n<td class=\"xl65\" style=\"width: 71.1664%; height: 22px;\">Ganterschwil<\/td>\n<\/tr>\n<tr style=\"height: 24px;\">\n<td class=\"xl68\" style=\"width: 23.7419%; height: 24px;\" height=\"25\"><a href=\"https:\/\/suedhang.ch\/de\/\" target=\"_blank\" rel=\"noopener noreferrer\">Kompetenzzentrum S\u00fcdhang<\/a><\/td>\n<td class=\"xl66\" style=\"width: 4.97333%; height: 24px;\">3038<\/td>\n<td class=\"xl65\" style=\"width: 71.1664%; height: 24px;\">Kirchlindach<\/td>\n<\/tr>\n<tr style=\"height: 24px;\">\n<td class=\"xl68\" style=\"width: 23.7419%; height: 24px;\" height=\"25\"><a href=\"https:\/\/www.lups.ch\/\" target=\"_blank\" rel=\"noopener noreferrer\">Luzerner Psychiatrie<\/a><\/td>\n<td class=\"xl66\" style=\"width: 4.97333%; height: 24px;\">4915<\/td>\n<td class=\"xl65\" style=\"width: 71.1664%; height: 24px;\">St. Urban<\/td>\n<\/tr>\n<tr style=\"height: 24px;\">\n<td class=\"xl68\" style=\"width: 23.7419%; height: 24px;\" height=\"25\"><a href=\"https:\/\/www.somosa.ch\/\" target=\"_blank\" rel=\"noopener noreferrer\">Modellstation Somosa<\/a><\/td>\n<td class=\"xl66\" style=\"width: 4.97333%; height: 24px;\">8404<\/td>\n<td class=\"xl65\" style=\"width: 71.1664%; height: 24px;\">Winterthur<\/td>\n<\/tr>\n<tr style=\"height: 24px;\">\n<td style=\"width: 23.7419%; height: 24px;\"><a href=\"https:\/\/www.oberwaid.ch\/\" target=\"_blank\" rel=\"noopener noreferrer\">Oberwaid AG<\/a><\/td>\n<td style=\"width: 4.97333%; height: 24px;\">9016<\/td>\n<td style=\"width: 71.1664%; height: 24px;\">St. Gallen<\/td>\n<\/tr>\n<tr style=\"height: 24px;\">\n<td class=\"xl68\" style=\"width: 23.7419%; height: 24px;\" height=\"25\"><a href=\"https:\/\/www.oscam.ch\/\" target=\"_blank\" rel=\"noopener noreferrer\">Ospedale Malcantonese<\/a><\/td>\n<td class=\"xl66\" style=\"width: 4.97333%; height: 24px;\">6980<\/td>\n<td class=\"xl65\" style=\"width: 71.1664%; height: 24px;\">Castelrotto<\/td>\n<\/tr>\n<tr style=\"height: 24px;\">\n<td class=\"xl68\" style=\"width: 23.7419%; height: 24px;\" height=\"25\"><a href=\"https:\/\/www.klinik-aadorf.ch\/\" target=\"_blank\" rel=\"noopener noreferrer\">Privatklinik Aadorf AG<\/a><\/td>\n<td class=\"xl66\" style=\"width: 4.97333%; height: 24px;\">8355<\/td>\n<td class=\"xl65\" style=\"width: 71.1664%; height: 24px;\">Aadorf<\/td>\n<\/tr>\n<tr style=\"height: 24px;\">\n<td class=\"xl68\" style=\"width: 23.7419%; height: 24px;\" height=\"25\"><a href=\"https:\/\/www.hohenegg.ch\/\" target=\"_blank\" rel=\"noopener noreferrer\">Privatklinik Hohenegg AG<\/a><\/td>\n<td class=\"xl66\" style=\"width: 4.97333%; height: 24px;\">8706<\/td>\n<td class=\"xl65\" style=\"width: 71.1664%; height: 24px;\">Meilen<\/td>\n<\/tr>\n<tr style=\"height: 24px;\">\n<td class=\"xl68\" style=\"width: 23.7419%; height: 24px;\" height=\"25\"><a href=\"http:\/\/www.privatklinik-meiringen.ch\/\" target=\"_blank\" rel=\"noopener noreferrer\">Privatklinik Meiringen PM<\/a><\/td>\n<td class=\"xl66\" style=\"width: 4.97333%; height: 24px;\">3860<\/td>\n<td class=\"xl65\" style=\"width: 71.1664%; height: 24px;\">Meiringen<\/td>\n<\/tr>\n<tr style=\"height: 24px;\">\n<td class=\"xl68\" style=\"width: 23.7419%; height: 24px;\" height=\"25\"><a href=\"https:\/\/www.privatklinik-wyss.ch\/\" target=\"_blank\" rel=\"noopener noreferrer\">Privatklinik Wyss AG<\/a><\/td>\n<td class=\"xl66\" style=\"width: 4.97333%; height: 24px;\">3053<\/td>\n<td class=\"xl65\" style=\"width: 71.1664%; height: 24px;\">M\u00fcnchenbuchsee<\/td>\n<\/tr>\n<tr style=\"height: 24px;\">\n<td class=\"xl68\" style=\"width: 23.7419%; height: 24px;\" height=\"25\"><a href=\"https:\/\/www.pbl.ch\/\" target=\"_blank\" rel=\"noopener noreferrer\">Psychiatrie Baselland<\/a><\/td>\n<td class=\"xl66\" style=\"width: 4.97333%; height: 24px;\">4410<\/td>\n<td class=\"xl65\" style=\"width: 71.1664%; height: 24px;\">Liestal<\/td>\n<\/tr>\n<tr style=\"height: 24px;\">\n<td class=\"xl68\" style=\"width: 23.7419%; height: 24px;\" height=\"25\"><a href=\"https:\/\/www.psychiatrie-nord.sg.ch\/\" target=\"_blank\" rel=\"noopener noreferrer\">Psychiatrie St. Gallen <\/a><\/td>\n<td class=\"xl66\" style=\"width: 4.97333%; height: 24px;\">9500<\/td>\n<td class=\"xl65\" style=\"width: 71.1664%; height: 24px;\">St. Gallen<\/td>\n<\/tr>\n<tr style=\"height: 24px;\">\n<td class=\"xl68\" style=\"width: 23.7419%; height: 24px;\" height=\"25\"><a href=\"https:\/\/www.pdag.ch\/\" target=\"_blank\" rel=\"noopener noreferrer\">Psychiatrische Dienste Aargau AG<\/a><\/td>\n<td class=\"xl66\" style=\"width: 4.97333%; height: 24px;\">5201<\/td>\n<td class=\"xl65\" style=\"width: 71.1664%; height: 24px;\">Brugg AG<\/td>\n<\/tr>\n<tr style=\"height: 24px;\">\n<td class=\"xl68\" style=\"width: 23.7419%; height: 24px;\" height=\"25\"><a href=\"https:\/\/www.pdgr.ch\/\" target=\"_blank\" rel=\"noopener noreferrer\">Psychiatrische Dienste Graub\u00fcnden<\/a><\/td>\n<td class=\"xl66\" style=\"width: 4.97333%; height: 24px;\">7000<\/td>\n<td class=\"xl65\" style=\"width: 71.1664%; height: 24px;\">Chur<\/td>\n<\/tr>\n<tr style=\"height: 24px;\">\n<td class=\"xl68\" style=\"width: 23.7419%; height: 24px;\" height=\"25\"><a href=\"https:\/\/www.so-h.ch\/psychiatrische-dienste\/home.html\" target=\"_blank\" rel=\"noopener noreferrer\">Psychiatrische Dienste Solothurn<\/a><\/td>\n<td class=\"xl66\" style=\"width: 4.97333%; height: 24px;\">4503<\/td>\n<td class=\"xl65\" style=\"width: 71.1664%; height: 24px;\">Solothurn<\/td>\n<\/tr>\n<tr style=\"height: 24px;\">\n<td class=\"xl68\" style=\"width: 23.7419%; height: 24px;\" height=\"25\"><a href=\"https:\/\/www.sro.ch\/patienten-angehoerige\/psychiatrische-dienste\/\" target=\"_blank\" rel=\"noopener noreferrer\">Psychiatrische Dienste SRO<\/a><\/td>\n<td class=\"xl66\" style=\"width: 4.97333%; height: 24px;\">4901<\/td>\n<td class=\"xl65\" style=\"width: 71.1664%; height: 24px;\">Langenthal<\/td>\n<\/tr>\n<tr style=\"height: 24px;\">\n<td class=\"xl68\" style=\"width: 23.7419%; height: 24px;\" height=\"25\"><a href=\"https:\/\/www.spitalstsag.ch\/de\/Psychiatrische-Dienste\" target=\"_blank\" rel=\"noopener noreferrer\">Psychiatrische Dienste Thun<\/a><\/td>\n<td class=\"xl66\" style=\"width: 4.97333%; height: 24px;\">3600<\/td>\n<td class=\"xl65\" style=\"width: 71.1664%; height: 24px;\">Thun<\/td>\n<\/tr>\n<tr style=\"height: 24px;\">\n<td class=\"xl68\" style=\"width: 23.7419%; height: 24px;\" height=\"25\"><a href=\"https:\/\/www.stgag.ch\/unternehmen\/standorte\/psychiatrische-dienste-thurgau\/\" target=\"_blank\" rel=\"noopener noreferrer\">Psychiatrische Dienste Thurgau<\/a><\/td>\n<td class=\"xl66\" style=\"width: 4.97333%; height: 24px;\">8596<\/td>\n<td class=\"xl65\" style=\"width: 71.1664%; height: 24px;\">M\u00fcnsterlingen<\/td>\n<\/tr>\n<tr style=\"height: 24px;\">\n<td class=\"xl68\" style=\"width: 23.7419%; height: 24px;\" height=\"25\"><a href=\"https:\/\/www.pukzh.ch\/\" target=\"_blank\" rel=\"noopener noreferrer\">Psychiatrische Universit\u00e4tsklinik Z\u00fcrich PUK<\/a><\/td>\n<td class=\"xl66\" style=\"width: 4.97333%; height: 24px;\">8029<\/td>\n<td class=\"xl65\" style=\"width: 71.1664%; height: 24px;\">Z\u00fcrich 8<\/td>\n<\/tr>\n<tr style=\"height: 24px;\">\n<td class=\"xl68\" style=\"width: 23.7419%; height: 24px;\" height=\"25\"><a href=\"https:\/\/www.spitalfmi.ch\/psychiatrie\/\" target=\"_blank\" rel=\"noopener noreferrer\">Psychiatrischer Dienst Interlaken\u00a0<\/a><\/td>\n<td class=\"xl66\" style=\"width: 4.97333%; height: 24px;\">3800<\/td>\n<td class=\"xl65\" style=\"width: 71.1664%; height: 24px;\">Unterseen<\/td>\n<\/tr>\n<tr style=\"height: 24px;\">\n<td style=\"width: 23.7419%; height: 24px;\"><a href=\"https:\/\/www.pzmag.ch\/\" target=\"_blank\" rel=\"noopener noreferrer\">PZM Psychiatriezentrum M\u00fcnsingen<\/a><\/td>\n<td style=\"width: 4.97333%; height: 24px;\">3110<\/td>\n<td style=\"width: 71.1664%; height: 24px;\">M\u00fcnsingen<\/td>\n<\/tr>\n<tr style=\"height: 24px;\">\n<td class=\"xl68\" style=\"width: 23.7419%; height: 24px;\" height=\"25\"><a href=\"https:\/\/www.rs-e.ch\/\" target=\"_blank\" rel=\"noopener noreferrer\">Regionalspital Emmental AG<\/a><\/td>\n<td class=\"xl66\" style=\"width: 4.97333%; height: 24px;\">3400<\/td>\n<td class=\"xl65\" style=\"width: 71.1664%; height: 24px;\">Burgdorf<\/td>\n<\/tr>\n<tr style=\"height: 24px;\">\n<td class=\"xl68\" style=\"width: 23.7419%; height: 24px;\" height=\"25\"><a href=\"https:\/\/www.rfsm.ch\/\" target=\"_blank\" rel=\"noopener noreferrer\">R\u00e9seau fribourgeois de sant\u00e9 mentale RFSM<\/a><\/td>\n<td class=\"xl66\" style=\"width: 4.97333%; height: 24px;\">1633<\/td>\n<td class=\"xl65\" style=\"width: 71.1664%; height: 24px;\">Marsens<\/td>\n<\/tr>\n<tr style=\"height: 24px;\">\n<td class=\"xl68\" style=\"width: 23.7419%; height: 24px;\" height=\"25\"><a href=\"https:\/\/www.sanatorium-kilchberg.ch\/\" target=\"_blank\" rel=\"noopener\">Sanatorium Kilchberg AG<\/a><\/td>\n<td class=\"xl66\" style=\"width: 4.97333%; height: 24px;\">8802<\/td>\n<td class=\"xl65\" style=\"width: 71.1664%; height: 24px;\">Kilchberg<\/td>\n<\/tr>\n<tr style=\"height: 24px;\">\n<td class=\"xl68\" style=\"width: 23.7419%; height: 24px;\" height=\"25\"><a href=\"https:\/\/www.spitalaffoltern.ch\/\" target=\"_blank\" rel=\"noopener noreferrer\">Spital Affoltern<\/a><\/td>\n<td class=\"xl66\" style=\"width: 4.97333%; height: 24px;\">8910<\/td>\n<td class=\"xl65\" style=\"width: 71.1664%; height: 24px;\">Affoltern am Albis<\/td>\n<\/tr>\n<tr style=\"height: 24px;\">\n<td class=\"xl68\" style=\"width: 23.7419%; height: 24px;\" height=\"25\"><a href=\"https:\/\/www.spitaeler-sh.ch\/\" target=\"_blank\" rel=\"noopener noreferrer\">Spit\u00e4ler Schaffhausen<\/a><\/td>\n<td class=\"xl66\" style=\"width: 4.97333%; height: 24px;\">8200<\/td>\n<td class=\"xl65\" style=\"width: 71.1664%; height: 24px;\">Schaffhausen<\/td>\n<\/tr>\n<tr style=\"height: 24px;\">\n<td class=\"xl68\" style=\"width: 23.7419%; height: 24px;\" height=\"25\"><a href=\"https:\/\/www.spitalverbund.ch\/contento\/\" target=\"_blank\" rel=\"noopener noreferrer\">Spitalverbund Appenzell Ausserrhoden<\/a><\/td>\n<td class=\"xl66\" style=\"width: 4.97333%; height: 24px;\">9100<\/td>\n<td class=\"xl65\" style=\"width: 71.1664%; height: 24px;\">Herisau<\/td>\n<\/tr>\n<tr style=\"height: 24px;\">\n<td class=\"xl68\" style=\"width: 23.7419%; height: 24px;\" height=\"25\"><a href=\"https:\/\/www.hopitalduvalais.ch\/de\/unsere-fachbereiche\/fachbereiche-von-a-bis-z\/psychiatrie-und-psychotherapie\/psychiatriezentrum-oberwallis.html\" target=\"_blank\" rel=\"noopener noreferrer\">Spitalzentrum Oberwallis SZO &#8211; Psychiatrie<\/a><\/td>\n<td class=\"xl66\" style=\"width: 4.97333%; height: 24px;\">3900<\/td>\n<td class=\"xl65\" style=\"width: 71.1664%; height: 24px;\">Brig<\/td>\n<\/tr>\n<tr style=\"height: 24px;\">\n<td style=\"width: 23.7419%; height: 24px;\"><a href=\"https:\/\/www.triaplus.ch\/ueber-uns\/klinik-zugersee\/ueber-die-klinik-zugersee\" target=\"_blank\" rel=\"noopener noreferrer\">Triaplus AG &#8211; Klinik Zugersee<\/a><\/td>\n<td style=\"width: 4.97333%; height: 24px;\">6317<\/td>\n<td style=\"width: 71.1664%; height: 24px;\">Oberwil b. Zug<\/td>\n<\/tr>\n<tr style=\"height: 24px;\">\n<td style=\"width: 23.7419%; height: 24px;\"><a href=\"https:\/\/www.triaplus.ch\/ueber-uns\/app-schwyz\/ueber-app-schwyz\" target=\"_blank\" rel=\"noopener noreferrer\">Triaplus AG &#8211; Sozialpsychiatrischer Dienst des Kantons Schwyz<\/a><\/td>\n<td style=\"width: 4.97333%; height: 24px;\">8853<\/td>\n<td style=\"width: 71.1664%; height: 24px;\">Lachen SZ<\/td>\n<\/tr>\n<tr style=\"height: 24px;\">\n<td style=\"width: 23.7419%; height: 24px;\"><a href=\"https:\/\/www.triaplus.ch\/ueber-uns\/app-schwyz\/ueber-app-schwyz\" target=\"_blank\" rel=\"noopener noreferrer\">Triaplus AG -Ambulante Psychiatrie und Psychotherapie Schwyz<\/a><\/td>\n<td style=\"width: 4.97333%; height: 24px;\">6410<\/td>\n<td style=\"width: 71.1664%; height: 24px;\">Goldau<\/td>\n<\/tr>\n<tr style=\"height: 24px;\">\n<td style=\"width: 23.7419%; height: 24px;\"><a href=\"https:\/\/www.triaplus.ch\/ueber-uns\/triaplus-ag\/ueber-triaplus\" target=\"_blank\" rel=\"noopener noreferrer\">Triaplus AG &#8211; Ambulante Psychiatrische Dienste Kanton Zug<\/a><\/td>\n<td style=\"width: 4.97333%; height: 24px;\">6340<\/td>\n<td style=\"width: 71.1664%; height: 24px;\">Baar<\/td>\n<\/tr>\n<tr style=\"height: 24px;\">\n<td style=\"width: 23.7419%; height: 24px;\"><a href=\"https:\/\/www.triaplus.ch\/ueber-uns\/app-uri\/ueber-app-uri\" target=\"_blank\" rel=\"noopener noreferrer\">Triaplus AG -Ambulante Psychiatrie und Psychotherapie Uri<\/a><\/td>\n<td style=\"width: 4.97333%; height: 24px;\">6460<\/td>\n<td style=\"width: 71.1664%; height: 24px;\">Altdorf<\/td>\n<\/tr>\n<tr style=\"height: 24px;\">\n<td class=\"xl68\" style=\"width: 23.7419%; height: 24px;\" height=\"25\"><a href=\"https:\/\/www.upd.ch\" target=\"_blank\" rel=\"noopener noreferrer\">Universit\u00e4re Psychiatrische Dienste Bern (UPD AG)<\/a><\/td>\n<td class=\"xl66\" style=\"width: 4.97333%; height: 24px;\">3000<\/td>\n<td class=\"xl65\" style=\"width: 71.1664%; height: 24px;\">Bern 60<\/td>\n<\/tr>\n<tr style=\"height: 24px;\">\n<td class=\"xl68\" style=\"width: 23.7419%; height: 24px;\" height=\"25\"><a href=\"https:\/\/www.upkbs.ch\/Seiten\/default.aspx\" target=\"_blank\" rel=\"noopener noreferrer\">Universit\u00e4re Psychiatrische Kliniken Basel UPK <\/a><\/td>\n<td class=\"xl66\" style=\"width: 4.97333%; height: 24px;\">4025<\/td>\n<td class=\"xl65\" style=\"width: 71.1664%; height: 24px;\">Basel<\/td>\n<\/tr>\n<tr style=\"height: 24px;\">\n<td style=\"width: 23.7419%; height: 24px;\"><a href=\"http:\/\/zadz.ch\/\" target=\"_blank\" rel=\"noopener noreferrer\">ZADZ Zentrum f\u00fcr Angst- und Depressionsbehandlung Z\u00fcrich<\/a><\/td>\n<td style=\"width: 4.97333%; height: 24px;\">8008<\/td>\n<td style=\"width: 71.1664%; height: 24px;\">Z\u00fcrich<\/td>\n<\/tr>\n<\/tbody>\n<\/table>\n","protected":false},"excerpt":{"rendered":"<p>ARUD Zentrum f\u00fcr Suchtmedizin Z\u00fcrich 8001 Z\u00fcrich CHUV Centre hospitalier universitaire vaudois 1011 Lausanne Clienia AG 8400 Winterthur Clienia Littenheid AG 9573 Littenheid Clienia Schl\u00f6ssli AG 8618 Oetwil Am See Clinica Holistica Engiadina SA 7542 Susch Clinica psichiatrica cantonale CPC 6850 Mendrisio Clinica Viarnetto 6963 Pregassona Clinique La M\u00e9tairie 1260 Nyon CNP Centre neuch\u00e2telois de &#8230; <a title=\"Membres\" class=\"read-more\" href=\"https:\/\/swissmentalhealthcare.ch\/smhc\/fr\/portrait\/mitglieder\/\" aria-label=\"En savoir plus sur Membres\">&gt;&gt;&gt;<\/a><\/p>\n","protected":false},"author":1,"featured_media":61,"parent":60,"menu_order":62,"comment_status":"closed","ping_status":"closed","template":"","meta":{"generate_page_header":"","footnotes":""},"class_list":{"0":"post-86","1":"page","2":"type-page","3":"status-publish","4":"has-post-thumbnail","6":"infinite-scroll-item"},"translation":{"provider":"WPGlobus","version":"3.0.2","language":"fr","enabled_languages":["de","fr"],"languages":{"de":{"title":true,"content":true,"excerpt":false},"fr":{"title":true,"content":false,"excerpt":false}}},"_links":{"self":[{"href":"https:\/\/swissmentalhealthcare.ch\/smhc\/fr\/wp-json\/wp\/v2\/pages\/86","targetHints":{"allow":["GET"]}}],"collection":[{"href":"https:\/\/swissmentalhealthcare.ch\/smhc\/fr\/wp-json\/wp\/v2\/pages"}],"about":[{"href":"https:\/\/swissmentalhealthcare.ch\/smhc\/fr\/wp-json\/wp\/v2\/types\/page"}],"author":[{"embeddable":true,"href":"https:\/\/swissmentalhealthcare.ch\/smhc\/fr\/wp-json\/wp\/v2\/users\/1"}],"replies":[{"embeddable":true,"href":"https:\/\/swissmentalhealthcare.ch\/smhc\/fr\/wp-json\/wp\/v2\/comments?post=86"}],"version-history":[{"count":28,"href":"https:\/\/swissmentalhealthcare.ch\/smhc\/fr\/wp-json\/wp\/v2\/pages\/86\/revisions"}],"predecessor-version":[{"id":3173,"href":"https:\/\/swissmentalhealthcare.ch\/smhc\/fr\/wp-json\/wp\/v2\/pages\/86\/revisions\/3173"}],"up":[{"embeddable":true,"href":"https:\/\/swissmentalhealthcare.ch\/smhc\/fr\/wp-json\/wp\/v2\/pages\/60"}],"wp:featuredmedia":[{"embeddable":true,"href":"https:\/\/swissmentalhealthcare.ch\/smhc\/fr\/wp-json\/wp\/v2\/media\/61"}],"wp:attachment":[{"href":"https:\/\/swissmentalhealthcare.ch\/smhc\/fr\/wp-json\/wp\/v2\/media?parent=86"}],"curies":[{"name":"wp","href":"https:\/\/api.w.org\/{rel}","templated":true}]}}