{"id":557,"date":"2017-07-24T15:07:49","date_gmt":"2017-07-24T15:07:49","guid":{"rendered":"http:\/\/swissmentalhealthcare.ch\/smhc\/?page_id=557"},"modified":"2024-10-30T13:07:44","modified_gmt":"2024-10-30T13:07:44","slug":"403-2","status":"publish","type":"page","link":"https:\/\/swissmentalhealthcare.ch\/smhc\/fr\/respektvolle-wahrnehmung\/open-dialogue\/403-2\/","title":{"rendered":"Handlungsfeld: Open Dialogue <br>Adressat: Professionals"},"content":{"rendered":"<table>\n<tbody>\n<tr>\n<td style=\"text-align: center;\"><strong>Klinik \/ Ansprechperson<\/strong><\/td>\n<td style=\"background-color: #d8e4bc; text-align: center;\"><strong>Handlungsfeld: Open Dialogue<br \/>\n<\/strong><strong style=\"font-family: inherit; font-size: inherit;\">Adressat: Professionals<\/strong><\/td>\n<\/tr>\n<tr>\n<td style=\"background-color: #d8e4bc;\"><strong>Psychiatrie St. Gallen\u00a0 &#8211; Klinik St. Pirminsberg in Pf\u00e4fers<br \/>\n<\/strong><strong style=\"font-family: inherit; font-size: inherit;\">Gerda Malojer<br \/>\n<\/strong><a href=\"mailto:gerda.malojer@psychiatrie-sg.ch\"><strong>gerda.malojer@psychiatrie-sg.ch<\/strong><strong style=\"font-family: inherit; font-size: inherit;\"><br \/>\n<\/strong><\/a><\/td>\n<td>Keine Angaben<\/td>\n<\/tr>\n<tr>\n<td><\/td>\n<td><\/td>\n<\/tr>\n<tr>\n<td style=\"background-color: #d8e4bc;\"><strong>Luzerner Psychiatrie<br \/>\n<\/strong><a href=\"mailto:opendialogue@lups.ch\">opendialogue@lups.ch<\/a><\/td>\n<td>\n<h2 class=\"animate\" data-animate=\"\" data-animation-name=\"vertical-reveal\"><strong><span style=\"font-size: 12pt;\">Systemische Fortbildung in Open Dialogue<br \/>\n<\/span><\/strong><span style=\"font-family: georgia, palatino, serif; font-size: 12pt;\"><a href=\"https:\/\/www.lups.ch\/open-dialogue\/\" target=\"_blank\" rel=\"noopener\">Open Dialogue &#8211; Luzerner Psychiatrie AG (lups.ch)<\/a><\/span><\/h2>\n<\/td>\n<\/tr>\n<tr>\n<td><\/td>\n<td><\/td>\n<\/tr>\n<tr>\n<td style=\"background-color: #d8e4bc;\"><strong>Clienia Privatklinik Littenheid<br \/>\n<\/strong><strong style=\"font-family: inherit; font-size: inherit;\">Hubert Dietschi<br \/>\n<\/strong><a style=\"font-family: inherit; font-size: inherit;\" href=\"mailto:hubert.dietschi@clienia.ch\"><strong>hubert.dietschi@clienia.ch<\/strong><\/a><strong style=\"font-family: inherit; font-size: inherit;\"><br \/>\n<\/strong><\/td>\n<td>\n<ul>\n<li>Intervision<\/li>\n<li>Supervision<\/li>\n<li>Teilnahme an Trialog-Gruppen<\/li>\n<li>Peers in Team und Weiterbildungen<\/li>\n<\/ul>\n<\/td>\n<\/tr>\n<tr>\n<td><\/td>\n<td><\/td>\n<\/tr>\n<tr>\n<td style=\"background-color: #d8e4bc;\"><strong>PZM Psychiatriezentrum M\u00fcnsingen<br \/>\n<\/strong><strong style=\"font-family: inherit; font-size: inherit;\">Brigitte Egli<br \/>\n<\/strong><a href=\"mailto:brigitte.egli@pzmag.ch\"><strong>brigitte.egli@pzmag.ch<\/strong><\/a><\/td>\n<td>\n<ul>\n<li>Schriftliche und m\u00fcndliche \u00dcberweisungen<\/li>\n<li>Begleitung nach Hause, in Institution<\/li>\n<li>Krisenplan mit Krisenpass<\/li>\n<\/ul>\n<\/td>\n<\/tr>\n<tr>\n<td><\/td>\n<td><\/td>\n<\/tr>\n<tr>\n<td style=\"background-color: #d8e4bc;\"><strong>Privatklinik Meiringen<br \/>\n<\/strong><strong style=\"font-family: inherit; font-size: inherit;\">Marianne von Dach Nicolay<\/strong><a style=\"font-family: inherit; font-size: inherit;\" href=\"mailto:marianne.vondachnicolay@privatklinik-meiringen.ch\"><strong><br \/>\nmarianne.vondachnicolay@privatklinik-meiringen.ch<\/strong><\/a><\/td>\n<td>Keine Angaben<\/td>\n<\/tr>\n<tr>\n<td><\/td>\n<td><\/td>\n<\/tr>\n<tr>\n<td style=\"background-color: #d8e4bc;\"><strong>Psychiatrischen Dienste Aargau<br \/>\n<\/strong><strong style=\"font-family: inherit; font-size: inherit;\">Eduard Zander<br \/>\n<\/strong><a href=\"mailto:eduard.zander@pdag.ch\"><strong>eduard.zander@pdag.ch<\/strong><\/a><\/td>\n<td>\n<ul>\n<li>Aufrechterhaltung der therapeutischen Beziehung<\/li>\n<li>Klarer gemeinsamer Prozess (interdisziplin\u00e4r und mit anderen Personen\/Gruppen des sozialen Umfelds des Betroffenen)<\/li>\n<li>Geteilte Verantwortung<\/li>\n<li>H\u00f6here Arbeitszufriedenheit<\/li>\n<li>Peerarbeit<\/li>\n<\/ul>\n<\/td>\n<\/tr>\n<tr>\n<td><\/td>\n<td><\/td>\n<\/tr>\n<tr>\n<td style=\"background-color: #d8e4bc;\"><strong>Klinik SGM Langenthal<br \/>\n<\/strong><strong>Iris Uffer<br \/>\n<\/strong><a style=\"font-family: inherit; font-size: inherit;\" href=\"mailto:iris.uffer@klinik-sgm.ch\"><strong>iris.uffer@klinik-sgm.ch<\/strong><\/a><\/td>\n<td>\n<ul>\n<li>Aufrechterhaltung der therapeutischen Beziehung: ja<\/li>\n<li>Klarer gemeinsamer Prozess: Durch multidisziplin\u00e4re Standortgespr\u00e4che und interdisz. Rapporte ja.<\/li>\n<li>Geteilte Verantwortung: ja<\/li>\n<li>H\u00f6here Arbeitszufriedenheit: durch sehr selbst\u00e4ndiges Arbeitet ja.<\/li>\n<\/ul>\n<\/td>\n<\/tr>\n<tr>\n<td><\/td>\n<td><\/td>\n<\/tr>\n<tr>\n<td style=\"background-color: #d8e4bc;\"><strong>Psychiatrische Dienste Graub\u00fcnden<br \/>\n<\/strong><strong>Andreas Werner-Reisdorf<br \/>\n<\/strong><a href=\"mailto:andreas.werner-reisdorf@pdgr.ch\">andreas.werner-reisdorf@pdgr.ch<\/a><\/td>\n<td>\n<ul>\n<li>Intervision<\/li>\n<li>Supervision<\/li>\n<li>Teilnahme an Trialog-Gruppen<\/li>\n<li>Peers in Team<\/li>\n<\/ul>\n<\/td>\n<\/tr>\n<tr>\n<td><\/td>\n<td><\/td>\n<\/tr>\n<tr>\n<td style=\"background-color: #d8e4bc;\"><strong>Integrierte Psychiatrie Winterthur &#8211; Z\u00fcrcher Unterland<br \/>\n<\/strong><strong style=\"font-family: inherit; font-size: inherit;\">Bruno Dolci<br \/>\n<\/strong><strong><a href=\"mailto:bruno.dolci@ipw.ch\">bruno.dolci@ipw.ch<\/a><\/strong><\/td>\n<td>\n<ul>\n<li>Bis jetzt verwenden wir das Konzept und den Begriff &lsquo;Open Dialog&rsquo; noch nicht.<\/li>\n<li>Systemische Versorgungsans\u00e4tze, Arbeit in Netzwerken, Empowerment, Beteiligung bei Entscheidungen sind Element die bei uns gepflegt und umgesetzt werden<\/li>\n<\/ul>\n<\/td>\n<\/tr>\n<tr>\n<td><\/td>\n<td><\/td>\n<\/tr>\n<tr>\n<td style=\"background-color: #d8e4bc;\"><strong>Psychiatrie St. Gallen<br \/>\n<\/strong><strong>Esther Linka<br \/>\n<\/strong><a href=\"mailto:Esther.linka@psychiatrie-sg.ch\"><strong>Esther.linka@psychiatrie-sg.ch <\/strong><\/a><\/td>\n<td>Die therapeutische Beziehung wird durch alle an der Behandlung beteiligten aufrechterhalten<\/td>\n<\/tr>\n<tr>\n<td><\/td>\n<td><\/td>\n<\/tr>\n<tr>\n<td style=\"background-color: #d8e4bc;\"><strong>Sanatorium Kilchberg AG<br \/>\n<\/strong><strong style=\"font-family: inherit; font-size: inherit;\">Harald M\u00fcller<br \/>\n<\/strong><a href=\"mailto:h.mueller@sanatorium-kilchberg.ch\"><strong>h.mueller@sanatorium-kilchberg.ch<\/strong><\/a><\/td>\n<td>\n<ul>\n<li>Behandlungskonferenzen auf einzelnen Stationen eingef\u00fchrt und Erfahrung<\/li>\n<li>Open Dialogue Schulung von einzelnen Mitarbeitenden der Pflege<\/li>\n<\/ul>\n<\/td>\n<\/tr>\n<tr>\n<td><\/td>\n<td><\/td>\n<\/tr>\n<tr>\n<td style=\"background-color: #d8e4bc;\"><strong>Psychiatriezentrum Breitenau<br \/>\n<\/strong><strong>Petra Homburger<br \/>\n<\/strong><a href=\"mailto:petra.homburger@anti-clutterspitaeler-sh.ch\"><strong style=\"font-family: inherit; font-size: inherit;\">petra.homburger@<\/strong><strong style=\"font-family: inherit; font-size: inherit;\">anti-clutter<\/strong><strong style=\"font-family: inherit; font-size: inherit;\">spitaeler-sh.ch<\/strong><\/a><\/td>\n<td>\n<ul>\n<li>Interprofessionelle Behandlungsplanung.<\/li>\n<li>Das System wird von den Mitarbeitenden sehr gesch\u00e4tzt<\/li>\n<\/ul>\n<\/td>\n<\/tr>\n<tr>\n<td><\/td>\n<td><\/td>\n<\/tr>\n<tr>\n<td style=\"background-color: #d8e4bc;\"><strong>Privatklinik Hohenegg<br \/>\n<\/strong><strong style=\"font-family: inherit; font-size: inherit;\">Anja Arnold<br \/>\n<\/strong><a href=\"mailto:anja.arnold@hohenegg.ch\"><strong>anja.arnold@hohenegg.ch<\/strong><\/a><\/td>\n<td>Gesundheitsmanagement f\u00fcr Mitarbeiter: diverse Angebote<\/td>\n<\/tr>\n<tr>\n<td><\/td>\n<td><\/td>\n<\/tr>\n<tr>\n<td style=\"background-color: #d8e4bc;\"><strong>Spital Wallis<br \/>\n<\/strong><strong>Ursula Amherd<br \/>\n<\/strong><a style=\"font-family: inherit; font-size: inherit;\" href=\"mailto:ursula.amherd@hospitalvs.ch\"><strong>ursula.amherd@hospitalvs.ch<\/strong><\/a><\/td>\n<td>\n<ul>\n<li>Der Patient geht nach Austritt zur\u00fcck zum ambulanten Therapeuten, der wird vor Austritt informiert.<\/li>\n<li>Interdisziplin\u00e4re Zusammenarbeit ist noch nicht optimal<\/li>\n<\/ul>\n<\/td>\n<\/tr>\n<tr>\n<td><\/td>\n<td><\/td>\n<\/tr>\n<tr>\n<td style=\"background-color: #d8e4bc;\"><strong>Clienia Schl\u00f6ssli<br \/>\n<\/strong><strong>J\u00fcrg Dinkel<br \/>\n<\/strong><a href=\"mailto:juerg.dinkel@clienia.ch\"><strong>juerg.dinkel@clienia.ch<\/strong><\/a><\/td>\n<td>Keine Erfahrung<\/td>\n<\/tr>\n<tr>\n<td><\/td>\n<td><\/td>\n<\/tr>\n<tr>\n<td style=\"background-color: #d8e4bc;\"><strong>Centre Neuch\u00e2telois de Psychiatrie<br \/>\n<\/strong><strong style=\"font-family: inherit; font-size: inherit;\">Emmanuelle Garnier<br \/>\n<\/strong><a href=\"mailto:emmanuelle.garnier@cnp.ch\"><strong>emmanuelle.garnier@cnp.ch<\/strong><\/a><\/td>\n<td>\n<ul>\n<li>Gemeinsamer Krisenplan<\/li>\n<li>Patientenverf\u00fcgungen<\/li>\n<li>Information \u00fcber die Haftung von Fachpersonen<\/li>\n<li>Transparenz \u00fcber und Einsicht in den gesamten Pflegeverlauf<\/li>\n<\/ul>\n<\/td>\n<\/tr>\n<tr>\n<td><\/td>\n<td><\/td>\n<\/tr>\n<tr>\n<td style=\"background-color: #d8e4bc;\"><strong>Netzwerk psychische Gesundheit<br \/>\n<\/strong><strong style=\"font-family: inherit; font-size: inherit;\">(R\u00e9seau sant\u00e9 mentale RSM )<br \/>\n<\/strong><strong style=\"font-family: inherit; font-size: inherit;\">Nicolas Racine<br \/>\n<\/strong><a style=\"font-family: inherit; font-size: inherit;\" href=\"mailto:nicolas.racine@sante-mentale.ch\"><strong>nicolas.racine@sante-mentale.ch<\/strong><\/a><strong style=\"font-family: inherit; font-size: inherit;\"><br \/>\n<\/strong><\/td>\n<td>\n<ul>\n<li>Es ist wichtig, dass das Pflegepersonal eine qualitative therapeutische Beziehung schafft (bspw. Aufbau einer unterst\u00fctzenden Beziehung<\/li>\n<li>Gleich zu Beginn der Hospitalisierung werden die T\u00e4tigkeiten der verschiedenen Beteiligten f\u00fcr und mit dem Patienten unter Ber\u00fccksichtigung seiner Bed\u00fcrfnisse und Ressourcen definiert.<\/li>\n<li>Die verschiedenen Partner verbinden und vernetzen, sich kennenlernen<\/li>\n<li>Wo m\u00f6glich interne und externe Weiterbildungen der Institution beg\u00fcnstigen und m\u00f6gliche <em>Good Practice-<\/em>Ans\u00e4tze f\u00fcr die Zukunft entwickeln<\/li>\n<li>Bed\u00fcrfnis und Wunsch, die Psychiatrie beim Personal aus wissenschaftlicher Sicht als eigenst\u00e4ndigen medizinischen Bereich zu etablieren<\/li>\n<li>St\u00f6rung evaluieren, spezifische Therapie planen und anbieten (Behandlungspfad) und danach Re-Evaluation des zuvor festgelegten Zeitraums und der geeigneten Therapie<\/li>\n<\/ul>\n<\/td>\n<\/tr>\n<tr>\n<td><\/td>\n<td><\/td>\n<\/tr>\n<tr>\n<td style=\"background-color: #d8e4bc;\"><strong>Clinica Viarnetto<br \/>\n<\/strong><strong style=\"font-family: inherit; font-size: inherit;\">A. Girardi<br \/>\n<\/strong><a style=\"font-family: inherit; font-size: inherit;\" href=\"mailto:a.girardi@clinicaviarnetto.ch\"><strong>a.girardi@clinicaviarnetto.ch<\/strong><\/a><\/td>\n<td>Regelm\u00e4ssige Kontakte mit den Behandlern und dem sozialen Netz des Patienten<\/td>\n<\/tr>\n<\/tbody>\n<\/table>\n","protected":false},"excerpt":{"rendered":"<p>Klinik \/ Ansprechperson Handlungsfeld: Open Dialogue Adressat: Professionals Psychiatrie St. Gallen\u00a0 &#8211; Klinik St. Pirminsberg in Pf\u00e4fers Gerda Malojer gerda.malojer@psychiatrie-sg.ch Keine Angaben Luzerner Psychiatrie opendialogue@lups.ch Systemische Fortbildung in Open Dialogue Open Dialogue &#8211; Luzerner Psychiatrie AG (lups.ch) Clienia Privatklinik Littenheid Hubert Dietschi hubert.dietschi@clienia.ch Intervision Supervision Teilnahme an Trialog-Gruppen Peers in Team und Weiterbildungen PZM Psychiatriezentrum &#8230; <a title=\"Handlungsfeld: Open Dialogue Adressat: Professionals\" class=\"read-more\" href=\"https:\/\/swissmentalhealthcare.ch\/smhc\/fr\/respektvolle-wahrnehmung\/open-dialogue\/403-2\/\" aria-label=\"En savoir plus sur Handlungsfeld: Open Dialogue Adressat: Professionals\">&gt;&gt;&gt;<\/a><\/p>\n","protected":false},"author":1,"featured_media":368,"parent":653,"menu_order":403,"comment_status":"closed","ping_status":"closed","template":"","meta":{"generate_page_header":"","footnotes":""},"class_list":{"0":"post-557","1":"page","2":"type-page","3":"status-publish","4":"has-post-thumbnail","6":"infinite-scroll-item"},"translation":{"provider":"WPGlobus","version":"3.0.2","language":"fr","enabled_languages":["de","fr"],"languages":{"de":{"title":true,"content":true,"excerpt":false},"fr":{"title":false,"content":false,"excerpt":false}}},"_links":{"self":[{"href":"https:\/\/swissmentalhealthcare.ch\/smhc\/fr\/wp-json\/wp\/v2\/pages\/557","targetHints":{"allow":["GET"]}}],"collection":[{"href":"https:\/\/swissmentalhealthcare.ch\/smhc\/fr\/wp-json\/wp\/v2\/pages"}],"about":[{"href":"https:\/\/swissmentalhealthcare.ch\/smhc\/fr\/wp-json\/wp\/v2\/types\/page"}],"author":[{"embeddable":true,"href":"https:\/\/swissmentalhealthcare.ch\/smhc\/fr\/wp-json\/wp\/v2\/users\/1"}],"replies":[{"embeddable":true,"href":"https:\/\/swissmentalhealthcare.ch\/smhc\/fr\/wp-json\/wp\/v2\/comments?post=557"}],"version-history":[{"count":15,"href":"https:\/\/swissmentalhealthcare.ch\/smhc\/fr\/wp-json\/wp\/v2\/pages\/557\/revisions"}],"predecessor-version":[{"id":2903,"href":"https:\/\/swissmentalhealthcare.ch\/smhc\/fr\/wp-json\/wp\/v2\/pages\/557\/revisions\/2903"}],"up":[{"embeddable":true,"href":"https:\/\/swissmentalhealthcare.ch\/smhc\/fr\/wp-json\/wp\/v2\/pages\/653"}],"wp:featuredmedia":[{"embeddable":true,"href":"https:\/\/swissmentalhealthcare.ch\/smhc\/fr\/wp-json\/wp\/v2\/media\/368"}],"wp:attachment":[{"href":"https:\/\/swissmentalhealthcare.ch\/smhc\/fr\/wp-json\/wp\/v2\/media?parent=557"}],"curies":[{"name":"wp","href":"https:\/\/api.w.org\/{rel}","templated":true}]}}