{"id":533,"date":"2017-07-24T14:53:25","date_gmt":"2017-07-24T14:53:25","guid":{"rendered":"http:\/\/swissmentalhealthcare.ch\/smhc\/?page_id=533"},"modified":"2023-01-18T09:23:51","modified_gmt":"2023-01-18T09:23:51","slug":"201-2","status":"publish","type":"page","link":"https:\/\/swissmentalhealthcare.ch\/smhc\/fr\/respektvolle-wahrnehmung\/personzentriert\/201-2\/","title":{"rendered":"Handlungsfeld \u201ePersonzentrierter integrativer Ansatz\u201c <br>Adressat: Betroffene"},"content":{"rendered":"<table>\n<tbody>\n<tr>\n<td style=\"text-align: center;\"><strong>Klinik \/ Ansprechperson<\/strong><\/td>\n<td style=\"background-color: #d8e4bc; text-align: center;\"><strong>Handlungsfeld \u201ePersonzentrierter integrativer Ansatz\u201c<br \/>\n<\/strong><strong style=\"font-family: inherit; font-size: inherit;\">Adressaten: Betroffene<\/strong><\/td>\n<\/tr>\n<tr>\n<td style=\"background-color: #d8e4bc;\"><strong>Psychiatrie St. Gallen\u00a0 &#8211; Klinik St. Pirminsberg in Pf\u00e4fers<br \/>\n<\/strong><strong style=\"font-family: inherit; font-size: inherit;\">Gerda Malojer<br \/>\n<\/strong><a href=\"mailto:gerda.malojer@psychiatrie-sg.ch\"><strong>gerda.malojer@psychiatrie-sg.ch<\/strong><\/a><strong style=\"font-family: inherit; font-size: inherit;\"><br \/>\n<\/strong><\/td>\n<td>Betroffene werden weitgehend in die Behandlungsplanung mit einbezogen; Behandlungsziele und Massnahmen werden im Kernteam entwickelt<\/td>\n<\/tr>\n<tr>\n<td><\/td>\n<td><\/td>\n<\/tr>\n<tr>\n<td style=\"background-color: #d8e4bc;\"><strong>Luzerner Psychiatrie<br \/>\n<\/strong><strong>vakan<br \/>\n<\/strong><\/td>\n<td>\n<ul>\n<li>Die Luzerner Psychiatrie stellt die Beziehung in den Mittelpunkt<\/li>\n<li>Mit den Instrumenten Behandlungsvereinbarung und Kernteamarbeit wird die personenzentrierte Arbeit gest\u00e4rkt und die Einflussnahme der Patient\/innen und des Umfeldes auf die Behandlung gef\u00f6rdert<\/li>\n<li>Die Umsetzung auf Ebene Betroffene, Angeh\u00f6rige und Professionals gelingt gut und ist nachhaltig im Patientenkontakt sp\u00fcrbar<\/li>\n<\/ul>\n<\/td>\n<\/tr>\n<tr>\n<td><\/td>\n<td><\/td>\n<\/tr>\n<tr>\n<td style=\"background-color: #d8e4bc;\"><strong>Clienia Privatklinik Littenheid<br \/>\n<\/strong><strong style=\"font-family: inherit; font-size: inherit;\">Hubert Dietschi<br \/>\n<\/strong><a style=\"font-family: inherit; font-size: inherit;\" href=\"mailto:hubert.dietschi@clienia.ch\"><strong>hubert.dietschi@clienia.ch<\/strong><\/a><strong style=\"font-family: inherit; font-size: inherit;\"><br \/>\n<\/strong><\/td>\n<td>\n<ul>\n<li>Ressourcenorientierte Behandlungsplanung<\/li>\n<li>Individuelle Behandlungsplanung<\/li>\n<li>Einsatz von Peer Mitarbeitern<\/li>\n<li>Umsetzung von Recovery<\/li>\n<\/ul>\n<\/td>\n<\/tr>\n<tr>\n<td><\/td>\n<td><\/td>\n<\/tr>\n<tr>\n<td style=\"background-color: #d8e4bc;\"><strong>PZM Psychiatriezentrum M\u00fcnsingen<br \/>\n<\/strong><strong style=\"font-family: inherit; font-size: inherit;\">Brigitte Egli<br \/>\n<\/strong><a href=\"mailto:brigitte.egli@pzmag.ch\"><strong>brigitte.egli@pzmag.ch<\/strong><\/a><\/td>\n<td>\n<ul>\n<li>Integrative Behandlungsplanung<\/li>\n<li>Pflegekonzept Intensivpflege<\/li>\n<li>Teilstation\u00e4re und ambulante Angebote<\/li>\n<li>Psychoedukative Gruppenangebote<\/li>\n<li>Biographiearbeit<\/li>\n<li>Fallbesprechungen inkl. Pat.<\/li>\n<\/ul>\n<\/td>\n<\/tr>\n<tr>\n<td><\/td>\n<td><\/td>\n<\/tr>\n<tr>\n<td style=\"background-color: #d8e4bc;\"><strong>Privatklinik Meiringen<br \/>\n<\/strong><strong style=\"font-family: inherit; font-size: inherit;\">Marianne von Dach Nicolay<\/strong><a style=\"font-family: inherit; font-size: inherit;\" href=\"mailto:marianne.vondachnicolay@privatklinik-meiringen.ch\"><strong><br \/>\nmarianne.vondachnicolay@privatklinik-meiringen.ch<\/strong><\/a><\/td>\n<td>Wir streben eine individuelle personenbezogenen Behandlung an<\/td>\n<\/tr>\n<tr>\n<td><\/td>\n<td><\/td>\n<\/tr>\n<tr>\n<td style=\"background-color: #d8e4bc;\"><strong>Psychiatrischen Dienste Aargau<br \/>\n<\/strong><strong style=\"font-family: inherit; font-size: inherit;\">Eduard Zander<br \/>\n<\/strong><a href=\"mailto:eduard.zander@pdag.ch\"><strong>eduard.zander@pdag.ch<\/strong><\/a><\/td>\n<td>\n<ul>\n<li>Kranke und positive Gesundheit in partnerschaftlichem Prozess formulieren<\/li>\n<li>Sinn- und Wertgef\u00fchl finden<\/li>\n<li>Achtung und W\u00fcrde erfahren<\/li>\n<li>Identit\u00e4t und Kultur einbeziehen<\/li>\n<li>Protektive Faktoren herausarbeiten<\/li>\n<li>Umgang mit Leiden finden<\/li>\n<li>Partnerzentrierte Grundhaltung wird umgesetzt.<\/li>\n<\/ul>\n<\/td>\n<\/tr>\n<tr>\n<td><\/td>\n<td><\/td>\n<\/tr>\n<tr>\n<td style=\"background-color: #d8e4bc;\"><strong>Klinik SGM Langenthal<br \/>\n<\/strong><strong>Iris Uffer<br \/>\n<\/strong><a style=\"font-family: inherit; font-size: inherit;\" href=\"mailto:iris.uffer@klinik-sgm.ch\"><strong>iris.uffer@klinik-sgm.ch<\/strong><\/a><\/td>\n<td>\n<ul>\n<li>In unserem Ganzheitlichen Konzept wird genau dies umgesetzt<\/li>\n<li>Uns ist es dabei sehr wichtig, den Menschen im Ganzen zu sehen<\/li>\n<li>Mit allen Ressourcen und Schwierigkeiten in allen Lebensbereichen<\/li>\n<\/ul>\n<\/td>\n<\/tr>\n<tr>\n<td><\/td>\n<td><\/td>\n<\/tr>\n<tr>\n<td style=\"background-color: #d8e4bc;\"><strong>Psychiatrische Dienste Graub\u00fcnden<br \/>\n<\/strong><strong>Andreas Werner-Reisdorf<br \/>\n<a href=\"mailto:andreas.werner-reisdorf@pdgr.ch\">andreas.werner-reisdorf@pdgr.ch<\/a><\/strong><\/td>\n<td>\n<ul>\n<li>Ressourcenorientierte Behandlungsplanung<\/li>\n<li>Einsatz von Peer Mitarbeitern<\/li>\n<li>Umsetzung von Recovery<\/li>\n<li>Transkultureller Behandlungsstandard<\/li>\n<\/ul>\n<\/td>\n<\/tr>\n<tr>\n<td><\/td>\n<td><\/td>\n<\/tr>\n<tr>\n<td style=\"background-color: #d8e4bc;\"><strong>Integrierte Psychiatrie Winterthur<br \/>\n<\/strong><strong style=\"font-family: inherit; font-size: inherit;\">Bruno Dolci<br \/>\n<\/strong><a href=\"mailto:bruno.dolci@ipw.ch\"><strong>bruno.dolci@ipw.ch<\/strong><\/a><\/td>\n<td>\n<ul>\n<li>Die PID ist bei uns standardisiert und wird von fallf\u00fchrenden \u00c4rzten, Psychologen, Pflegefachpersonen, zus\u00e4tzlich zum ICD, strukturiert verwendet<\/li>\n<li>Die Betroffenen sind Miteinbezogen und verstehen besser was in den medizinischen Berichten steht<\/li>\n<\/ul>\n<\/td>\n<\/tr>\n<tr>\n<td><\/td>\n<td><\/td>\n<\/tr>\n<tr>\n<td style=\"background-color: #d8e4bc;\"><strong>Psychiatrie St. Gallen<br \/>\n<\/strong><strong>Esther Linka<br \/>\n<\/strong><a href=\"mailto:Esther.linka@psychiatrie-sg.ch\"><strong>Esther.linka@psychiatrie-sg.ch <\/strong><\/a><\/td>\n<td>Die Behandlungsplanung erfolgt gemeinsam mit den Betroffenen und den an der Behandlung beteiligten Personen<\/td>\n<\/tr>\n<tr>\n<td><\/td>\n<td><\/td>\n<\/tr>\n<tr>\n<td style=\"background-color: #d8e4bc;\"><strong>Sanatorium Kilchberg AG<br \/>\n<\/strong><strong style=\"font-family: inherit; font-size: inherit;\">Harald M\u00fcller<br \/>\n<\/strong><a href=\"mailto:h.mueller@sanatorium-kilchberg.ch\"><strong>h.mueller@sanatorium-kilchberg.ch<\/strong><\/a><\/td>\n<td>\n<ul>\n<li>Ressourcenorientierung<\/li>\n<li>Individuelle Behandlungsplanung<\/li>\n<li>Projekt Arbeitsintegration i.Z. mit IV Z\u00fcrich<\/li>\n<li>Tlw. Biographiearbeit<\/li>\n<\/ul>\n<\/td>\n<\/tr>\n<tr>\n<td><\/td>\n<td><\/td>\n<\/tr>\n<tr>\n<td style=\"background-color: #d8e4bc;\"><strong>Psychiatriezentrum Breitenau<br \/>\n<\/strong><strong>Petra Homburger<br \/>\n<\/strong><a href=\"mailto:petra.homburger@anti-clutterspitaeler-sh.ch\"><strong style=\"font-family: inherit; font-size: inherit;\">petra.homburger@<\/strong><strong style=\"font-family: inherit; font-size: inherit;\">anti-clutter<\/strong><strong style=\"font-family: inherit; font-size: inherit;\">spitaeler-sh.ch<\/strong><\/a><\/td>\n<td>\n<ul>\n<li>Bei der gesamten Pflege- und Behandlungsplanung stehen immer auch die gesunden Anteile des Menschen im Zentrum<\/li>\n<li>Die Themen werden in den Bezugspersonengespr\u00e4chen, Einzelgespr\u00e4chen mit den Therapeuten, Kernteamgespr\u00e4chen diskutiert<\/li>\n<li>Weiteres wichtiges Instrument ist die Psychoedukation.<\/li>\n<\/ul>\n<\/td>\n<\/tr>\n<tr>\n<td><\/td>\n<td><\/td>\n<\/tr>\n<tr>\n<td style=\"background-color: #d8e4bc;\"><strong>Privatklinik Hohenegg<br \/>\n<\/strong><strong style=\"font-family: inherit; font-size: inherit;\">Anja Arnold<br \/>\n<\/strong><a href=\"mailto:anja.arnold@hohenegg.ch\"><strong>anja.arnold@hohenegg.ch<\/strong><\/a><\/td>\n<td>\n<ul>\n<li>Patient im Zentrum, Kontextmodel: Alle Beteiligten sich am Genesungsprozess jeder auf seiner Art mit seiner Expertise<\/li>\n<li>Der Betroffene versteht, warum was gemacht wird<\/li>\n<\/ul>\n<\/td>\n<\/tr>\n<tr>\n<td><\/td>\n<td><\/td>\n<\/tr>\n<tr>\n<td style=\"background-color: #d8e4bc;\"><strong>Spital Wallis<br \/>\n<\/strong><strong>Ursula Amherd<br \/>\n<\/strong><a style=\"font-family: inherit; font-size: inherit;\" href=\"mailto:ursula.amherd@hospitalvs.ch\"><strong>ursula.amherd@hospitalvs.ch<\/strong><\/a><\/td>\n<td>Ist noch entwicklungsbed\u00fcrftig<\/td>\n<\/tr>\n<tr>\n<td><\/td>\n<td><\/td>\n<\/tr>\n<tr>\n<td style=\"background-color: #d8e4bc;\"><strong>Clienia Schl\u00f6ssli<br \/>\n<\/strong><strong>J\u00fcrg Dinkel<br \/>\n<\/strong><a href=\"mailto:juerg.dinkel@clienia.ch\"><strong>juerg.dinkel@clienia.ch<\/strong><\/a><\/td>\n<td>\n<ul>\n<li>Konzept als solches nicht bekannt<\/li>\n<li>Einzelelemente werden individuell umgesetzt (Bsp. Schematherapie in Einzeltherapie und in Gruppen, individuelle Therapievereinbarungen)<\/li>\n<\/ul>\n<\/td>\n<\/tr>\n<tr>\n<td><\/td>\n<td><\/td>\n<\/tr>\n<tr>\n<td style=\"background-color: #d8e4bc;\"><strong>Centre Neuch\u00e2telois de Psychiatrie<br \/>\n<\/strong><strong style=\"font-family: inherit; font-size: inherit;\">Emmanuelle Garnier<br \/>\n<\/strong><a href=\"mailto:emmanuelle.garnier@cnp.ch\"><strong>emmanuelle.garnier@cnp.ch<\/strong><\/a><\/td>\n<td>\n<ul>\n<li>Umsetzung von Patientengruppen zum Thema Gesundheit<\/li>\n<li>Arbeitsgruppe Umgang mit der Erkrankung<\/li>\n<li>Einf\u00fchrung und Reflexion \u00fcber die Pflegephilosophie (Parse)<\/li>\n<\/ul>\n<\/td>\n<\/tr>\n<tr>\n<td><\/td>\n<td><\/td>\n<\/tr>\n<tr>\n<td style=\"background-color: #d8e4bc;\"><strong>Netzwerk psychische Gesundheit<br \/>\n<\/strong><strong style=\"font-family: inherit; font-size: inherit;\">(R\u00e9seau sant\u00e9 mentale RSM )<br \/>\n<\/strong><strong style=\"font-family: inherit; font-size: inherit;\">Nicolas Racine<br \/>\n<\/strong><a style=\"font-family: inherit; font-size: inherit;\" href=\"mailto:nicolas.racine@sante-mentale.ch\"><strong>nicolas.racine@sante-mentale.ch<\/strong><\/a><strong style=\"font-family: inherit; font-size: inherit;\"><br \/>\n<\/strong><\/td>\n<td>\n<ul>\n<li>Systematischer auf ein Pflegemodell Bezug nehmen, welches den integrativen, auf die Person zentrierten Ansatz betont<\/li>\n<li>Die Pflege auf Werte, Interkulturalit\u00e4t, die Lebensgeschichte des Patienten und Interaktionen im Prozess der psychischen Gesundheit ausrichten<\/li>\n<\/ul>\n<\/td>\n<\/tr>\n<tr>\n<td><\/td>\n<td><\/td>\n<\/tr>\n<tr>\n<td style=\"background-color: #d8e4bc;\"><strong>Clinica Viarnetto<br \/>\n<\/strong><strong style=\"font-family: inherit; font-size: inherit;\">A. Girardi<br \/>\n<\/strong><a style=\"font-family: inherit; font-size: inherit;\" href=\"mailto:a.girardi@clinicaviarnetto.ch\"><strong>a.girardi@clinicaviarnetto.ch<\/strong><\/a><\/td>\n<td>Integrierter psychiatrisch-psychotherapeutischer Ansatz mit dynamischer Ausrichtung, welche die Komplexit\u00e4t des Menschen ber\u00fccksichtigt<\/td>\n<\/tr>\n<\/tbody>\n<\/table>\n","protected":false},"excerpt":{"rendered":"<p>Klinik \/ Ansprechperson Handlungsfeld \u201ePersonzentrierter integrativer Ansatz\u201c Adressaten: Betroffene Psychiatrie St. Gallen\u00a0 &#8211; Klinik St. Pirminsberg in Pf\u00e4fers Gerda Malojer gerda.malojer@psychiatrie-sg.ch Betroffene werden weitgehend in die Behandlungsplanung mit einbezogen; Behandlungsziele und Massnahmen werden im Kernteam entwickelt Luzerner Psychiatrie vakan Die Luzerner Psychiatrie stellt die Beziehung in den Mittelpunkt Mit den Instrumenten Behandlungsvereinbarung und Kernteamarbeit wird &#8230; <a title=\"Handlungsfeld \u201ePersonzentrierter integrativer Ansatz\u201c Adressat: Betroffene\" class=\"read-more\" href=\"https:\/\/swissmentalhealthcare.ch\/smhc\/fr\/respektvolle-wahrnehmung\/personzentriert\/201-2\/\" aria-label=\"En savoir plus sur Handlungsfeld \u201ePersonzentrierter integrativer Ansatz\u201c Adressat: Betroffene\">&gt;&gt;&gt;<\/a><\/p>\n","protected":false},"author":1,"featured_media":368,"parent":629,"menu_order":201,"comment_status":"closed","ping_status":"closed","template":"","meta":{"generate_page_header":"","footnotes":""},"class_list":{"0":"post-533","1":"page","2":"type-page","3":"status-publish","4":"has-post-thumbnail","6":"infinite-scroll-item"},"translation":{"provider":"WPGlobus","version":"3.0.2","language":"fr","enabled_languages":["de","fr"],"languages":{"de":{"title":true,"content":true,"excerpt":false},"fr":{"title":false,"content":false,"excerpt":false}}},"_links":{"self":[{"href":"https:\/\/swissmentalhealthcare.ch\/smhc\/fr\/wp-json\/wp\/v2\/pages\/533","targetHints":{"allow":["GET"]}}],"collection":[{"href":"https:\/\/swissmentalhealthcare.ch\/smhc\/fr\/wp-json\/wp\/v2\/pages"}],"about":[{"href":"https:\/\/swissmentalhealthcare.ch\/smhc\/fr\/wp-json\/wp\/v2\/types\/page"}],"author":[{"embeddable":true,"href":"https:\/\/swissmentalhealthcare.ch\/smhc\/fr\/wp-json\/wp\/v2\/users\/1"}],"replies":[{"embeddable":true,"href":"https:\/\/swissmentalhealthcare.ch\/smhc\/fr\/wp-json\/wp\/v2\/comments?post=533"}],"version-history":[{"count":15,"href":"https:\/\/swissmentalhealthcare.ch\/smhc\/fr\/wp-json\/wp\/v2\/pages\/533\/revisions"}],"predecessor-version":[{"id":2031,"href":"https:\/\/swissmentalhealthcare.ch\/smhc\/fr\/wp-json\/wp\/v2\/pages\/533\/revisions\/2031"}],"up":[{"embeddable":true,"href":"https:\/\/swissmentalhealthcare.ch\/smhc\/fr\/wp-json\/wp\/v2\/pages\/629"}],"wp:featuredmedia":[{"embeddable":true,"href":"https:\/\/swissmentalhealthcare.ch\/smhc\/fr\/wp-json\/wp\/v2\/media\/368"}],"wp:attachment":[{"href":"https:\/\/swissmentalhealthcare.ch\/smhc\/fr\/wp-json\/wp\/v2\/media?parent=533"}],"curies":[{"name":"wp","href":"https:\/\/api.w.org\/{rel}","templated":true}]}}