{"id":523,"date":"2017-07-24T14:34:30","date_gmt":"2017-07-24T14:34:30","guid":{"rendered":"http:\/\/swissmentalhealthcare.ch\/smhc\/?page_id=523"},"modified":"2023-01-18T09:33:40","modified_gmt":"2023-01-18T09:33:40","slug":"303-2","status":"publish","type":"page","link":"https:\/\/swissmentalhealthcare.ch\/smhc\/fr\/respektvolle-wahrnehmung\/behandlungsvereinbarung\/303-2\/","title":{"rendered":"Handlungsfeld: Behandlungsvereinbarung <br>Adressat: Professionals"},"content":{"rendered":"<table>\n<tbody>\n<tr>\n<td style=\"text-align: center;\"><strong>Klinik \/ Ansprechperson<\/strong><\/td>\n<td style=\"background-color: #d8e4bc; text-align: center;\"><strong>Handlungsfeld: Behandlungsvereinbarung<br \/>\n<\/strong><strong style=\"font-family: inherit; font-size: inherit;\">Adressaten: Professionals<\/strong><\/td>\n<\/tr>\n<tr>\n<td style=\"background-color: #d8e4bc;\"><strong>Psychiatrie\u00a0 St. Gallen\u00a0 &#8211; Klinik St. Pirminsberg in Pf\u00e4fers<br \/>\n<\/strong><strong style=\"font-family: inherit; font-size: inherit;\">Gerda Malojer<br \/>\n<\/strong><a href=\"mailto:gerda.malojer@psychiatrie-sg.ch\"><strong>gerda.malojer@psychiatrie-sg.ch<\/strong><\/a><strong style=\"font-family: inherit; font-size: inherit;\"><br \/>\n<\/strong><\/td>\n<td>\n<ul>\n<li>Die Behandlung erfolgt im Kernteam (Fallf\u00fchrung z.B. Assistenzarzt, Psychologin, Bezugsperson HF plus eine zweite Fachperson plus Patient unter Verantwortung des Oberarztes<\/li>\n<li>Zwangsmassnahmen werden durch ein B\u00fcndel an Massnahmen reduziert, z.B. Deeskalationstraining, Safe Wards Interventionen, usw.<\/li>\n<li>Diversifizierte Behandlungssettings werden angeboten: station\u00e4r, Tagesklinik, \u00dcbergangsgruppe, aufsuchende Pflege, usw.<\/li>\n<\/ul>\n<\/td>\n<\/tr>\n<tr>\n<td><\/td>\n<td><\/td>\n<\/tr>\n<tr>\n<td style=\"background-color: #d8e4bc;\"><strong>Luzerner Psychiatrie<br \/>\n<\/strong><b>vakant<\/b><\/td>\n<td>Die Luzerner Psychiatrie arbeitet bereits seitmehreren Jahren mit der Behandlungsvereinbarung. Alle Ziel f\u00fcr Betroffene, Angeh\u00f6rige und Professionals k\u00f6nnen erreicht werden, insbesondere weniger FU, bessere Kooperation mit den Patient\/innen und eine h\u00f6here Zufriedenheit der Mitarbeitende<\/td>\n<\/tr>\n<tr>\n<td><\/td>\n<td><\/td>\n<\/tr>\n<tr>\n<td style=\"background-color: #d8e4bc;\"><strong>Clienia Privatklinik Littenheid<br \/>\n<\/strong><strong style=\"font-family: inherit; font-size: inherit;\">Hubert Dietschi<br \/>\n<\/strong><a style=\"font-family: inherit; font-size: inherit;\" href=\"mailto:hubert.dietschi@clienia.ch\"><strong>hubert.dietschi@clienia.ch<\/strong><\/a><strong style=\"font-family: inherit; font-size: inherit;\"><br \/>\n<\/strong><\/td>\n<td>Interdisziplin\u00e4re Behandlungsplanung<\/p>\n<p>Ambulante psychiatrische Betreuung und Fallf\u00fchrung<\/p>\n<p>Diversifizierte Behandlungssettings werden angeboten: (station\u00e4r, Tagesklinik, aufsuchende Pflege,)<\/td>\n<\/tr>\n<tr>\n<td><\/td>\n<td><\/td>\n<\/tr>\n<tr>\n<td style=\"background-color: #d8e4bc;\"><strong>PZM Psychiatriezentrum M\u00fcnsingen<br \/>\n<\/strong><strong style=\"font-family: inherit; font-size: inherit;\">Brigitte Egli<br \/>\n<\/strong><a href=\"mailto:brigitte.egli@pzmag.ch\"><strong>brigitte.egli@pzmag.ch<\/strong><\/a><\/td>\n<td>\n<ul>\n<li>Offen-gef\u00fchrte Akutstationen<\/li>\n<li>Kooperationen mit Zuweiser, ambulanten Diensten, Spitex schriftliche und m\u00fcndliche \u00dcberweisungen<\/li>\n<li>Aufkl\u00e4rungsarbeit<\/li>\n<li>Durchf\u00fchrung von externen Weiterbildungen<\/li>\n<\/ul>\n<\/td>\n<\/tr>\n<tr>\n<td><\/td>\n<td><\/td>\n<\/tr>\n<tr>\n<td style=\"background-color: #d8e4bc;\"><strong>Privatklinik Meiringen<br \/>\n<\/strong><strong style=\"font-family: inherit; font-size: inherit;\">Marianne von Dach Nicolay<\/strong><a style=\"font-family: inherit; font-size: inherit;\" href=\"mailto:marianne.vondachnicolay@privatklinik-meiringen.ch\"><strong><br \/>\nmarianne.vondachnicolay@privatklinik-meiringen.ch<\/strong><\/a><\/td>\n<td>\n<ul>\n<li>\u00dcber die Behandlungsvereinbarung werden die Auftr\u00e4ge an die Professionals erteilt, es gibt eine gemeinsame \u00ab\u00a0Blickrichtung\u00a0\u00bb auf das Ziel der Behandlung und das zu erwartende Ergebnis.<\/li>\n<li>Gegenseitige Auftragskl\u00e4rung und Zust\u00e4ndigkeiten werden aufgezeigt<\/li>\n<\/ul>\n<\/td>\n<\/tr>\n<tr>\n<td><\/td>\n<td><\/td>\n<\/tr>\n<tr>\n<td style=\"background-color: #d8e4bc;\"><strong>Psychiatrischen Dienste Aargau<br \/>\n<\/strong><strong style=\"font-family: inherit; font-size: inherit;\">Eduard Zander<br \/>\n<\/strong><a href=\"mailto:eduard.zander@pdag.ch\"><strong>eduard.zander@pdag.ch<\/strong><\/a><\/td>\n<td>\n<ul>\n<li>Kl\u00e4rung des Behandlungsplanes<\/li>\n<li>Vertiefung des therapeutischen B\u00fcndnisses<\/li>\n<li>Verbesserung der Kommunikation<\/li>\n<li>Verringerung von Zwangsmassnahmen<\/li>\n<li>Empowerment Betroffener und Professionals<\/li>\n<li>H\u00f6here Arbeitszufriedenheit<\/li>\n<\/ul>\n<\/td>\n<\/tr>\n<tr>\n<td><\/td>\n<td><\/td>\n<\/tr>\n<tr>\n<td style=\"background-color: #d8e4bc;\"><strong>Klinik SGM Langenthal<br \/>\n<\/strong><strong>Iris Uffer<br \/>\n<\/strong><a style=\"font-family: inherit; font-size: inherit;\" href=\"mailto:iris.uffer@klinik-sgm.ch\"><strong>iris.uffer@klinik-sgm.ch<\/strong><\/a><\/td>\n<td>\n<ul>\n<li>Kl\u00e4rung der Therapeutischen Beziehung: wird von unserer Seite her gemacht<\/li>\n<li>Vertiefung des therapeutischen B\u00fcndnisses: geschieht im Verlauf der Behandlung<\/li>\n<li>Verbesserung der Kommunikation: durch die regelm\u00e4ssigen multidisziplin\u00e4ren Standortgespr\u00e4che ist die Kommunikation gew\u00e4hrleistet und optimal<\/li>\n<li>Verringerung von Zwangsmassnahmen: Wir haben sehr selten Zwangsmassnahmen aufgrund des Leistungsauftrages. -Empowerment Betroffener und Professionals: Ist ein laufender Prozess, wird in verschiedenen Gef\u00e4ssen thematisiert<\/li>\n<li>H\u00f6here Arbeitszufriedenheit: Durch das selbst\u00e4ndige Arbeiten erlangen wir eine hohe Arbeitszufriedenheit.<\/li>\n<\/ul>\n<\/td>\n<\/tr>\n<tr>\n<td><\/td>\n<td><\/td>\n<\/tr>\n<tr>\n<td style=\"background-color: #d8e4bc;\"><strong>Psychiatrische Dienste Graub\u00fcnden<br \/>\n<\/strong><strong>Andreas Werner-Reisdorf<br \/>\n<a href=\"mailto:andreas.werner-reisdorf@pdgr.ch\">andreas.werner-reisdorf@pdgr.ch<\/a><\/strong><\/td>\n<td>\n<ul>\n<li>Interdisziplin\u00e4rer Behandlungsplan<\/li>\n<li>Krisendiagramm oft mit Einbezug Behandlungspartner<\/li>\n<li>Absprache und Transparenz (Zusenden des Behandlungsplans) mit Behandlungspartnern<\/li>\n<li>Fallf\u00fchrung durch dipl. Pflegepersonal<\/li>\n<li>Ambulant psychiatrische Betreuung<\/li>\n<li>Ethische Fallbesprechung<\/li>\n<\/ul>\n<\/td>\n<\/tr>\n<tr>\n<td><\/td>\n<td><\/td>\n<\/tr>\n<tr>\n<td style=\"background-color: #d8e4bc;\"><strong>Integrierte Psychiatrie Winterthur &#8211; Z\u00fcrcher Unterland<br \/>\n<\/strong><strong style=\"font-family: inherit; font-size: inherit;\">Bruno Dolci<br \/>\n<\/strong><strong><a href=\"mailto:bruno.dolci@ipw.ch\">bruno.dolci@ipw.ch<\/a><\/strong><\/td>\n<td>Die Behandlungsvereinbarung ist Teil der fachlichen Weiterbildungen unserer Professionals\u00a0 und wird auch in den systematischen Supervisionen reflektiert<\/td>\n<\/tr>\n<tr>\n<td><\/td>\n<td><\/td>\n<\/tr>\n<tr>\n<td style=\"background-color: #d8e4bc;\"><strong>Psychiatrie St. Gallen<br \/>\n<\/strong><strong>Esther Linka<br \/>\n<\/strong><a href=\"mailto:Esther.linka@psychiatrie-sg.ch\"><strong>Esther.linka@psychiatrie-sg.ch <\/strong><\/a><\/td>\n<td>Prozesse sind definiert<\/td>\n<\/tr>\n<tr>\n<td><\/td>\n<td><\/td>\n<\/tr>\n<tr>\n<td style=\"background-color: #d8e4bc;\"><strong>Sanatorium Kilchberg AG<br \/>\n<\/strong><strong style=\"font-family: inherit; font-size: inherit;\">Harald M\u00fcller<br \/>\n<\/strong><a href=\"mailto:h.mueller@sanatorium-kilchberg.ch\"><strong>h.mueller@sanatorium-kilchberg.ch<\/strong><\/a><\/td>\n<td>\n<ul>\n<li>Behandlungsvereinbarungen werden mit Patienten unter FU gemacht<\/li>\n<li>In einzelnen F\u00e4llen werden Behandlungsvereinbarungen f\u00fcr kommende Aufenthalte getroffen<\/li>\n<li>Behandlungsvereinbarungen geben Professionals vermehrte Sicherheit bei komplexen Behandlungsverl\u00e4ufen<\/li>\n<\/ul>\n<\/td>\n<\/tr>\n<tr>\n<td><\/td>\n<td><\/td>\n<\/tr>\n<tr>\n<td style=\"background-color: #d8e4bc;\"><strong>Psychiatriezentrum Breitenau<br \/>\n<\/strong><strong>Petra Homburger<br \/>\n<\/strong><a href=\"mailto:petra.homburger@anti-clutterspitaeler-sh.ch\"><strong style=\"font-family: inherit; font-size: inherit;\">petra.homburger@<\/strong><strong style=\"font-family: inherit; font-size: inherit;\">anti-clutter<\/strong><strong style=\"font-family: inherit; font-size: inherit;\">spitaeler-sh.ch<\/strong><\/a><\/td>\n<td>\n<ul>\n<li>Da wir bem\u00fcht sind, mit hoher Betreuungskonstanz zur arbeiten, was bedeutet, dass die Patienten in der Regel jeweils auf die gleiche Station wieder eintreten, ggf. auch durch ein Stationsteam ambulant betreut werden, sind sie in der Regel zumindest dem Pflegeteam bekannt, sodass oft schon tragf\u00e4hige Beziehungen bestehen, die Kommunikation bei Eintritt funktioniert und so auch Zwangsmassnahmen reduziert werden k\u00f6nnen<\/li>\n<li>Die Patienten sch\u00e4tzen dies offenbar, die Professionellen \u00e4ussern sich \u00fcber diese Vorgehensweise mehrheitlich sehr zufrieden.<\/li>\n<\/ul>\n<\/td>\n<\/tr>\n<tr>\n<td><\/td>\n<td><\/td>\n<\/tr>\n<tr>\n<td style=\"background-color: #d8e4bc;\"><strong>Privatklinik Hohenegg<br \/>\n<\/strong><strong style=\"font-family: inherit; font-size: inherit;\">Anja Arnold<br \/>\n<\/strong><a href=\"mailto:anja.arnold@hohenegg.ch\"><strong>anja.arnold@hohenegg.ch<\/strong><\/a><\/td>\n<td>\n<ul>\n<li>Fallbesprechungen<\/li>\n<li>Hohe Priorit\u00e4t der interdisziplin\u00e4ren Zusammenarbeit<\/li>\n<\/ul>\n<\/td>\n<\/tr>\n<tr>\n<td><\/td>\n<td><\/td>\n<\/tr>\n<tr>\n<td style=\"background-color: #d8e4bc;\"><strong>Spital Wallis<br \/>\n<\/strong><strong>Ursula Amherd<br \/>\n<\/strong><a style=\"font-family: inherit; font-size: inherit;\" href=\"mailto:ursula.amherd@hospitalvs.ch\"><strong>ursula.amherd@hospitalvs.ch<\/strong><\/a><\/td>\n<td>Keine Angaben<\/td>\n<\/tr>\n<tr>\n<td><\/td>\n<td><\/td>\n<\/tr>\n<tr>\n<td style=\"background-color: #d8e4bc;\"><strong>Clienia Schl\u00f6ssli<br \/>\n<\/strong><strong>J\u00fcrg Dinkel<br \/>\n<\/strong><a href=\"mailto:juerg.dinkel@clienia.ch\"><strong>juerg.dinkel@clienia.ch<\/strong><\/a><\/td>\n<td>Teilweise erfolgen die Vereinbarungen institutions\u00fcbergreifend (Bsp. im Bereich der\u00a0 Abh\u00e4ngigkeitserkrankungen und bei psychiatrischen Wohnheimen)<\/td>\n<\/tr>\n<tr>\n<td><\/td>\n<td><\/td>\n<\/tr>\n<tr>\n<td style=\"background-color: #d8e4bc;\"><strong>Centre Neuch\u00e2telois de Psychiatrie<br \/>\n<\/strong><strong style=\"font-family: inherit; font-size: inherit;\">Emmanuelle Garnier<br \/>\n<\/strong><a href=\"mailto:emmanuelle.garnier@cnp.ch\"><strong>emmanuelle.garnier@cnp.ch<\/strong><\/a><\/td>\n<td>\n<ul>\n<li>Gew\u00e4hrleistung der Kontinuit\u00e4t der Versorgung und der Umsetzung von Behandlungspfaden in den Abteilungen<\/li>\n<li>Die Arbeit vor und nach Hospitalisierungen<\/li>\n<li>Entwicklung von mobilen Teams, Fallmanagement, Empowerment<\/li>\n<\/ul>\n<\/td>\n<\/tr>\n<tr>\n<td><\/td>\n<td><\/td>\n<\/tr>\n<tr>\n<td style=\"background-color: #d8e4bc;\"><strong>Netzwerk psychische Gesundheit<br \/>\n<\/strong><strong style=\"font-family: inherit; font-size: inherit;\">(R\u00e9seau sant\u00e9 mentale RSM )<br \/>\n<\/strong><strong style=\"font-family: inherit; font-size: inherit;\">Nicolas Racine<br \/>\n<\/strong><a style=\"font-family: inherit; font-size: inherit;\" href=\"mailto:nicolas.racine@sante-mentale.ch\"><strong>nicolas.racine@sante-mentale.ch<\/strong><\/a><strong style=\"font-family: inherit; font-size: inherit;\"><br \/>\n<\/strong><\/td>\n<td>\n<ul>\n<li>Durch die Etablierung einer therapeutischen Allianz und durch t\u00e4gliche Pflegegespr\u00e4che: mit dem Patienten die Priorit\u00e4ten evaluieren, klare, pr\u00e4zise und erreichbare Ziele festlegen<\/li>\n<li>Unsere Abl\u00e4ufe erschweren diese Aufgabe zurzeit sehr, v.a. in puncto Ressourcen, aber der Wille ist da<\/li>\n<li>F\u00fcrs Pflegepersonal heisst das: darauf achten, dass die Bed\u00fcrfnisse des Patienten ber\u00fccksichtigt werden und ihm erkl\u00e4ren, was m\u00f6glich scheint und was nicht<\/li>\n<li>Durch die \u00e4rztlichen Gespr\u00e4che werden Krisensituationen evaluiert und Zwangsmassnahmen so rasch wie m\u00f6glich aufgehoben, je nach Entwicklung des Patienten und seinen Anliegen<\/li>\n<li>Die Verantwortlichkeiten eines jeden m\u00fcssen anhand seiner jeweiligen Rolle pr\u00e4ziser definiert werden<\/li>\n<li>Wir m\u00f6chten das Konzept des m\u00fcndlichen Rapports in Anwesenheit des Patienten bei Schichtwechsel bzw. Wechsel der Bezugsperson\/Tagesverantwortlichen weiterentwickeln.<\/li>\n<\/ul>\n<\/td>\n<\/tr>\n<tr>\n<td><\/td>\n<td><\/td>\n<\/tr>\n<tr>\n<td style=\"background-color: #d8e4bc;\"><strong>Clinica Viarnetto<br \/>\n<\/strong><strong style=\"font-family: inherit; font-size: inherit;\">A. Girardi<br \/>\n<\/strong><a style=\"font-family: inherit; font-size: inherit;\" href=\"mailto:a.girardi@clinicaviarnetto.ch\"><strong>a.girardi@clinicaviarnetto.ch<\/strong><\/a><\/td>\n<td>Geteilt und aktualisiert w\u00e4hrend der interdisziplin\u00e4ren Treffen<\/td>\n<\/tr>\n<\/tbody>\n<\/table>\n","protected":false},"excerpt":{"rendered":"<p>Klinik \/ Ansprechperson Handlungsfeld: Behandlungsvereinbarung Adressaten: Professionals Psychiatrie\u00a0 St. Gallen\u00a0 &#8211; Klinik St. Pirminsberg in Pf\u00e4fers Gerda Malojer gerda.malojer@psychiatrie-sg.ch Die Behandlung erfolgt im Kernteam (Fallf\u00fchrung z.B. Assistenzarzt, Psychologin, Bezugsperson HF plus eine zweite Fachperson plus Patient unter Verantwortung des Oberarztes Zwangsmassnahmen werden durch ein B\u00fcndel an Massnahmen reduziert, z.B. Deeskalationstraining, Safe Wards Interventionen, usw. Diversifizierte &#8230; <a title=\"Handlungsfeld: Behandlungsvereinbarung Adressat: Professionals\" class=\"read-more\" href=\"https:\/\/swissmentalhealthcare.ch\/smhc\/fr\/respektvolle-wahrnehmung\/behandlungsvereinbarung\/303-2\/\" aria-label=\"En savoir plus sur Handlungsfeld: Behandlungsvereinbarung Adressat: Professionals\">&gt;&gt;&gt;<\/a><\/p>\n","protected":false},"author":1,"featured_media":368,"parent":633,"menu_order":303,"comment_status":"closed","ping_status":"closed","template":"","meta":{"generate_page_header":"","footnotes":""},"class_list":{"0":"post-523","1":"page","2":"type-page","3":"status-publish","4":"has-post-thumbnail","6":"infinite-scroll-item"},"translation":{"provider":"WPGlobus","version":"3.0.2","language":"fr","enabled_languages":["de","fr"],"languages":{"de":{"title":true,"content":true,"excerpt":false},"fr":{"title":false,"content":false,"excerpt":false}}},"_links":{"self":[{"href":"https:\/\/swissmentalhealthcare.ch\/smhc\/fr\/wp-json\/wp\/v2\/pages\/523","targetHints":{"allow":["GET"]}}],"collection":[{"href":"https:\/\/swissmentalhealthcare.ch\/smhc\/fr\/wp-json\/wp\/v2\/pages"}],"about":[{"href":"https:\/\/swissmentalhealthcare.ch\/smhc\/fr\/wp-json\/wp\/v2\/types\/page"}],"author":[{"embeddable":true,"href":"https:\/\/swissmentalhealthcare.ch\/smhc\/fr\/wp-json\/wp\/v2\/users\/1"}],"replies":[{"embeddable":true,"href":"https:\/\/swissmentalhealthcare.ch\/smhc\/fr\/wp-json\/wp\/v2\/comments?post=523"}],"version-history":[{"count":14,"href":"https:\/\/swissmentalhealthcare.ch\/smhc\/fr\/wp-json\/wp\/v2\/pages\/523\/revisions"}],"predecessor-version":[{"id":1501,"href":"https:\/\/swissmentalhealthcare.ch\/smhc\/fr\/wp-json\/wp\/v2\/pages\/523\/revisions\/1501"}],"up":[{"embeddable":true,"href":"https:\/\/swissmentalhealthcare.ch\/smhc\/fr\/wp-json\/wp\/v2\/pages\/633"}],"wp:featuredmedia":[{"embeddable":true,"href":"https:\/\/swissmentalhealthcare.ch\/smhc\/fr\/wp-json\/wp\/v2\/media\/368"}],"wp:attachment":[{"href":"https:\/\/swissmentalhealthcare.ch\/smhc\/fr\/wp-json\/wp\/v2\/media?parent=523"}],"curies":[{"name":"wp","href":"https:\/\/api.w.org\/{rel}","templated":true}]}}