{"id":513,"date":"2017-07-24T14:16:32","date_gmt":"2017-07-24T14:16:32","guid":{"rendered":"http:\/\/swissmentalhealthcare.ch\/smhc\/?page_id=513"},"modified":"2023-01-18T09:31:02","modified_gmt":"2023-01-18T09:31:02","slug":"301-2","status":"publish","type":"page","link":"https:\/\/swissmentalhealthcare.ch\/smhc\/fr\/respektvolle-wahrnehmung\/behandlungsvereinbarung\/301-2\/","title":{"rendered":"Handlungsfeld: Behandlungsvereinbarung <br>Adressat: Betroffene"},"content":{"rendered":"<table>\n<tbody>\n<tr>\n<td style=\"text-align: center;\"><strong>Klinik \/ Ansprechperson<\/strong><\/td>\n<td style=\"background-color: #d8e4bc; text-align: center;\"><strong>Handlungsfeld: Behandlungsvereinbarung<br \/>\n<\/strong><strong style=\"font-family: inherit; font-size: inherit;\">Adressaten: Betroffene<\/strong><span style=\"font-family: inherit; font-size: inherit;\">\u00a0<\/span><\/td>\n<\/tr>\n<tr>\n<td style=\"background-color: #d8e4bc;\"><strong>Psychiatrie St. Gallen &#8211; Klinik St. Pirminsberg in Pf\u00e4fers<br \/>\n<\/strong><strong style=\"font-family: inherit; font-size: inherit;\">Gerda Malojer<br \/>\n<\/strong><a href=\"mailto:gerda.malojer@psychiatrie-sg.ch\"><strong>gerda.malojer@psychiatrie-sg.ch<\/strong><\/a><strong style=\"font-family: inherit; font-size: inherit;\"><br \/>\n<\/strong><\/td>\n<td>\n<ul>\n<li>\u00a0Unkomplizierter Eintritt ist jederzeit m\u00f6glich Behandlungsvereinbarungen werden mit einzelnen Patienten Akutstationen erarbeitet zwischen Behandlern und Patienten<\/li>\n<li>Allenfalls werden involvierte Institutionen (z.B. Wohnheime) mit einbezogen<\/li>\n<\/ul>\n<\/td>\n<\/tr>\n<tr>\n<td><\/td>\n<td><\/td>\n<\/tr>\n<tr>\n<td style=\"background-color: #d8e4bc;\"><strong>Luzerner Psychiatrie<br \/>\n<\/strong><b>vakant<\/b><\/td>\n<td>Die Luzerner Psychiatrie arbeitet bereits seitmehreren Jahren mit der Behandlungsvereinbarung. Alle Ziel f\u00fcr Betroffene, Angeh\u00f6rige und Professionals k\u00f6nnen erreicht werden, insbesondere weniger FU, bessere Kooperation mit den Patient\/innen und eine h\u00f6here Zufriedenheit der Mitarbeitende<\/td>\n<\/tr>\n<tr>\n<td><\/td>\n<td><\/td>\n<\/tr>\n<tr>\n<td style=\"background-color: #d8e4bc;\"><strong>Clienia Privatklinik Littenheid<br \/>\n<\/strong><strong style=\"font-family: inherit; font-size: inherit;\">Hubert Dietschi<br \/>\n<\/strong><a style=\"font-family: inherit; font-size: inherit;\" href=\"mailto:hubert.dietschi@clienia.ch\"><strong>hubert.dietschi@clienia.ch<\/strong><\/a><strong style=\"font-family: inherit; font-size: inherit;\"><br \/>\n<\/strong><\/td>\n<td>\n<ul>\n<li>Auf den Stationen werden die individuelle Patientensituation bezogene Behandlungsvereinbarungen entworfen<\/li>\n<li>Die Willensbekundung der Betroffenen wird soweit m\u00f6glich miteinbezogen<\/li>\n<li>Der im Rahmen der gesetzlichen Vorgaben (ESR) bei FU-Patienten zu nutzende Behandlungsplan ist verbindlich festgelegt<\/li>\n<li>In st\u00f6rungsspezifischen Therapieprogrammen (Bsp. DBT) kommen die konzeptintegrierten Vereinbarungen zum Zuge<\/li>\n<\/ul>\n<\/td>\n<\/tr>\n<tr>\n<td><\/td>\n<td><\/td>\n<\/tr>\n<tr>\n<td style=\"background-color: #d8e4bc;\"><strong>PZM Psychiatriezentrum M\u00fcnsingen<br \/>\n<\/strong><strong style=\"font-family: inherit; font-size: inherit;\">Brigitte Egli<br \/>\n<\/strong><a href=\"mailto:brigitte.egli@pzmag.ch\"><strong>brigitte.egli@pzmag.ch<\/strong><\/a><\/td>\n<td>\n<ul>\n<li>Erleichterte Wiedereintrittsvereinbarungen, abgesprochen mit den betreffenden Stationen und der Anmeldung\/Triage Behandlungsvereinbarungen, hinterlegt in elektronischer Dokumentation<\/li>\n<li>Krisenplan mit Krisenpass mit Pat. und Angeh\u00f6rigen erarbeitet<\/li>\n<\/ul>\n<\/td>\n<\/tr>\n<tr>\n<td><\/td>\n<td><\/td>\n<\/tr>\n<tr>\n<td style=\"background-color: #d8e4bc;\"><strong>Privatklinik Meiringen<br \/>\n<\/strong><strong style=\"font-family: inherit; font-size: inherit;\">Marianne von Dach Nicolay<\/strong><a style=\"font-family: inherit; font-size: inherit;\" href=\"mailto:marianne.vondachnicolay@privatklinik-meiringen.ch\"><strong><br \/>\nmarianne.vondachnicolay@privatklinik-meiringen.ch<\/strong><\/a><\/td>\n<td>Eine Behandlungsvereinbarung findet im Rahmen der Station\u00e4ren Behandlung statt. Sie definiert die vorgesehene Behandlungsstrategie die mit dem Patienten festgelegt wird; eine individuelle Absprache hat darin Platz<\/td>\n<\/tr>\n<tr>\n<td><\/td>\n<td><\/td>\n<\/tr>\n<tr>\n<td style=\"background-color: #d8e4bc;\"><strong>Psychiatrischen Dienste Aargau<br \/>\n<\/strong><strong style=\"font-family: inherit; font-size: inherit;\">Eduard Zander<br \/>\n<\/strong><a href=\"mailto:eduard.zander@pdag.ch\"><strong>eduard.zander@pdag.ch<\/strong><\/a><\/td>\n<td>\n<ul>\n<li>Absprache f\u00fcr Krisenzeiten<\/li>\n<li>Notfallplanung; Krisenpass Psychoedukation<\/li>\n<li>Willensbekundung Betroffener<\/li>\n<li>Empowerment<\/li>\n<li>Individualisierte Absprache und Behandlung<\/li>\n<\/ul>\n<\/td>\n<\/tr>\n<tr>\n<td><\/td>\n<td><\/td>\n<\/tr>\n<tr>\n<td style=\"background-color: #d8e4bc;\"><strong>Klinik SGM Langenthal<br \/>\n<\/strong><strong>Iris Uffer<br \/>\n<\/strong><a style=\"font-family: inherit; font-size: inherit;\" href=\"mailto:iris.uffer@klinik-sgm.ch\"><strong>iris.uffer@klinik-sgm.ch<\/strong><\/a><\/td>\n<td>\n<ul>\n<li>Absprache f\u00fcr Krisenzeiten: wird in unserer Behandlungsvereinbarung fest gehalten<\/li>\n<li>Notfallplanung f\u00fcr station\u00e4re Behandlung: wird in unserer Behandlungsvereinbarung fest gehalten<\/li>\n<li>Willensbekundung Betroffener: wird anhanden der Ziele und im Freitext \u00ab\u00a0Sicht des Patienten\/ wichtige Umst\u00e4nde\u00a0\u00bb in unserer Behandlungsvereinbarung fest gehalten<\/li>\n<li>Empowerment: ist das Ziel des Aufenthaltes und wird in Form der Ziele in der Behandlungsvereinbarung fest gehalten<\/li>\n<li>Individualisierte Absprache und Behandlungen: Die Ziele werden individuell auf den Patienten formuliert<\/li>\n<\/ul>\n<\/td>\n<\/tr>\n<tr>\n<td><\/td>\n<td><\/td>\n<\/tr>\n<tr>\n<td style=\"background-color: #d8e4bc;\"><strong>Psychiatrische Dienste Graub\u00fcnden<br \/>\n<\/strong><strong>Andreas Werner-Reisdorf<br \/>\n<\/strong><a href=\"mailto:andreas.werner-reisdorf@pdgr.ch\"><strong>andreas.werner-reisdorf@pdgr.ch<\/strong><\/a><\/td>\n<td>\n<ul>\n<li>Krisendiagramm (enth\u00e4lt mehrere Aspekte, s. unten)<\/li>\n<li>Behandlungsvereinbarung und Behandlungsvertrag im KIS<\/li>\n<li>Interdisziplin\u00e4rer Behandlungsplan KIS (enth\u00e4lt mehrere Aspekte, s. unten)<\/li>\n<li>Nachsorgeplan<\/li>\n<\/ul>\n<\/td>\n<\/tr>\n<tr>\n<td><\/td>\n<td><\/td>\n<\/tr>\n<tr>\n<td style=\"background-color: #d8e4bc;\"><strong>Integrierte Psychiatrie Winterthur<br \/>\n<\/strong><strong style=\"font-family: inherit; font-size: inherit;\">Bruno Dolci<br \/>\n<\/strong><a href=\"mailto:bruno.dolci@ipw.ch\"><strong>bruno.dolci@ipw.ch<\/strong><\/a><\/td>\n<td>\n<ul>\n<li>Gezielte Unterst\u00fctzung von Betroffenen zur Erarbeitung von Behandlungsvereinbarungen<\/li>\n<li>Vorhandene Vereinbarungen nutzen wir und integrieren sie in die elektronische Dokumentation der Betroffenen<\/li>\n<\/ul>\n<\/td>\n<\/tr>\n<tr>\n<td><\/td>\n<td><\/td>\n<\/tr>\n<tr>\n<td style=\"background-color: #d8e4bc;\"><strong>Psychiatrie St. Gallen<br \/>\n<\/strong><strong>Esther Linka<br \/>\n<\/strong><a href=\"mailto:Esther.linka@psychiatrie-sg.ch\"><strong>Esther.linka@psychiatrie-sg.ch <\/strong><\/a><\/td>\n<td>Behandlungsvereinbarungen werden gem\u00e4ss rechtlichen Bestimmungen und situativ mit den Betroffenen vereinbart<\/td>\n<\/tr>\n<tr>\n<td><\/td>\n<td><\/td>\n<\/tr>\n<tr>\n<td style=\"background-color: #d8e4bc;\"><strong>Sanatorium Kilchberg AG<br \/>\n<\/strong><strong style=\"font-family: inherit; font-size: inherit;\">Harald M\u00fcller<br \/>\n<\/strong><a href=\"mailto:h.mueller@sanatorium-kilchberg.ch\"><strong>h.mueller@sanatorium-kilchberg.ch<\/strong><\/a><\/td>\n<td>\n<ul>\n<li>Teilweise Erfahrung mit Behandlungsvereinbarungen<\/li>\n<li>Absprachen f\u00fcr spezifische individuelle Patientensituationen<\/li>\n<\/ul>\n<\/td>\n<\/tr>\n<tr>\n<td><\/td>\n<td><\/td>\n<\/tr>\n<tr>\n<td style=\"background-color: #d8e4bc;\"><strong>Psychiatriezentrum Breitenau<br \/>\n<\/strong><strong>Petra Homburger<br \/>\n<\/strong><a href=\"mailto:petra.homburger@anti-clutterspitaeler-sh.ch\"><strong style=\"font-family: inherit; font-size: inherit;\">petra.homburger@<\/strong><strong style=\"font-family: inherit; font-size: inherit;\">anti-clutter<\/strong><strong style=\"font-family: inherit; font-size: inherit;\">spitaeler-sh.ch<\/strong><\/a><\/td>\n<td>\n<ul>\n<li>Wir bieten eine \u00ab\u00a0Vereinbarung zur R\u00fcckfallprophylaxe und Krisenintervention\u00a0\u00bb an, in welcher die W\u00fcnsche\/Bed\u00fcrfnisse des Patienten dokumentiert werden<\/li>\n<li>Der Patient wird darin best\u00e4rkt, sich mit Fr\u00fchwarnzeichen auseinander zu setzen, sich fr\u00fchzeitig zu melden und die n\u00f6tige Unterst\u00fctzung, ggf. auch im ambulanten Rahmen einzufordern.<\/li>\n<\/ul>\n<\/td>\n<\/tr>\n<tr>\n<td><\/td>\n<td><\/td>\n<\/tr>\n<tr>\n<td style=\"background-color: #d8e4bc;\"><strong>Privatklinik Hohenegg<br \/>\n<\/strong><strong style=\"font-family: inherit; font-size: inherit;\">Anja Arnold<br \/>\n<\/strong><a href=\"mailto:anja.arnold@hohenegg.ch\"><strong>anja.arnold@hohenegg.ch<\/strong><\/a><\/td>\n<td>\n<ul>\n<li>Regelm\u00e4ssige, individuelle Zielvereinbarungsgespr\u00e4che mit schriftliche Zielsetzungen<\/li>\n<li>Notfallk\u00e4rtchen mit den wichtigsten Telefonnummern und Adressen<\/li>\n<\/ul>\n<\/td>\n<\/tr>\n<tr>\n<td><\/td>\n<td><\/td>\n<\/tr>\n<tr>\n<td style=\"background-color: #d8e4bc;\"><strong>Spital Wallis<br \/>\n<\/strong><strong>Ursula Amherd<br \/>\n<\/strong><a style=\"font-family: inherit; font-size: inherit;\" href=\"mailto:ursula.amherd@hospitalvs.ch\"><strong>ursula.amherd@hospitalvs.ch<\/strong><\/a><\/td>\n<td>Keine Angaben<\/td>\n<\/tr>\n<tr>\n<td><\/td>\n<td><\/td>\n<\/tr>\n<tr>\n<td style=\"background-color: #d8e4bc;\"><strong>Clienia Schl\u00f6ssli<br \/>\n<\/strong><strong>J\u00fcrg Dinkel<br \/>\n<\/strong><a href=\"mailto:juerg.dinkel@clienia.ch\"><strong>juerg.dinkel@clienia.ch<\/strong><\/a><\/td>\n<td>\n<ul>\n<li>Auf den Stationen werden bei Bedarf und auf die individuelle Patientensituation bezogene Behandlungsvereinbarungen entworfen<\/li>\n<li>Die Willensbekundung der Betroffenen wird soweit m\u00f6glich miteinbezogen<\/li>\n<li>Der im Rahmen der gesetzlichen Vorgaben (ESR) bei FU-Patienten zu nutzende Behandlungsplan ist verbindlich festgelegt<\/li>\n<li>In st\u00f6rungsspezifischen Therapieprogrammen (Bsp. DBT) kommen die konzeptintegrierten Vereinbarungen zum Zuge.<\/li>\n<\/ul>\n<\/td>\n<\/tr>\n<tr>\n<td><\/td>\n<td><\/td>\n<\/tr>\n<tr>\n<td style=\"background-color: #d8e4bc;\"><strong>Centre Neuch\u00e2telois de Psychiatrie<br \/>\n<\/strong><strong style=\"font-family: inherit; font-size: inherit;\">Emmanuelle Garnier<br \/>\n<\/strong><a href=\"mailto:emmanuelle.garnier@cnp.ch\"><strong>emmanuelle.garnier@cnp.ch<\/strong><\/a><\/td>\n<td>Die Patienten unterzeichnen gemeinsam mit den verantwortlichen Fachpersonen einen Krisenplan<\/td>\n<\/tr>\n<tr>\n<td><\/td>\n<td><\/td>\n<\/tr>\n<tr>\n<td style=\"background-color: #d8e4bc;\"><strong>Netzwerk psychische Gesundheit<br \/>\n<\/strong><strong style=\"font-family: inherit; font-size: inherit;\">(R\u00e9seau sant\u00e9 mentale RSM )<br \/>\n<\/strong><strong style=\"font-family: inherit; font-size: inherit;\">Nicolas Racine<br \/>\n<\/strong><a style=\"font-family: inherit; font-size: inherit;\" href=\"mailto:nicolas.racine@sante-mentale.ch\"><strong>nicolas.racine@sante-mentale.ch<\/strong><\/a><strong style=\"font-family: inherit; font-size: inherit;\"><br \/>\n<\/strong><\/td>\n<td>\n<ul>\n<li>Krisenmanagement durch Etablierung einer therapeutischen Allianz mit dem Patienten<\/li>\n<li>Falls n\u00f6tig Umsetzung der Zwangsmassnahmen<\/li>\n<li>Patienten \u00fcber administrative Massnahmen wie bspw. FU, Rekursrecht und andere Zwangsmassnahmen informieren<\/li>\n<li>Begleitung beim Verfassen der Zwangsmassnahmen und bei Termin bei der Rekurskommission<\/li>\n<li>Falls n\u00f6tig, telefonische Kontaktaufnahme mit dem Umfeld des Patienten oder seinen Angeh\u00f6rigen (auf seinen Wunsch)<\/li>\n<li>Durch regelm\u00e4ssige Gespr\u00e4che zwischen \u00c4rzten und Pflegefachpersonen Ausarbeitung eines Behandlungsplans mit dem Patienten<\/li>\n<li>Die Behandlungsvereinbarung wird den oberen Kadermitarbeitenden vorgelegt<\/li>\n<li>Wir arbeiten im Moment intensiv an der strukturierten Einf\u00fchrung und Institutionalisierung dieses Vorgehens.<\/li>\n<\/ul>\n<\/td>\n<\/tr>\n<tr>\n<td><\/td>\n<td><\/td>\n<\/tr>\n<tr>\n<td style=\"background-color: #d8e4bc;\"><strong>Clinica Viarnetto<br \/>\n<\/strong><strong style=\"font-family: inherit; font-size: inherit;\">A. Girardi<br \/>\n<\/strong><a style=\"font-family: inherit; font-size: inherit;\" href=\"mailto:a.girardi@clinicaviarnetto.ch\"><strong>a.girardi@clinicaviarnetto.ch<\/strong><\/a><\/td>\n<td>Bei Aufnahme akzeptierter Therapieplan, unterschrieben von Patient, Psychiater und Pflegefachperson<\/td>\n<\/tr>\n<\/tbody>\n<\/table>\n","protected":false},"excerpt":{"rendered":"<p>Klinik \/ Ansprechperson Handlungsfeld: Behandlungsvereinbarung Adressaten: Betroffene\u00a0 Psychiatrie St. Gallen &#8211; Klinik St. Pirminsberg in Pf\u00e4fers Gerda Malojer gerda.malojer@psychiatrie-sg.ch \u00a0Unkomplizierter Eintritt ist jederzeit m\u00f6glich Behandlungsvereinbarungen werden mit einzelnen Patienten Akutstationen erarbeitet zwischen Behandlern und Patienten Allenfalls werden involvierte Institutionen (z.B. Wohnheime) mit einbezogen Luzerner Psychiatrie vakant Die Luzerner Psychiatrie arbeitet bereits seitmehreren Jahren mit der &#8230; <a title=\"Handlungsfeld: Behandlungsvereinbarung Adressat: Betroffene\" class=\"read-more\" href=\"https:\/\/swissmentalhealthcare.ch\/smhc\/fr\/respektvolle-wahrnehmung\/behandlungsvereinbarung\/301-2\/\" aria-label=\"En savoir plus sur Handlungsfeld: Behandlungsvereinbarung Adressat: Betroffene\">&gt;&gt;&gt;<\/a><\/p>\n","protected":false},"author":1,"featured_media":368,"parent":633,"menu_order":301,"comment_status":"closed","ping_status":"closed","template":"","meta":{"generate_page_header":"","footnotes":""},"class_list":{"0":"post-513","1":"page","2":"type-page","3":"status-publish","4":"has-post-thumbnail","6":"infinite-scroll-item"},"translation":{"provider":"WPGlobus","version":"3.0.2","language":"fr","enabled_languages":["de","fr"],"languages":{"de":{"title":true,"content":true,"excerpt":false},"fr":{"title":false,"content":false,"excerpt":false}}},"_links":{"self":[{"href":"https:\/\/swissmentalhealthcare.ch\/smhc\/fr\/wp-json\/wp\/v2\/pages\/513","targetHints":{"allow":["GET"]}}],"collection":[{"href":"https:\/\/swissmentalhealthcare.ch\/smhc\/fr\/wp-json\/wp\/v2\/pages"}],"about":[{"href":"https:\/\/swissmentalhealthcare.ch\/smhc\/fr\/wp-json\/wp\/v2\/types\/page"}],"author":[{"embeddable":true,"href":"https:\/\/swissmentalhealthcare.ch\/smhc\/fr\/wp-json\/wp\/v2\/users\/1"}],"replies":[{"embeddable":true,"href":"https:\/\/swissmentalhealthcare.ch\/smhc\/fr\/wp-json\/wp\/v2\/comments?post=513"}],"version-history":[{"count":17,"href":"https:\/\/swissmentalhealthcare.ch\/smhc\/fr\/wp-json\/wp\/v2\/pages\/513\/revisions"}],"predecessor-version":[{"id":2050,"href":"https:\/\/swissmentalhealthcare.ch\/smhc\/fr\/wp-json\/wp\/v2\/pages\/513\/revisions\/2050"}],"up":[{"embeddable":true,"href":"https:\/\/swissmentalhealthcare.ch\/smhc\/fr\/wp-json\/wp\/v2\/pages\/633"}],"wp:featuredmedia":[{"embeddable":true,"href":"https:\/\/swissmentalhealthcare.ch\/smhc\/fr\/wp-json\/wp\/v2\/media\/368"}],"wp:attachment":[{"href":"https:\/\/swissmentalhealthcare.ch\/smhc\/fr\/wp-json\/wp\/v2\/media?parent=513"}],"curies":[{"name":"wp","href":"https:\/\/api.w.org\/{rel}","templated":true}]}}