{"id":47,"date":"2017-06-14T09:19:15","date_gmt":"2017-06-14T09:19:15","guid":{"rendered":"http:\/\/swissmentalhealthcare.ch\/smhc\/?page_id=47"},"modified":"2024-02-28T10:16:00","modified_gmt":"2024-02-28T10:16:00","slug":"partner-links","status":"publish","type":"page","link":"https:\/\/swissmentalhealthcare.ch\/smhc\/fr\/partner-links\/","title":{"rendered":"Partenaires et liens"},"content":{"rendered":"<p>D\u00e9partement f\u00e9d\u00e9ral de l\u2019int\u00e9rieur, DFI<br \/>\n<a href=\"https:\/\/www.edi.admin.ch\" target=\"_blank\" rel=\"noopener\">www.edi.admin.ch<\/a><\/p>\n<p>Office f\u00e9d\u00e9ral de la sant\u00e9 publique, OFSP<br \/>\n<a href=\"https:\/\/www.bag.admin.ch\/index.html?lang=fr\" target=\"_blank\" rel=\"noopener\">www.bag.admin.ch<\/a><\/p>\n<p>Office f\u00e9d\u00e9ral des assurances sociales, OFAS<br \/>\n<a href=\"https:\/\/www.bsv.admin.ch\/index.html\" target=\"_blank\" rel=\"noopener\">www.bsv.admin.ch<\/a><\/p>\n<p>Conf\u00e9rence suisse des directrices et directeurs cantonaux de la sante, CDS<br \/>\n<a href=\"https:\/\/www.gdk-cds.ch\/index.php?id=1&amp;L=1\" target=\"_blank\" rel=\"noopener\">www.gdk-cds.ch<\/a><\/p>\n<p>Les h\u00f4pitaux de Suisse, H+<br \/>\n<a href=\"https:\/\/www.hplus.ch\/fr\" target=\"_blank\" rel=\"noopener\">www.hplus.ch<\/a><\/p>\n<p>Sant\u00e9suisse<br \/>\n<a href=\"https:\/\/www.santesuisse.ch\/fr\" target=\"_blank\" rel=\"noopener\">www.santesuisse.ch<\/a><\/p>\n<p>Association nationale pour le d\u00e9veloppement de la qualit\u00e9 dans les h\u00f4pitaux et les cliniques<br \/>\n<a href=\"https:\/\/www.anq.ch\/index.php?id=2&amp;L=1\" target=\"_blank\" rel=\"noopener\">www.anq.ch<\/a><\/p>\n<h2>Soci\u00e9t\u00e9s de sp\u00e9cialistes et de m\u00e9tiers dans le syst\u00e8me de sant\u00e9 publique<\/h2>\n<p>Sant\u00e9 Publique Suisse<br \/>\n<a href=\"https:\/\/www.public-health.ch\/logicio\/pmws\/publichealth__home__fr.html\" target=\"_blank\" rel=\"noopener\">www.public-health.ch<br \/>\n<\/a><\/p>\n<p>Alliance Sant\u00e9 Psychique Suisse<br \/>\n<a href=\"https:\/\/www.aktionsbuendnis.ch\" target=\"_blank\" rel=\"noopener\">www.aktionsbuendnis.ch<\/a><\/p>\n<p>F\u00e9d\u00e9ration (suisse) des m\u00e9decins psychiatres-psychoth\u00e9rapeutes, FMPP<br \/>\n<a href=\"https:\/\/www.psychiatrie.ch\" target=\"_blank\" rel=\"noopener\">www.psychiatrie.ch<\/a><\/p>\n<p>Soci\u00e9t\u00e9 Suisse de Psychiatrie et de Psychoth\u00e9rapie, SSPP<br \/>\n<a href=\"https:\/\/www.psychiatrie.ch\" target=\"_blank\" rel=\"noopener\">www.psychiatrie.ch<\/a><\/p>\n<p>Soci\u00e9t\u00e9 Suisse de Psychiatrie et Psychoth\u00e9rapie d\u2019Enfants et d\u2019Adolescents, SSPPEA<br \/>\n<a href=\"https:\/\/www.sgkjpp.ch\/fr\/\" target=\"_blank\" rel=\"noopener\">www.sgkjpp.ch<\/a><\/p>\n<p>F\u00e9d\u00e9ration Suisse des directrices et directeurs d\u2018H\u00f4pitaux, FSDH<br \/>\n<a href=\"https:\/\/www.fsdh.ch\" target=\"_blank\" rel=\"noopener\">www.fsdh.ch<\/a><\/p>\n<p>Association suisse des infirmi\u00e8res et infirmiers, ASI<br \/>\n<a href=\"https:\/\/www.sbk.ch\/fr.html\" target=\"_blank\" rel=\"noopener\">www.sbk.ch<\/a><\/p>\n<p>Association Suisse des Directrices et Directeurs des Services Infirmiers, ASDSI<br \/>\n<a href=\"https:\/\/www.svpl.ch\/index.php?aid=14\" target=\"_blank\" rel=\"noopener\">www.asdsi.ch<\/a><\/p>\n<p>L\u2019OdASant\u00e9, organisation nationale fa\u00eeti\u00e8re du monde du travail en sant\u00e9<br \/>\n<a href=\"https:\/\/www.odasante.ch\" target=\"_blank\" rel=\"noopener\">www.odasante.ch<\/a><\/p>\n<h2><\/h2>\n<h2>Organisations de patients et de proches<\/h2>\n<p>Fondation Suisse pro mente sana<br \/>\n<a href=\"https:\/\/www.promentesana.ch\/\" target=\"_blank\" rel=\"noopener\">www.promentesana.ch<\/a><\/p>\n<p>Initiative pour la pr\u00e9vention du suicide en Suisse, IPSILON<br \/>\n<a href=\"https:\/\/www.ipsilon.ch\" target=\"_blank\" rel=\"noopener\">www.ipsilon.ch<\/a><\/p>\n<p>D\u00e9pressions, Equilibrium<br \/>\n<a href=\"https:\/\/www.depression.ch\/index_f.php\" target=\"_blank\" rel=\"noopener\">www.depression.ch<\/a><\/p>\n","protected":false},"excerpt":{"rendered":"<p>D\u00e9partement f\u00e9d\u00e9ral de l\u2019int\u00e9rieur, DFI www.edi.admin.ch Office f\u00e9d\u00e9ral de la sant\u00e9 publique, OFSP www.bag.admin.ch Office f\u00e9d\u00e9ral des assurances sociales, OFAS www.bsv.admin.ch Conf\u00e9rence suisse des directrices et directeurs cantonaux de la sante, CDS www.gdk-cds.ch Les h\u00f4pitaux de Suisse, H+ www.hplus.ch Sant\u00e9suisse www.santesuisse.ch Association nationale pour le d\u00e9veloppement de la qualit\u00e9 dans les h\u00f4pitaux et les cliniques &#8230; <a title=\"Partenaires et liens\" class=\"read-more\" href=\"https:\/\/swissmentalhealthcare.ch\/smhc\/fr\/partner-links\/\" aria-label=\"En savoir plus sur Partenaires et liens\">&gt;&gt;&gt;<\/a><\/p>\n","protected":false},"author":1,"featured_media":48,"parent":0,"menu_order":80,"comment_status":"closed","ping_status":"closed","template":"","meta":{"generate_page_header":"","footnotes":""},"class_list":{"0":"post-47","1":"page","2":"type-page","3":"status-publish","4":"has-post-thumbnail","6":"infinite-scroll-item"},"translation":{"provider":"WPGlobus","version":"3.0.2","language":"fr","enabled_languages":["de","fr"],"languages":{"de":{"title":true,"content":true,"excerpt":false},"fr":{"title":true,"content":true,"excerpt":false}}},"_links":{"self":[{"href":"https:\/\/swissmentalhealthcare.ch\/smhc\/fr\/wp-json\/wp\/v2\/pages\/47","targetHints":{"allow":["GET"]}}],"collection":[{"href":"https:\/\/swissmentalhealthcare.ch\/smhc\/fr\/wp-json\/wp\/v2\/pages"}],"about":[{"href":"https:\/\/swissmentalhealthcare.ch\/smhc\/fr\/wp-json\/wp\/v2\/types\/page"}],"author":[{"embeddable":true,"href":"https:\/\/swissmentalhealthcare.ch\/smhc\/fr\/wp-json\/wp\/v2\/users\/1"}],"replies":[{"embeddable":true,"href":"https:\/\/swissmentalhealthcare.ch\/smhc\/fr\/wp-json\/wp\/v2\/comments?post=47"}],"version-history":[{"count":3,"href":"https:\/\/swissmentalhealthcare.ch\/smhc\/fr\/wp-json\/wp\/v2\/pages\/47\/revisions"}],"predecessor-version":[{"id":2580,"href":"https:\/\/swissmentalhealthcare.ch\/smhc\/fr\/wp-json\/wp\/v2\/pages\/47\/revisions\/2580"}],"wp:featuredmedia":[{"embeddable":true,"href":"https:\/\/swissmentalhealthcare.ch\/smhc\/fr\/wp-json\/wp\/v2\/media\/48"}],"wp:attachment":[{"href":"https:\/\/swissmentalhealthcare.ch\/smhc\/fr\/wp-json\/wp\/v2\/media?parent=47"}],"curies":[{"name":"wp","href":"https:\/\/api.w.org\/{rel}","templated":true}]}}