{"id":24,"date":"2017-06-14T08:32:31","date_gmt":"2017-06-14T08:32:31","guid":{"rendered":"http:\/\/swissmentalhealthcare.ch\/smhc\/?page_id=24"},"modified":"2026-03-12T06:22:07","modified_gmt":"2026-03-12T06:22:07","slug":"vernehmlassungen","status":"publish","type":"page","link":"https:\/\/swissmentalhealthcare.ch\/smhc\/fr\/vernehmlassungen\/","title":{"rendered":"Positions SMHC"},"content":{"rendered":"<p><strong>Lettres de session\u00a0\u00a0<\/strong><\/p>\n<p><strong>2026<\/strong><\/p>\n<ul>\n<li><a href=\"https:\/\/swissmentalhealthcare.ch\/smhc\/wp-content\/uploads\/2026\/03\/Groupe-politique-psychiatrie_Lettre-de-session_printemps-2026.pdf\">Lettre de session printemps<\/a> 2026<\/li>\n<\/ul>\n<p><strong>2024<\/strong><\/p>\n<ul>\n<li><a href=\"https:\/\/swissmentalhealthcare.ch\/smhc\/wp-content\/uploads\/2024\/07\/Lettre_de_session_Printemps_2024.pdf\">Lettre de session printemps<\/a> 2024<\/li>\n<\/ul>\n<p><strong>2023<\/strong><\/p>\n<ul>\n<li><a href=\"https:\/\/swissmentalhealthcare.ch\/smhc\/wp-content\/uploads\/2024\/07\/Lettre_de_session_Printemps_2023.pdf\">Lettre de session printemps<\/a> 2023<\/li>\n<li><a href=\"https:\/\/swissmentalhealthcare.ch\/smhc\/wp-content\/uploads\/2024\/07\/Lettre_de_session_Automne_2023-1.pdf\">Lettre de session automne<\/a> 2023<\/li>\n<\/ul>\n<p><strong>2022<\/strong><\/p>\n<ul>\n<li><a href=\"https:\/\/swissmentalhealthcare.ch\/smhc\/wp-content\/uploads\/2024\/07\/Lettre_de_session_Ete_2022.pdf\">Lettre de session \u00e9t\u00e9<\/a> 2022<\/li>\n<li><a href=\"https:\/\/swissmentalhealthcare.ch\/smhc\/wp-content\/uploads\/2024\/07\/Lettre_de_session_Automne_2022.pdf\">Lettre de session automne<\/a> 2022<\/li>\n<li><a href=\"https:\/\/swissmentalhealthcare.ch\/smhc\/wp-content\/uploads\/2024\/07\/Lettre_de_session_Hiver_2022.pdf\">Lettre de session hiver<\/a> 2022<\/li>\n<\/ul>\n<p>&nbsp;<\/p>\n<p><strong>Prises de position<\/strong><\/p>\n<p><strong>2024<\/strong><\/p>\n<ul>\n<li><a href=\"https:\/\/swissmentalhealthcare.ch\/smhc\/wp-content\/uploads\/2024\/06\/FR_Positionspapier_Versorgung_def.pdf\">Les prestations psychiatriques et psychoth\u00e9rapeutiques doivent \u00eatre r\u00e9mun\u00e9r\u00e9es \u00e0 leur juste valeur<\/a> (mai 2024)<\/li>\n<li><a href=\"https:\/\/swissmentalhealthcare.ch\/smhc\/wp-content\/uploads\/2024\/06\/FR_Positionspapier_Tarifierung_def.pdf\">P\u00e9renniser les soins psychiatriques et psychoth\u00e9rapeutiques<\/a> \u00a0(mai 2024)<\/li>\n<\/ul>\n<p>&nbsp;<\/p>\n<p><strong>Anciens avis et prises de position<\/strong><\/p>\n<ul>\n<li><a href=\"https:\/\/swissmentalhealthcare.ch\/smhc\/wp-content\/uploads\/2019\/09\/R\u00e9ponse-\u00e0-la-consulation_1.pdf\">R\u00e9ponse \u00e0 la consulation<\/a><\/li>\n<li><a href=\"https:\/\/swissmentalhealthcare.ch\/smhc\/wp-content\/uploads\/2019\/09\/SMHC-Positionspapier-KAM_2019-08-31_final_FR_13199-mots-cibles.pdf\" target=\"_blank\" rel=\"noopener\">Prise de position &#8211; mod\u00e8le de prescription<\/a><\/li>\n<li><a href=\"https:\/\/swissmentalhealthcare.ch\/smhc\/wp-content\/uploads\/2017\/06\/F_2014-03-26-GesBG-Stellungnahme.pdf\" target=\"_blank\" rel=\"noopener\"><img loading=\"lazy\" decoding=\"async\" class=\"alignnone size-full wp-image-134\" src=\"https:\/\/swissmentalhealthcare.ch\/smhc\/wp-content\/uploads\/2017\/06\/p_d_f_kl.png\" alt=\"\" width=\"12\" height=\"15\" \/>\u00a0H+ Prise de position: Consultation relative \u00e0 la loi f\u00e9d\u00e9rale sur les professions de la sant\u00e9<\/a><\/li>\n<li><a href=\"https:\/\/swissmentalhealthcare.ch\/smhc\/wp-content\/uploads\/2017\/06\/f_Dringliche-Sparmassnahmen.pdf\" target=\"_blank\" rel=\"noopener\"><img loading=\"lazy\" decoding=\"async\" class=\"alignnone size-full wp-image-134\" src=\"https:\/\/swissmentalhealthcare.ch\/smhc\/wp-content\/uploads\/2017\/06\/p_d_f_kl.png\" alt=\"\" width=\"12\" height=\"15\" \/>\u00a0Mesure\u00a0 d\u2019\u00e9conomie urgentes : quote-part diff\u00e9renci\u00e9e pour les institutions psychiatriques, novembre 2009<\/a><\/li>\n<\/ul>\n","protected":false},"excerpt":{"rendered":"<p>Lettres de session\u00a0\u00a0 2026 Lettre de session printemps 2026 2024 Lettre de session printemps 2024 2023 Lettre de session printemps 2023 Lettre de session automne 2023 2022 Lettre de session \u00e9t\u00e9 2022 Lettre de session automne 2022 Lettre de session hiver 2022 &nbsp; Prises de position 2024 Les prestations psychiatriques et psychoth\u00e9rapeutiques doivent \u00eatre r\u00e9mun\u00e9r\u00e9es &#8230; <a title=\"Positions SMHC\" class=\"read-more\" href=\"https:\/\/swissmentalhealthcare.ch\/smhc\/fr\/vernehmlassungen\/\" aria-label=\"En savoir plus sur Positions SMHC\">&gt;&gt;&gt;<\/a><\/p>\n","protected":false},"author":1,"featured_media":25,"parent":0,"menu_order":30,"comment_status":"closed","ping_status":"closed","template":"","meta":{"generate_page_header":"","footnotes":""},"class_list":{"0":"post-24","1":"page","2":"type-page","3":"status-publish","4":"has-post-thumbnail","6":"infinite-scroll-item"},"translation":{"provider":"WPGlobus","version":"3.0.2","language":"fr","enabled_languages":["de","fr"],"languages":{"de":{"title":true,"content":true,"excerpt":false},"fr":{"title":true,"content":true,"excerpt":false}}},"_links":{"self":[{"href":"https:\/\/swissmentalhealthcare.ch\/smhc\/fr\/wp-json\/wp\/v2\/pages\/24","targetHints":{"allow":["GET"]}}],"collection":[{"href":"https:\/\/swissmentalhealthcare.ch\/smhc\/fr\/wp-json\/wp\/v2\/pages"}],"about":[{"href":"https:\/\/swissmentalhealthcare.ch\/smhc\/fr\/wp-json\/wp\/v2\/types\/page"}],"author":[{"embeddable":true,"href":"https:\/\/swissmentalhealthcare.ch\/smhc\/fr\/wp-json\/wp\/v2\/users\/1"}],"replies":[{"embeddable":true,"href":"https:\/\/swissmentalhealthcare.ch\/smhc\/fr\/wp-json\/wp\/v2\/comments?post=24"}],"version-history":[{"count":50,"href":"https:\/\/swissmentalhealthcare.ch\/smhc\/fr\/wp-json\/wp\/v2\/pages\/24\/revisions"}],"predecessor-version":[{"id":3178,"href":"https:\/\/swissmentalhealthcare.ch\/smhc\/fr\/wp-json\/wp\/v2\/pages\/24\/revisions\/3178"}],"wp:featuredmedia":[{"embeddable":true,"href":"https:\/\/swissmentalhealthcare.ch\/smhc\/fr\/wp-json\/wp\/v2\/media\/25"}],"wp:attachment":[{"href":"https:\/\/swissmentalhealthcare.ch\/smhc\/fr\/wp-json\/wp\/v2\/media?parent=24"}],"curies":[{"name":"wp","href":"https:\/\/api.w.org\/{rel}","templated":true}]}}