{"id":20,"date":"2018-12-10T08:31:26","date_gmt":"2018-12-10T08:31:26","guid":{"rendered":"http:\/\/swissmentalhealthcare.ch\/smhc\/?page_id=20"},"modified":"2026-01-22T09:02:39","modified_gmt":"2026-01-22T09:02:39","slug":"home","status":"publish","type":"page","link":"https:\/\/swissmentalhealthcare.ch\/smhc\/fr\/","title":{"rendered":""},"content":{"rendered":"<h1><span style=\"font-size: 24px;\"><strong>NOUS D\u00c9M\u00c9NAGEONS | d\u00e8s 1er mars: <\/strong>Bollwerk 15, 3011 Berne<\/span><\/h1>\n<h1>Bienvenue sur le site de Swiss Mental Healthcare<\/h1>\n<p>Swiss Mental Healthcare est une association regroupant les cliniques et h\u00f4pitaux psychiatriques dans l\u2019ensemble de la Suisse. Elle entend occuper un r\u00f4le d\u2019interlocuteur entre la psychiatrie institutionnelle et l\u2019ensemble des acteurs travaillant dans le domaine de la sant\u00e9.<\/p>\n<p>Swiss Mental Healthcare vise \u00e0 assurer la repr\u00e9sentation des int\u00e9r\u00eats, pr\u00e9alablement d\u00e9termin\u00e9s en commun, des cliniques et des h\u00f4pitaux psychiatriques en Suisse, dans le but de fournir des soins psychiatriques et psychoth\u00e9rapeutiques hospitaliers, semi-hospitaliers et ambulatoires efficaces et de qualit\u00e9.<\/p>\n<p>Swiss Mental Healthcare sert de plateforme d\u2019information et de coordination pour ses membres.<\/p>\n","protected":false},"excerpt":{"rendered":"<p>NOUS D\u00c9M\u00c9NAGEONS | d\u00e8s 1er mars: Bollwerk 15, 3011 Berne Bienvenue sur le site de Swiss Mental Healthcare Swiss Mental Healthcare est une association regroupant les cliniques et h\u00f4pitaux psychiatriques dans l\u2019ensemble de la Suisse. Elle entend occuper un r\u00f4le d\u2019interlocuteur entre la psychiatrie institutionnelle et l\u2019ensemble des acteurs travaillant dans le domaine de la &#8230; <a title=\"\" class=\"read-more\" href=\"https:\/\/swissmentalhealthcare.ch\/smhc\/fr\/\" aria-label=\"En savoir plus sur \">&gt;&gt;&gt;<\/a><\/p>\n","protected":false},"author":1,"featured_media":21,"parent":0,"menu_order":10,"comment_status":"closed","ping_status":"closed","template":"","meta":{"generate_page_header":"","footnotes":""},"class_list":{"0":"post-20","1":"page","2":"type-page","3":"status-publish","4":"has-post-thumbnail","6":"infinite-scroll-item"},"translation":{"provider":"WPGlobus","version":"3.0.2","language":"fr","enabled_languages":["de","fr"],"languages":{"de":{"title":false,"content":true,"excerpt":false},"fr":{"title":false,"content":true,"excerpt":false}}},"_links":{"self":[{"href":"https:\/\/swissmentalhealthcare.ch\/smhc\/fr\/wp-json\/wp\/v2\/pages\/20","targetHints":{"allow":["GET"]}}],"collection":[{"href":"https:\/\/swissmentalhealthcare.ch\/smhc\/fr\/wp-json\/wp\/v2\/pages"}],"about":[{"href":"https:\/\/swissmentalhealthcare.ch\/smhc\/fr\/wp-json\/wp\/v2\/types\/page"}],"author":[{"embeddable":true,"href":"https:\/\/swissmentalhealthcare.ch\/smhc\/fr\/wp-json\/wp\/v2\/users\/1"}],"replies":[{"embeddable":true,"href":"https:\/\/swissmentalhealthcare.ch\/smhc\/fr\/wp-json\/wp\/v2\/comments?post=20"}],"version-history":[{"count":57,"href":"https:\/\/swissmentalhealthcare.ch\/smhc\/fr\/wp-json\/wp\/v2\/pages\/20\/revisions"}],"predecessor-version":[{"id":3141,"href":"https:\/\/swissmentalhealthcare.ch\/smhc\/fr\/wp-json\/wp\/v2\/pages\/20\/revisions\/3141"}],"wp:featuredmedia":[{"embeddable":true,"href":"https:\/\/swissmentalhealthcare.ch\/smhc\/fr\/wp-json\/wp\/v2\/media\/21"}],"wp:attachment":[{"href":"https:\/\/swissmentalhealthcare.ch\/smhc\/fr\/wp-json\/wp\/v2\/media?parent=20"}],"curies":[{"name":"wp","href":"https:\/\/api.w.org\/{rel}","templated":true}]}}