{"id":1869,"date":"2021-06-03T20:22:47","date_gmt":"2021-06-03T20:22:47","guid":{"rendered":"https:\/\/swissmentalhealthcare.ch\/smhc\/?page_id=1869"},"modified":"2021-06-03T20:22:47","modified_gmt":"2021-06-03T20:22:47","slug":"angehoerige","status":"publish","type":"page","link":"https:\/\/swissmentalhealthcare.ch\/smhc\/fr\/angehoerige\/","title":{"rendered":"Angeh\u00f6rige"},"content":{"rendered":"<p>Suchen Sie Unterst\u00fctzung und Hilfe als Angeh\u00f6riger ?<\/p>\n<p>Ist jemand in Ihrer Familie psychisch erkrankt, haben Sie Fragen zur Erkrankung? Wissen Sie nicht, ob und wie Sie jemanden auf sein Verhalten ansprechen sollen? Haben Sie Sorge, ob jemand sich selbst etwas antut? Sind Sie unsicher, was die Erkrankung eines nahestehenden Menschen f\u00fcr Sie selbst bedeutet?<\/p>\n<p>Z\u00f6gern Sie nicht und rufen Sie die Angeh\u00f6rigenberatungsstelle in Ihrer N\u00e4he an, schreiben Sie eine E-Mail oder vereinbaren Sie einen kostenlosen Termin. Auch wenn der erkrankte Mensch in ihrem Umfeld nicht in der betreffenden Institution oder in keiner Behandlung ist, sind wir f\u00fcr Sie da.<\/p>\n<p><strong><a href=\"https:\/\/www.angehoerige.ch\/angebote-fuer-angehoerige\/angehoerigenberatung\" target=\"_blank\" rel=\"noopener\">Netzwerk NAP<\/a><\/strong><\/p>\n<p>Auf der untenstehenden Karte finden Sie die Anlaufstelle in Ihrer N\u00e4he. Bitte beachten Sie, dass die Angeh\u00f6rigenberatungsstellen keine Notfalleinrichtungen und nur beschr\u00e4nkt erreichbar sind.<\/p>\n","protected":false},"excerpt":{"rendered":"<p>Suchen Sie Unterst\u00fctzung und Hilfe als Angeh\u00f6riger ? Ist jemand in Ihrer Familie psychisch erkrankt, haben Sie Fragen zur Erkrankung? Wissen Sie nicht, ob und wie Sie jemanden auf sein Verhalten ansprechen sollen? Haben Sie Sorge, ob jemand sich selbst etwas antut? Sind Sie unsicher, was die Erkrankung eines nahestehenden Menschen f\u00fcr Sie selbst bedeutet? &#8230; <a title=\"Angeh\u00f6rige\" class=\"read-more\" href=\"https:\/\/swissmentalhealthcare.ch\/smhc\/fr\/angehoerige\/\" aria-label=\"En savoir plus sur Angeh\u00f6rige\">&gt;&gt;&gt;<\/a><\/p>\n","protected":false},"author":1,"featured_media":0,"parent":0,"menu_order":0,"comment_status":"closed","ping_status":"closed","template":"","meta":{"generate_page_header":"","footnotes":""},"class_list":{"0":"post-1869","1":"page","2":"type-page","3":"status-publish","5":"infinite-scroll-item"},"translation":{"provider":"WPGlobus","version":"3.0.2","language":"fr","enabled_languages":["de","fr"],"languages":{"de":{"title":true,"content":true,"excerpt":false},"fr":{"title":false,"content":false,"excerpt":false}}},"_links":{"self":[{"href":"https:\/\/swissmentalhealthcare.ch\/smhc\/fr\/wp-json\/wp\/v2\/pages\/1869","targetHints":{"allow":["GET"]}}],"collection":[{"href":"https:\/\/swissmentalhealthcare.ch\/smhc\/fr\/wp-json\/wp\/v2\/pages"}],"about":[{"href":"https:\/\/swissmentalhealthcare.ch\/smhc\/fr\/wp-json\/wp\/v2\/types\/page"}],"author":[{"embeddable":true,"href":"https:\/\/swissmentalhealthcare.ch\/smhc\/fr\/wp-json\/wp\/v2\/users\/1"}],"replies":[{"embeddable":true,"href":"https:\/\/swissmentalhealthcare.ch\/smhc\/fr\/wp-json\/wp\/v2\/comments?post=1869"}],"version-history":[{"count":2,"href":"https:\/\/swissmentalhealthcare.ch\/smhc\/fr\/wp-json\/wp\/v2\/pages\/1869\/revisions"}],"predecessor-version":[{"id":2398,"href":"https:\/\/swissmentalhealthcare.ch\/smhc\/fr\/wp-json\/wp\/v2\/pages\/1869\/revisions\/2398"}],"wp:attachment":[{"href":"https:\/\/swissmentalhealthcare.ch\/smhc\/fr\/wp-json\/wp\/v2\/media?parent=1869"}],"curies":[{"name":"wp","href":"https:\/\/api.w.org\/{rel}","templated":true}]}}