{"id":179,"date":"2017-06-16T06:33:47","date_gmt":"2017-06-16T06:33:47","guid":{"rendered":"http:\/\/swissmentalhealthcare.ch\/smhc\/?page_id=179"},"modified":"2021-04-19T09:47:45","modified_gmt":"2021-04-19T09:47:45","slug":"zahlen-und-fakten","status":"publish","type":"page","link":"https:\/\/swissmentalhealthcare.ch\/smhc\/fr\/zahlen-und-fakten\/","title":{"rendered":"Faits et chiffres"},"content":{"rendered":"<p><a href=\"https:\/\/swissmentalhealthcare.ch\/smhc\/wp-content\/uploads\/2017\/06\/f_nationale_strategie_2004.pdf\" target=\"_blank\" rel=\"noopener\"><img loading=\"lazy\" decoding=\"async\" class=\"alignnone size-full wp-image-134\" src=\"https:\/\/swissmentalhealthcare.ch\/smhc\/wp-content\/uploads\/2017\/06\/p_d_f_kl.png\" alt=\"\" width=\"12\" height=\"15\" \/>\u00a0Strat\u00e9gie nationale visant \u00e0 prot\u00e9ger, promouvoir, maintenir et r\u00e9tablir la sant\u00e9 psychique de la population suisse. Projet destin\u00e9 aux prises de position, Politique nationale de la sant\u00e9, f\u00e9vrier 2004<\/a><\/p>\n<p><a href=\"https:\/\/swissmentalhealthcare.ch\/smhc\/wp-content\/uploads\/2017\/06\/WHO_f.pdf\" target=\"_blank\" rel=\"noopener\"><img loading=\"lazy\" decoding=\"async\" class=\"alignnone size-full wp-image-134\" src=\"https:\/\/swissmentalhealthcare.ch\/smhc\/wp-content\/uploads\/2017\/06\/p_d_f_kl.png\" alt=\"\" width=\"12\" height=\"15\" \/>\u00a0Conf\u00e9rence minist\u00e9rielle europ\u00e9enne OMS-Europe sur la sant\u00e9 mentale issue du \u00abPlan d\u2019action sur la sant\u00e9 mentale pour l\u2019Europe. Relever les d\u00e9fis, trouver des solutions\u00bb &#8211; 2005<\/a><\/p>\n<p><a href=\"https:\/\/swissmentalhealthcare.ch\/smhc\/wp-content\/uploads\/2017\/06\/GDK-Psychiatrieplanung8-f.pdf\" target=\"_blank\" rel=\"noopener\"><img loading=\"lazy\" decoding=\"async\" class=\"alignnone size-full wp-image-134\" src=\"https:\/\/swissmentalhealthcare.ch\/smhc\/wp-content\/uploads\/2017\/06\/p_d_f_kl.png\" alt=\"\" width=\"12\" height=\"15\" \/>\u00a0Guide \u00abPlanification de la psychiatrie\u00bb<\/a><\/p>\n<p><a href=\"https:\/\/swissmentalhealthcare.ch\/smhc\/wp-content\/uploads\/2017\/06\/Spitalplanung_GDK.pdf\" target=\"_blank\" rel=\"noopener\"><img loading=\"lazy\" decoding=\"async\" class=\"alignnone size-full wp-image-134\" src=\"https:\/\/swissmentalhealthcare.ch\/smhc\/wp-content\/uploads\/2017\/06\/p_d_f_kl.png\" alt=\"\" width=\"12\" height=\"15\" \/>\u00a0Rapports du groupe de travail \u00abPlanification hospitali\u00e8re\u00bb, CDS\/CDK<\/a><\/p>\n<p><a href=\"https:\/\/swissmentalhealthcare.ch\/smhc\/wp-content\/uploads\/2017\/06\/Aktionsplan_2007_2012_Lausanne.pdf\" target=\"_blank\" rel=\"noopener\"><img loading=\"lazy\" decoding=\"async\" class=\"alignnone size-full wp-image-134\" src=\"https:\/\/swissmentalhealthcare.ch\/smhc\/wp-content\/uploads\/2017\/06\/p_d_f_kl.png\" alt=\"\" width=\"12\" height=\"15\" \/>\u00a0Politique en sant\u00e9 mentale du Canton de Vaud, Plan d&rsquo;action 2007 \u2013 2012, Service de la sant\u00e9 publique, D\u00e9partement de la sant\u00e9 et de l\u2019action sociale<\/a><\/p>\n<p><a href=\"https:\/\/swissmentalhealthcare.ch\/smhc\/wp-content\/uploads\/2017\/06\/d_f_Arbeitsdokument-33.pdf\" target=\"_blank\" rel=\"noopener\"><img loading=\"lazy\" decoding=\"async\" class=\"alignnone size-full wp-image-134\" src=\"https:\/\/swissmentalhealthcare.ch\/smhc\/wp-content\/uploads\/2017\/06\/p_d_f_kl.png\" alt=\"\" width=\"12\" height=\"15\" \/>\u00a0Laurence Seematter-Bagnoud, Julien Junod, H\u00e9l\u00e8ne Jaccard Ruedin, Maik Roth, Claudia Foletti, Brigitte Santos-Eggimann. Offre et recours aux soins m\u00e9dicaux ambulatoires en Suisse &#8211; Projections \u00e0 l\u2019horizon 2030. Document de travail 33. Juillet 2008. Observatoire suisse de la sant\u00e9, Neuch\u00e2tel &amp; Institut Universitaire de M\u00e9decine Sociale et Pr\u00e9ventive, Lausanne, p. 88<\/a><\/p>\n<p><a href=\"https:\/\/swissmentalhealthcare.ch\/smhc\/wp-content\/uploads\/2017\/06\/Roger_Krueger_LAMAL.pdf\" target=\"_blank\" rel=\"noopener\"><img loading=\"lazy\" decoding=\"async\" class=\"alignnone size-full wp-image-134\" src=\"https:\/\/swissmentalhealthcare.ch\/smhc\/wp-content\/uploads\/2017\/06\/p_d_f_kl.png\" alt=\"\" width=\"12\" height=\"15\" \/>\u00a0Kr\u00fcger R. Application de l&rsquo;article 39 LAMAL: Planification hospitali\u00e8re. Cadre global et \u00e9tude de la m\u00e9thodologie d&rsquo;\u00e9valuation des capacit\u00e9s hospitali\u00e8res futures n\u00e9cessaires. Travail de m\u00e9moire, novembre 1998. Rapporteur: Professeur Antoine Gualtierotti Institut de Hautes Etudes en Administration Publique \u2013 IDHEAP UER: Aide \u00e0 la d\u00e9cision Discussion paper de l&rsquo;IDHEAP no 16\/1998, p.11<\/a><\/p>\n","protected":false},"excerpt":{"rendered":"<p>\u00a0Strat\u00e9gie nationale visant \u00e0 prot\u00e9ger, promouvoir, maintenir et r\u00e9tablir la sant\u00e9 psychique de la population suisse. Projet destin\u00e9 aux prises de position, Politique nationale de la sant\u00e9, f\u00e9vrier 2004 \u00a0Conf\u00e9rence minist\u00e9rielle europ\u00e9enne OMS-Europe sur la sant\u00e9 mentale issue du \u00abPlan d\u2019action sur la sant\u00e9 mentale pour l\u2019Europe. Relever les d\u00e9fis, trouver des solutions\u00bb &#8211; 2005 &#8230; <a title=\"Faits et chiffres\" class=\"read-more\" href=\"https:\/\/swissmentalhealthcare.ch\/smhc\/fr\/zahlen-und-fakten\/\" aria-label=\"En savoir plus sur Faits et chiffres\">&gt;&gt;&gt;<\/a><\/p>\n","protected":false},"author":1,"featured_media":367,"parent":0,"menu_order":50,"comment_status":"closed","ping_status":"closed","template":"","meta":{"generate_page_header":"","footnotes":""},"class_list":{"0":"post-179","1":"page","2":"type-page","3":"status-publish","4":"has-post-thumbnail","6":"infinite-scroll-item"},"translation":{"provider":"WPGlobus","version":"3.0.2","language":"fr","enabled_languages":["de","fr"],"languages":{"de":{"title":true,"content":true,"excerpt":false},"fr":{"title":true,"content":true,"excerpt":false}}},"_links":{"self":[{"href":"https:\/\/swissmentalhealthcare.ch\/smhc\/fr\/wp-json\/wp\/v2\/pages\/179","targetHints":{"allow":["GET"]}}],"collection":[{"href":"https:\/\/swissmentalhealthcare.ch\/smhc\/fr\/wp-json\/wp\/v2\/pages"}],"about":[{"href":"https:\/\/swissmentalhealthcare.ch\/smhc\/fr\/wp-json\/wp\/v2\/types\/page"}],"author":[{"embeddable":true,"href":"https:\/\/swissmentalhealthcare.ch\/smhc\/fr\/wp-json\/wp\/v2\/users\/1"}],"replies":[{"embeddable":true,"href":"https:\/\/swissmentalhealthcare.ch\/smhc\/fr\/wp-json\/wp\/v2\/comments?post=179"}],"version-history":[{"count":6,"href":"https:\/\/swissmentalhealthcare.ch\/smhc\/fr\/wp-json\/wp\/v2\/pages\/179\/revisions"}],"predecessor-version":[{"id":1858,"href":"https:\/\/swissmentalhealthcare.ch\/smhc\/fr\/wp-json\/wp\/v2\/pages\/179\/revisions\/1858"}],"wp:featuredmedia":[{"embeddable":true,"href":"https:\/\/swissmentalhealthcare.ch\/smhc\/fr\/wp-json\/wp\/v2\/media\/367"}],"wp:attachment":[{"href":"https:\/\/swissmentalhealthcare.ch\/smhc\/fr\/wp-json\/wp\/v2\/media?parent=179"}],"curies":[{"name":"wp","href":"https:\/\/api.w.org\/{rel}","templated":true}]}}