{"id":166,"date":"2017-06-15T10:12:44","date_gmt":"2017-06-15T10:12:44","guid":{"rendered":"http:\/\/swissmentalhealthcare.ch\/smhc\/?page_id=166"},"modified":"2026-03-13T08:33:44","modified_gmt":"2026-03-13T08:33:44","slug":"kontakt","status":"publish","type":"page","link":"https:\/\/swissmentalhealthcare.ch\/smhc\/fr\/kontakt\/","title":{"rendered":"Contact"},"content":{"rendered":"<p>Secr\u00e9tariat SMHC<br \/>\nBollwerk 15<br \/>\nCase postale<br \/>\n3001 Berne<\/p>\n<p><a href=\"mailto:welcome@swissmentalhealthcare.ch\">welcome@swissmentalhealthcare.ch<\/a><\/p>\n<p><strong>Nous sommes joignables<\/strong><br \/>\ndu lundi au vendredi, de 8h \u00e012h et de 13h30 \u00e0 16h30<br \/>\nt\u00e9l. <a href=\"tel:+41313138849\">031 313 88 49<\/a><\/p>\n<p><iframe loading=\"lazy\" style=\"border: 0;\" src=\"https:\/\/www.google.com\/maps\/embed?pb=!1m18!1m12!1m3!1d2723.629060808866!2d7.438191576670735!3d46.949329133133304!2m3!1f0!2f0!3f0!3m2!1i1024!2i768!4f13.1!3m3!1m2!1s0x478e39bf153190bf%3A0x71887daa2be3ae80!2sBollwerk%2015%2C%203011%20Bern%2C%20Schweiz!5e0!3m2!1sde!2sie!4v1773167005314!5m2!1sde!2sie\" width=\"1200\" height=\"500\" allowfullscreen=\"allowfullscreen\"><span data-mce-type=\"bookmark\" style=\"display: inline-block; width: 0px; overflow: hidden; line-height: 0;\" class=\"mce_SELRES_start\">\ufeff<\/span><\/iframe><\/p>\n","protected":false},"excerpt":{"rendered":"<p>Secr\u00e9tariat SMHC Bollwerk 15 Case postale 3001 Berne welcome@swissmentalhealthcare.ch Nous sommes joignables du lundi au vendredi, de 8h \u00e012h et de 13h30 \u00e0 16h30 t\u00e9l. 031 313 88 49 \ufeff<\/p>\n","protected":false},"author":1,"featured_media":167,"parent":0,"menu_order":90,"comment_status":"closed","ping_status":"closed","template":"","meta":{"generate_page_header":"","footnotes":""},"class_list":{"0":"post-166","1":"page","2":"type-page","3":"status-publish","4":"has-post-thumbnail","6":"infinite-scroll-item"},"translation":{"provider":"WPGlobus","version":"3.0.2","language":"fr","enabled_languages":["de","fr"],"languages":{"de":{"title":true,"content":true,"excerpt":false},"fr":{"title":true,"content":true,"excerpt":false}}},"_links":{"self":[{"href":"https:\/\/swissmentalhealthcare.ch\/smhc\/fr\/wp-json\/wp\/v2\/pages\/166","targetHints":{"allow":["GET"]}}],"collection":[{"href":"https:\/\/swissmentalhealthcare.ch\/smhc\/fr\/wp-json\/wp\/v2\/pages"}],"about":[{"href":"https:\/\/swissmentalhealthcare.ch\/smhc\/fr\/wp-json\/wp\/v2\/types\/page"}],"author":[{"embeddable":true,"href":"https:\/\/swissmentalhealthcare.ch\/smhc\/fr\/wp-json\/wp\/v2\/users\/1"}],"replies":[{"embeddable":true,"href":"https:\/\/swissmentalhealthcare.ch\/smhc\/fr\/wp-json\/wp\/v2\/comments?post=166"}],"version-history":[{"count":15,"href":"https:\/\/swissmentalhealthcare.ch\/smhc\/fr\/wp-json\/wp\/v2\/pages\/166\/revisions"}],"predecessor-version":[{"id":3195,"href":"https:\/\/swissmentalhealthcare.ch\/smhc\/fr\/wp-json\/wp\/v2\/pages\/166\/revisions\/3195"}],"wp:featuredmedia":[{"embeddable":true,"href":"https:\/\/swissmentalhealthcare.ch\/smhc\/fr\/wp-json\/wp\/v2\/media\/167"}],"wp:attachment":[{"href":"https:\/\/swissmentalhealthcare.ch\/smhc\/fr\/wp-json\/wp\/v2\/media?parent=166"}],"curies":[{"name":"wp","href":"https:\/\/api.w.org\/{rel}","templated":true}]}}