{"id":104,"date":"2017-06-14T11:26:41","date_gmt":"2017-06-14T11:26:41","guid":{"rendered":"http:\/\/swissmentalhealthcare.ch\/smhc\/?page_id=104"},"modified":"2026-01-28T14:03:47","modified_gmt":"2026-01-28T14:03:47","slug":"geschaeftsstelle","status":"publish","type":"page","link":"https:\/\/swissmentalhealthcare.ch\/smhc\/fr\/portrait\/geschaeftsstelle\/","title":{"rendered":"\u00c9quipe"},"content":{"rendered":"<p>Lars Funk<\/p>\n<p>Secr\u00e9taire g\u00e9n\u00e9rale<\/p>\n<p>&nbsp;<\/p>\n<p>Margot Brusa<\/p>\n<p>Chef du bureau<\/p>\n","protected":false},"excerpt":{"rendered":"<p>Lars Funk Secr\u00e9taire g\u00e9n\u00e9rale &nbsp; Margot Brusa Chef du bureau<\/p>\n","protected":false},"author":1,"featured_media":61,"parent":60,"menu_order":64,"comment_status":"closed","ping_status":"closed","template":"","meta":{"generate_page_header":"","footnotes":""},"class_list":{"0":"post-104","1":"page","2":"type-page","3":"status-publish","4":"has-post-thumbnail","6":"infinite-scroll-item"},"translation":{"provider":"WPGlobus","version":"3.0.2","language":"fr","enabled_languages":["de","fr"],"languages":{"de":{"title":true,"content":true,"excerpt":false},"fr":{"title":true,"content":true,"excerpt":false}}},"_links":{"self":[{"href":"https:\/\/swissmentalhealthcare.ch\/smhc\/fr\/wp-json\/wp\/v2\/pages\/104","targetHints":{"allow":["GET"]}}],"collection":[{"href":"https:\/\/swissmentalhealthcare.ch\/smhc\/fr\/wp-json\/wp\/v2\/pages"}],"about":[{"href":"https:\/\/swissmentalhealthcare.ch\/smhc\/fr\/wp-json\/wp\/v2\/types\/page"}],"author":[{"embeddable":true,"href":"https:\/\/swissmentalhealthcare.ch\/smhc\/fr\/wp-json\/wp\/v2\/users\/1"}],"replies":[{"embeddable":true,"href":"https:\/\/swissmentalhealthcare.ch\/smhc\/fr\/wp-json\/wp\/v2\/comments?post=104"}],"version-history":[{"count":29,"href":"https:\/\/swissmentalhealthcare.ch\/smhc\/fr\/wp-json\/wp\/v2\/pages\/104\/revisions"}],"predecessor-version":[{"id":3161,"href":"https:\/\/swissmentalhealthcare.ch\/smhc\/fr\/wp-json\/wp\/v2\/pages\/104\/revisions\/3161"}],"up":[{"embeddable":true,"href":"https:\/\/swissmentalhealthcare.ch\/smhc\/fr\/wp-json\/wp\/v2\/pages\/60"}],"wp:featuredmedia":[{"embeddable":true,"href":"https:\/\/swissmentalhealthcare.ch\/smhc\/fr\/wp-json\/wp\/v2\/media\/61"}],"wp:attachment":[{"href":"https:\/\/swissmentalhealthcare.ch\/smhc\/fr\/wp-json\/wp\/v2\/media?parent=104"}],"curies":[{"name":"wp","href":"https:\/\/api.w.org\/{rel}","templated":true}]}}